{"id":5441,"date":"2017-03-18T05:41:57","date_gmt":"2017-03-18T09:41:57","guid":{"rendered":"http:\/\/cmim.sequencedigitale.com\/fr\/decouvrez-le-cmim\/competition-orchestra\/"},"modified":"2026-03-17T15:00:10","modified_gmt":"2026-03-17T19:00:10","slug":"orchestre-officiel","status":"publish","type":"page","link":"https:\/\/concoursmontreal.ca\/fr\/violon-2026\/orchestre-officiel\/","title":{"rendered":"Orchestre officiel"},"content":{"rendered":"<h2 style=\"text-align: left;\"><strong>Concours &#8211; Orchestre officiel du Concours<\/strong><\/h2>\n<p style=\"text-align: left;\"><img loading=\"lazy\" decoding=\"async\" class=\"aligncenter wp-image-41473 size-full\" src=\"\/wp-content\/uploads\/2025\/11\/2026-Violon_orchestre-officiel_header_1200x350.jpg\" alt=\"\" width=\"1200\" height=\"350\" srcset=\"\/wp-content\/uploads\/2025\/11\/2026-Violon_orchestre-officiel_header_1200x350.jpg 1200w, \/wp-content\/uploads\/2025\/11\/2026-Violon_orchestre-officiel_header_1200x350-768x224.jpg 768w\" sizes=\"auto, (max-width: 1200px) 100vw, 1200px\" \/><\/p>\n<p style=\"text-align: left;\"><span style=\"font-size: 16px;\"><strong>L\u2019<\/strong><a href=\"http:\/\/www.osm.ca\/fr\"><strong>Orchestre symphonique de Montr\u00e9al<\/strong><\/a> (OSM) est l\u2019<strong>orchestre officiel du Concours musical international de Montr\u00e9al<\/strong>. Il accompagne les concurrents lors de l\u2019\u00e9preuve finale \u00e0 la Maison symphonique de Montr\u00e9al.<\/span><\/p>\n<p style=\"text-align: left;\"><span style=\"font-size: 14px;\"><a href=\"http:\/\/www.osm.ca\/fr\" target=\"_blank\" rel=\"noopener\"><img loading=\"lazy\" decoding=\"async\" class=\"wp-image-9352 alignnone aligncenter\" src=\"\/wp-content\/uploads\/2019\/04\/Logo_OSM_2Lignes_RGB.png\" alt=\"\" width=\"200\" height=\"44\" srcset=\"\/wp-content\/uploads\/2019\/04\/Logo_OSM_2Lignes_RGB.png 1000w, \/wp-content\/uploads\/2019\/04\/Logo_OSM_2Lignes_RGB-768x167.png 768w\" sizes=\"auto, (max-width: 200px) 100vw, 200px\" \/><\/a><\/span><\/p>\n<p style=\"text-align: left;\"><span style=\"font-size: 14px;\">Pour l&rsquo;\u00e9dition Violon 2026,<span class=\"TextRun SCXW165481597 BCX0\" lang=\"FR-CA\" xml:lang=\"FR-CA\" data-contrast=\"auto\"><span class=\"NormalTextRun SCXW165481597 BCX0\"> le chef invit\u00e9 <a href=\"https:\/\/concoursmontreal.ca\/fr\/violon-2026\/chef\/\">Sascha Goetzel <\/a><\/span><\/span><span class=\"TextRun SCXW165481597 BCX0\" lang=\"FR-CA\" xml:lang=\"FR-CA\" data-contrast=\"auto\"><span class=\"NormalTextRun SCXW165481597 BCX0\">dirigera les musiciens de l&rsquo;OSM.<\/span><\/span><\/span><\/p>\n<p style=\"text-align: left;\"><span style=\"font-size: 14px;\"><a class=\"maxbutton-185 maxbutton maxbutton-concours-2026-fr\" href=\"https:\/\/concoursmontreal.ca\/fr\/violon-2026\/\"><span class='mb-text'>ACCUEIL - CONCOURS 2026<\/span><\/a> <\/span><\/p>\n<p style=\"text-align: left;\">Fond\u00e9 en 1934 par Antonia Nantel, Wilfrid Pelletier et Athanase David, l\u2019Orchestre symphonique de Montr\u00e9al (OSM) rayonne \u00e0 titre de chef de file de la vie musicale qu\u00e9b\u00e9coise et canadienne. Reconnu comme un orchestre de renomm\u00e9e mondiale, il est un ambassadeur culturel de premier plan et re\u00e7oit \u00e0 la Maison symphonique de Montr\u00e9al les plus grands chefs et solistes de la sc\u00e8ne internationale. Sous la direction du chef d\u2019orchestre v\u00e9n\u00e9zu\u00e9lien Rafael Payare, l\u2019OSM poursuit sa riche tradition fa\u00e7onn\u00e9e gr\u00e2ce \u00e0 son engagement dans la soci\u00e9t\u00e9, l\u2019envergure de ses projets, l\u2019ensemble de ses tourn\u00e9es et la qualit\u00e9 de ses enregistrements.<\/p>\n<p style=\"text-align: left;\">Les saisons de l\u2019OSM se dessinent en plus de 100 concerts \u00e0 la Maison symphonique et en divers lieux. Aux concerts r\u00e9guliers s\u2019ajoutent de nombreuses s\u00e9ries : concerts avec le Ch\u0153ur de l\u2019OSM, concerts pour les familles, \u00e9v\u00e9nements \u00ab \u00e9clat\u00e9s \u00bb, concerts OSM Pop, musique de chambre, r\u00e9citals au majestueux Grand Orgue Pierre-B\u00e9ique, contes musicaux, concerts du temps des f\u00eates et \u00e9v\u00e9nements cin\u00e9ma et musique, enrichissant la vie culturelle de rencontres d\u2019exception. La multiplicit\u00e9 des \u00e9v\u00e9nements musicaux se poursuit l\u2019\u00e9t\u00e9 avec des concerts gratuits dans les parcs, des prestations dans le cadre de festivals et la riche programmation de son propre festival, la Vir\u00e9e classique. Unique en Am\u00e9rique du Nord, la Vir\u00e9e classique OSM rassemble pendant plusieurs jours des publics de tous les horizons. Concerts en salle ou gratuits, agr\u00e9ment\u00e9s d\u2019une foule d\u2019activit\u00e9s, font de cet \u00e9v\u00e9nement une v\u00e9ritable f\u00eate de la musique classique en plein centre-ville de Montr\u00e9al. Ancr\u00e9 dans le monde d\u2019aujourd\u2019hui, l\u2019OSM actualise le r\u00e9pertoire symphonique tout en consolidant sa place au sein de la m\u00e9tropole qu\u00e9b\u00e9coise, soulignant les \u00e9v\u00e9nements marquants de son histoire et commandant des \u0153uvres aux compositeurs d\u2019ici et d\u2019ailleurs.<\/p>\n<p style=\"text-align: left;\">L\u2019OSM brille d\u2019un parcours empreint d\u2019une cinquantaine de tourn\u00e9es en plus de nombreux concerts au Canada et \u00e0 l\u2019\u00e9tranger. Lors de sa premi\u00e8re tourn\u00e9e en Europe en 1962, sous la direction de Zubin Mehta, l\u2019Orchestre visite Vienne, Paris, Moscou, Kiev et L\u00e9ningrad, une premi\u00e8re pour un orchestre canadien. Depuis, l\u2019OSM s\u2019est produit en Chine, au Japon, en Cor\u00e9e du Sud, dans plusieurs pays d\u2019Europe et d\u2019Am\u00e9rique latine ainsi qu\u2019aux \u00c9tats-Unis.<\/p>\n<p style=\"text-align: left;\">La discographie de l\u2019OSM comprend plus d\u2019une centaine d\u2019enregistrements sous les \u00e9tiquettes Decca, Analekta, CBC Records, ECM, EMI, Philips, Sony et Pentatone. Elle ouvre la voie \u00e0 de nouvelles exp\u00e9riences pour les m\u00e9lomanes en proposant des \u0153uvres m\u00e9connues comme A Quiet Place de Leonard Bernstein \u2013 l\u2019OSM r\u00e9alise le premier enregistrement de la version de chambre, avec une premi\u00e8re traduction fran\u00e7aise du livret \u2013, L\u2019Aiglon d\u2019Honegger et Ibert, Mann Varjot de la compositrice finlandaise Kaija Saariaho, ainsi qu\u2019un album consacr\u00e9 aux \u0153uvres de la compositrice sud-cor\u00e9enne Unsuk Chin. L\u2019OSM laisse \u00e9galement sa marque en gravant sur disques des classiques du r\u00e9pertoire. Jouissant d\u2019une reconnaissance internationale aupr\u00e8s des plus prestigieuses organisations en musique classique, ces enregistrements ont permis \u00e0 l\u2019Orchestre de remporter au-del\u00e0 de 110 prix nationaux et internationaux.<\/p>\n<p style=\"text-align: left;\"><span style=\"font-size: 14px;\"><strong><a href=\"https:\/\/www.osm.ca\/fr\/musiciens\/\" target=\"_blank\" rel=\"noopener\">LES MUSICIENS DE L&rsquo;OSM<\/a><\/strong><\/span><\/p>\n<h4 style=\"text-align: center;\"><span style=\"font-size: 14px;\">* * *<\/span><\/h4>\n<p>&nbsp;<\/p>\n<h3 style=\"text-align: left;\"><span style=\"font-size: 14px;\">Les laur\u00e9ats de l&rsquo;\u00e9dition Piano 2014 parlent de leur exp\u00e9rience au <strong>Concours musical international de Montr\u00e9al<\/strong> et de leur Finale avec l&rsquo;Orchestre symphonique de Montr\u00e9al.<\/span><\/h3>\n<p>&nbsp;<\/p>\n<p style=\"text-align: center;\"><iframe loading=\"lazy\"  id=\"_ytid_54254\"  width=\"490\" height=\"276\"  data-origwidth=\"490\" data-origheight=\"276\" src=\"https:\/\/www.youtube.com\/embed\/ncyGQtyNnwE?enablejsapi=1&autoplay=0&cc_load_policy=0&cc_lang_pref=&iv_load_policy=1&loop=0&rel=1&fs=1&playsinline=0&autohide=2&theme=dark&color=red&controls=1&disablekb=0&\" class=\"__youtube_prefs__  no-lazyload\" title=\"YouTube player\"  allow=\"fullscreen; accelerometer; autoplay; clipboard-write; encrypted-media; gyroscope; picture-in-picture; web-share\" referrerpolicy=\"strict-origin-when-cross-origin\" allowfullscreen data-no-lazy=\"1\" data-skipgform_ajax_framebjll=\"\"><\/iframe><\/p>\n<p style=\"text-align: center;\">\u00a0<\/p>\n<p>&nbsp;<\/p>\n<a class=\"maxbutton-185 maxbutton maxbutton-concours-2026-fr\" href=\"https:\/\/concoursmontreal.ca\/fr\/violon-2026\/\"><span class='mb-text'>ACCUEIL - CONCOURS 2026<\/span><\/a>\n<p>\u00a0 \u00a0<br \/>\n<a class=\"maxbutton-141 maxbutton maxbutton-billets-et-forfaits\" href=\"https:\/\/www.concoursmontreal.ca\/fr\/violon-2026\/billetterie\/\"><span class='mb-text'>BILLETS ET FORFAITS<\/span><\/a><\/p>\n<a class=\"maxbutton-74 maxbutton maxbutton-donnez-au-concours\" href=\"https:\/\/www.concoursmontreal.ca\/fr\/appuyez\/faire-un-don\/\"><span class='mb-text'>DONNEZ AU CONCOURS<\/span><\/a>\n","protected":false},"excerpt":{"rendered":"<p>Concours &#8211; Orchestre officiel du Concours L\u2019Orchestre symphonique de Montr\u00e9al (OSM) est l\u2019orchestre officiel du Concours musical international de Montr\u00e9al. Il accompagne les concurrents lors de l\u2019\u00e9preuve finale \u00e0 la Maison symphonique de Montr\u00e9al. Pour l&rsquo;\u00e9dition Violon 2026, le chef invit\u00e9 Sascha Goetzel dirigera les musiciens de l&rsquo;OSM. Fond\u00e9 en 1934 par Antonia Nantel, Wilfrid [&hellip;]<\/p>\n","protected":false},"author":1,"featured_media":0,"parent":38329,"menu_order":9,"comment_status":"closed","ping_status":"closed","template":"","meta":{"_acf_changed":false,"footnotes":""},"class_list":["post-5441","page","type-page","status-publish","hentry"],"acf":[],"featured_media_src_url":null,"_links":{"self":[{"href":"https:\/\/concoursmontreal.ca\/fr\/wp-json\/wp\/v2\/pages\/5441","targetHints":{"allow":["GET"]}}],"collection":[{"href":"https:\/\/concoursmontreal.ca\/fr\/wp-json\/wp\/v2\/pages"}],"about":[{"href":"https:\/\/concoursmontreal.ca\/fr\/wp-json\/wp\/v2\/types\/page"}],"author":[{"embeddable":true,"href":"https:\/\/concoursmontreal.ca\/fr\/wp-json\/wp\/v2\/users\/1"}],"replies":[{"embeddable":true,"href":"https:\/\/concoursmontreal.ca\/fr\/wp-json\/wp\/v2\/comments?post=5441"}],"version-history":[{"count":6,"href":"https:\/\/concoursmontreal.ca\/fr\/wp-json\/wp\/v2\/pages\/5441\/revisions"}],"predecessor-version":[{"id":42968,"href":"https:\/\/concoursmontreal.ca\/fr\/wp-json\/wp\/v2\/pages\/5441\/revisions\/42968"}],"up":[{"embeddable":true,"href":"https:\/\/concoursmontreal.ca\/fr\/wp-json\/wp\/v2\/pages\/38329"}],"wp:attachment":[{"href":"https:\/\/concoursmontreal.ca\/fr\/wp-json\/wp\/v2\/media?parent=5441"}],"curies":[{"name":"wp","href":"https:\/\/api.w.org\/{rel}","templated":true}]}}