{"id":44011,"date":"2026-03-18T14:12:11","date_gmt":"2026-03-18T18:12:11","guid":{"rendered":"https:\/\/www.concoursmontreal.ca\/?page_id=44011"},"modified":"2026-03-18T17:04:34","modified_gmt":"2026-03-18T21:04:34","slug":"porte-parole","status":"publish","type":"page","link":"https:\/\/concoursmontreal.ca\/fr\/violon-2026\/porte-parole\/","title":{"rendered":"Notre porte-parole"},"content":{"rendered":"<h2 style=\"text-align: left;\">Un mot de notre porte-parole<\/h2>\n<p><img loading=\"lazy\" decoding=\"async\" class=\"aligncenter size-full wp-image-44005\" src=\"\/wp-content\/uploads\/2026\/03\/Titre_Guylaine_Tremblay_2026_fr.jpg\" alt=\"\" width=\"1870\" height=\"545\" srcset=\"\/wp-content\/uploads\/2026\/03\/Titre_Guylaine_Tremblay_2026_fr.jpg 1870w, \/wp-content\/uploads\/2026\/03\/Titre_Guylaine_Tremblay_2026_fr-768x224.jpg 768w, \/wp-content\/uploads\/2026\/03\/Titre_Guylaine_Tremblay_2026_fr-1536x448.jpg 1536w\" sizes=\"auto, (max-width: 1870px) 100vw, 1870px\" \/><\/p>\n<p style=\"text-align: left;\">\u00a0<\/p>\n<p style=\"text-align: left;\"><strong><span style=\"font-size: 14px;\">Quand le rideau se l\u00e8ve\u00a0<\/span><\/strong><\/p>\n<p style=\"text-align: left;\"><span style=\"font-size: 14px;\">C\u2019est avec un immense plaisir que je m\u2019associe \u00e0 la grande famille du <strong>Concours musical international de Montr\u00e9al<\/strong> \u00e0 titre de porte-parole.\u00a0\u00a0<\/span><\/p>\n<p style=\"text-align: left;\"><span style=\"font-size: 14px;\">Je suis une passionn\u00e9e de musique, celle qui nous rassemble, nous transporte et nous \u00e9meut. Au concert, j&rsquo;aime ce moment o\u00f9 les lumi\u00e8res de la salle s\u2019att\u00e9nuent et o\u00f9 les premi\u00e8res notes se font entendre. Le temps semble alors s\u2019arr\u00eater. Tout comme le th\u00e9\u00e2tre, la musique poss\u00e8de ce rare pouvoir de nous toucher, en laissant toute la place \u00e0 l\u2019\u00e9motion et \u00e0 la beaut\u00e9.\u00a0<\/span><\/p>\n<p style=\"text-align: left;\"><span style=\"font-size: 14px;\">Chaque prestation du Concours raconte une histoire unique de passion et de r\u00eaves. Le talent, le travail acharn\u00e9 et la d\u00e9termination des concurrents et des concurrentes de cette 24\u1d49 \u00e9dition t\u00e9moignent de l\u2019exigence n\u00e9cessaire \u00e0 la ma\u00eetrise de leur art. Venus des quatre coins du monde, ces jeunes violonistes nous inspirent par leur engagement et leur qu\u00eate inlassable d\u2019excellence. Le Concours les rassemble sur une m\u00eame sc\u00e8ne, cr\u00e9ant des moments puissants de rencontre et d\u2019\u00e9motion partag\u00e9s.\u00a0<\/span><\/p>\n<p style=\"text-align: left;\"><span style=\"font-size: 14px;\">C\u2019est un privil\u00e8ge de vivre chez nous un \u00e9v\u00e9nement aussi prestigieux que le <strong>Concours musical international de Montr\u00e9al<\/strong>, dont le rayonnement d\u00e9passe largement nos fronti\u00e8res. Au moment o\u00f9 les regards du monde se tournent vers notre grand Concours montr\u00e9alais, je me r\u00e9jouis de me joindre \u00e0 vous pour vivre cette grande aventure humaine et musicale.\u00a0\u00a0<\/span><\/p>\n<p style=\"text-align: left;\"><span style=\"font-size: 14px;\">Laissons-nous nous \u00e9mouvoir !\u00a0 <\/span><\/p>\n<p style=\"text-align: left;\"><span style=\"font-size: 14px;\">Guylaine Tremblay<\/p>\n<p><\/span><\/p>\n<p>&nbsp;<\/p>\n<a class=\"maxbutton-185 maxbutton maxbutton-concours-2026-fr\" href=\"https:\/\/concoursmontreal.ca\/fr\/violon-2026\/\"><span class='mb-text'>ACCUEIL - CONCOURS 2026<\/span><\/a>\n<p>&nbsp;<\/p>\n<a class=\"maxbutton-141 maxbutton maxbutton-billets-et-forfaits\" href=\"https:\/\/www.concoursmontreal.ca\/fr\/violon-2026\/billetterie\/\"><span class='mb-text'>BILLETS ET FORFAITS<\/span><\/a>\n<p>&nbsp;<\/p>\n<a class=\"maxbutton-74 maxbutton maxbutton-donnez-au-concours\" href=\"https:\/\/www.concoursmontreal.ca\/fr\/appuyez\/faire-un-don\/\"><span class='mb-text'>DONNEZ AU CONCOURS<\/span><\/a>\n","protected":false},"excerpt":{"rendered":"<p>Un mot de notre porte-parole \u00a0 Quand le rideau se l\u00e8ve\u00a0 C\u2019est avec un immense plaisir que je m\u2019associe \u00e0 la grande famille du Concours musical international de Montr\u00e9al \u00e0 titre de porte-parole.\u00a0\u00a0 Je suis une passionn\u00e9e de musique, celle qui nous rassemble, nous transporte et nous \u00e9meut. Au concert, j&rsquo;aime ce moment o\u00f9 les [&hellip;]<\/p>\n","protected":false},"author":1,"featured_media":0,"parent":38329,"menu_order":4,"comment_status":"closed","ping_status":"closed","template":"","meta":{"_acf_changed":false,"footnotes":""},"class_list":["post-44011","page","type-page","status-publish","hentry"],"acf":[],"featured_media_src_url":null,"_links":{"self":[{"href":"https:\/\/concoursmontreal.ca\/fr\/wp-json\/wp\/v2\/pages\/44011","targetHints":{"allow":["GET"]}}],"collection":[{"href":"https:\/\/concoursmontreal.ca\/fr\/wp-json\/wp\/v2\/pages"}],"about":[{"href":"https:\/\/concoursmontreal.ca\/fr\/wp-json\/wp\/v2\/types\/page"}],"author":[{"embeddable":true,"href":"https:\/\/concoursmontreal.ca\/fr\/wp-json\/wp\/v2\/users\/1"}],"replies":[{"embeddable":true,"href":"https:\/\/concoursmontreal.ca\/fr\/wp-json\/wp\/v2\/comments?post=44011"}],"version-history":[{"count":5,"href":"https:\/\/concoursmontreal.ca\/fr\/wp-json\/wp\/v2\/pages\/44011\/revisions"}],"predecessor-version":[{"id":44040,"href":"https:\/\/concoursmontreal.ca\/fr\/wp-json\/wp\/v2\/pages\/44011\/revisions\/44040"}],"up":[{"embeddable":true,"href":"https:\/\/concoursmontreal.ca\/fr\/wp-json\/wp\/v2\/pages\/38329"}],"wp:attachment":[{"href":"https:\/\/concoursmontreal.ca\/fr\/wp-json\/wp\/v2\/media?parent=44011"}],"curies":[{"name":"wp","href":"https:\/\/api.w.org\/{rel}","templated":true}]}}