{"id":40267,"date":"2025-07-08T12:57:16","date_gmt":"2025-07-08T16:57:16","guid":{"rendered":"https:\/\/concoursmontreal.ca\/?page_id=40267"},"modified":"2026-04-10T09:39:08","modified_gmt":"2026-04-10T13:39:08","slug":"prix-et-bourses","status":"publish","type":"page","link":"https:\/\/concoursmontreal.ca\/fr\/violon-2026\/prix-et-bourses\/","title":{"rendered":"Prix et bourses"},"content":{"rendered":"<h2 style=\"text-align: left;\">Concours 2026 &#8211; Prix et bourses<\/h2>\n<p><img loading=\"lazy\" decoding=\"async\" class=\"aligncenter size-full wp-image-25734\" src=\"\/wp-content\/uploads\/2022\/07\/Prix-et-bourses-concours-musical-international-de-Montreal.jpg\" alt=\"\" width=\"1200\" height=\"350\" srcset=\"\/wp-content\/uploads\/2022\/07\/Prix-et-bourses-concours-musical-international-de-Montreal.jpg 1200w, \/wp-content\/uploads\/2022\/07\/Prix-et-bourses-concours-musical-international-de-Montreal-768x224.jpg 768w\" sizes=\"auto, (max-width: 1200px) 100vw, 1200px\" \/><\/p>\n<p>&nbsp;<\/p>\n<p style=\"text-align: left;\"><span style=\"font-size: 16px;\"><span class=\"NormalTextRun SCXW116788769 BCX0\">Plus de 150 000 $ CAD en prix et bourses seront remis aux laur\u00e9ats et<\/span><span class=\"NormalTextRun SCXW116788769 BCX0\"> laur\u00e9ates,<\/span><span class=\"NormalTextRun SCXW116788769 BCX0\">\u00a0<\/span><span class=\"NormalTextRun SCXW116788769 BCX0\">de m\u00eame qu\u2019<\/span><span class=\"NormalTextRun SCXW116788769 BCX0\">aux gagnants<\/span><span class=\"NormalTextRun SCXW116788769 BCX0\">\u00a0et<\/span><span class=\"NormalTextRun SCXW116788769 BCX0\">\u00a0<\/span><span class=\"NormalTextRun SpellingErrorV2Themed SCXW116788769 BCX0\">gagante<\/span><span class=\"NormalTextRun SpellingErrorV2Themed SCXW116788769 BCX0\">s<\/span><span class=\"NormalTextRun SCXW116788769 BCX0\">\u00a0des prix sp\u00e9ciaux d<\/span><span class=\"NormalTextRun SCXW116788769 BCX0\">e l\u2019\u00e9dition 2026 du <strong>Concours musical international de Montr\u00e9al<\/strong><\/span><span class=\"NormalTextRun SCXW116788769 BCX0\">.<\/span><span class=\"NormalTextRun SCXW116788769 BCX0\">\u00a0<\/span><\/span><\/p>\n<p style=\"text-align: left;\"><span style=\"font-size: 16px;\">Le <strong>Concours musical international de Montr\u00e9al<\/strong> est fier de contribuer au dynamisme culturel de Montr\u00e9al et au lancement des carri\u00e8res d\u2019artistes internationaux de la nouvelle g\u00e9n\u00e9ration.<\/span><\/p>\n<p>&nbsp;<\/p>\n\n<table id=\"tablepress-75\" class=\"tablepress tablepress-id-75 tbody-has-connected-cells\">\n<tbody class=\"row-striping row-hover\">\n<tr class=\"row-1\">\n\t<td colspan=\"2\" class=\"column-1\"><font size=\"4\"><b>Laur\u00e9ats ou laur\u00e9ates<\/b><\/td>\n<\/tr>\n<tr class=\"row-2\">\n\t<td class=\"column-1\"><\/td><td class=\"column-2\"><\/td>\n<\/tr>\n<tr class=\"row-3\">\n\t<td class=\"column-1\"><H2>PREMIER PRIX<\/H2><br \/>\n<b>Grand prix en argent<\/b><br \/>\n30 000 $<br \/>\n<br \/>\n<b>Bourse de d\u00e9veloppement de carri\u00e8re Joseph-Rouleau \u2013 Premier prix<\/b><br \/>\n40 000 $<br \/>\n<i>Offerte en partenariat avec la Fondation Azrieli<\/i><br \/>\n<\/td><td class=\"column-2\"><b>70 000 $<\/b><\/td>\n<\/tr>\n<tr class=\"row-4\">\n\t<td class=\"column-1\"><\/td><td class=\"column-2\"><\/td>\n<\/tr>\n<tr class=\"row-5\">\n\t<td class=\"column-1\"><H2>DEUXI\u00c8ME PRIX<\/H2><br \/>\n<b>Prix en argent Pierre-P\u00e9ladeau et Raymonde-Chopin<\/b><br \/>\n15 000 $<br \/>\n<i> Offert en partenariat avec Qu\u00e9becor<\/i><br \/>\n<br \/>\n<b>Bourse de d\u00e9veloppement de carri\u00e8re Joseph-Rouleau \u2013 Deuxi\u00e8me prix<\/b><br \/>\n10 000 $<br \/>\n<i>Offerte en partenariat avec la Fondation Azrieli<\/i><br \/>\n<\/td><td class=\"column-2\"><b>25 000 $<\/b><\/td>\n<\/tr>\n<tr class=\"row-6\">\n\t<td class=\"column-1\"><\/td><td class=\"column-2\"><\/td>\n<\/tr>\n<tr class=\"row-7\">\n\t<td class=\"column-1\"><H2>TROISI\u00c8ME PRIX<\/H2><br \/>\n<b>Prix en argent<\/b><br \/>\n10 000 $<br \/>\n<i>Offert en partenariat avec Stingray Classica<i><br \/>\n<br \/>\n<b>Bourse de d\u00e9veloppement de carri\u00e8re Joseph-Rouleau \u2013 Troisi\u00e8me prix<\/b><br \/>\n10 000 $<br \/>\n<i>Offerte en partenariat avec la Fondation Azrieli<\/i><\/td><td class=\"column-2\"><b>20 000 $<\/b><\/td>\n<\/tr>\n<tr class=\"row-8\">\n\t<td class=\"column-1\"><\/td><td class=\"column-2\"><\/td>\n<\/tr>\n<tr class=\"row-9\">\n\t<td colspan=\"2\" class=\"column-1\"><font size=\"4\"><b>Prix sp\u00e9ciaux<\/b><\/td>\n<\/tr>\n<tr class=\"row-10\">\n\t<td class=\"column-1\"><\/td><td class=\"column-2\"><\/td>\n<\/tr>\n<tr class=\"row-11\">\n\t<td class=\"column-1\"><b>Prix du public ICI Musique<\/b><br \/>\nPrix d\u00e9cern\u00e9 par le public \u00e0 l\u2019issue du vote en ligne <br \/>\n<i>Offert en partenariat avec ICI Musique<\/i><\/td><td class=\"column-2\"><b>5 000 $<\/b><\/td>\n<\/tr>\n<tr class=\"row-12\">\n\t<td class=\"column-1\"><\/td><td class=\"column-2\"><\/td>\n<\/tr>\n<tr class=\"row-13\">\n\t<td class=\"column-1\"><b>Prix Andr\u00e9-Bourbeau de la meilleure ou du meilleur artiste canadien<\/b><br \/>\n<i>Offert en partenariat avec la Fondation Bourbeau<\/i><\/td><td class=\"column-2\"><b>5 000 $<\/b><\/td>\n<\/tr>\n<tr class=\"row-14\">\n\t<td class=\"column-1\"><\/td><td class=\"column-2\"><\/td>\n<\/tr>\n<tr class=\"row-15\">\n\t<td class=\"column-1\"><b>Prix Mozart<\/b><br \/>\nMeilleure interpr\u00e9tation d'un concerto de Mozart lors de la Finale - \u00c9preuve Mozart<br \/>\n<i>Offert en partenariat avec Wilder &amp; Davis<\/i><\/td><td class=\"column-2\"><b>3 000 $<\/b><\/td>\n<\/tr>\n<tr class=\"row-16\">\n\t<td class=\"column-1\"><\/td><td class=\"column-2\"><\/td>\n<\/tr>\n<tr class=\"row-17\">\n\t<td class=\"column-1\"><b>Prix Baroque <sup>1<\/sup><\/b><br \/>\nMeilleure interpr\u00e9tation d'une \u0153uvre baroque \u00e0 la Premi\u00e8re \u00e9preuve<br \/>\n<i>Offert en partenariat avec Andrew Wan, violon solo de l'OSM<\/i><\/td><td class=\"column-2\"><b>2 500 $<\/b><\/td>\n<\/tr>\n<tr class=\"row-18\">\n\t<td class=\"column-1\"><\/td><td class=\"column-2\"><\/td>\n<\/tr>\n<tr class=\"row-19\">\n\t<td class=\"column-1\"><b>Prix \u0152uvre canadienne <sup>2<\/sup><\/b><br \/>\nMeilleure interpr\u00e9tation d\u2019une \u0153uvre canadienne en Demi-finale<br \/>\n<i>Offert en partenariat avec la Fondation Famille Lupien<\/i><\/td><td class=\"column-2\"><b>2 500 $<\/b><\/td>\n<\/tr>\n<tr class=\"row-20\">\n\t<td class=\"column-1\"><\/td><td class=\"column-2\"><\/td>\n<\/tr>\n<tr class=\"row-21\">\n\t<td class=\"column-1\"><b>Prix Sonate  <sup>2<\/sup><\/b><br \/>\nMeilleure interpr\u00e9tation d'une sonate en Demi-finale.<br \/>\n<i>Offert en partenariat avec Dixi Lambert<\/i><\/td><td class=\"column-2\"><b>2 500 $<\/b><\/td>\n<\/tr>\n<tr class=\"row-22\">\n\t<td class=\"column-1\"><\/td><td class=\"column-2\"><\/td>\n<\/tr>\n<tr class=\"row-23\">\n\t<td class=\"column-1\"><b>Prix Robert-Trempe du Jury de la rel\u00e8ve * <sup>1<\/sup><\/b><br \/>\nPrix d\u00e9termin\u00e9 par le Jury de la rel\u00e8ve \u00e0 l\u2019issue de la Premi\u00e8re \u00e9preuve<br \/>\n<i>Offert en partenariat avec Richard Tremblay<\/i><\/td><td class=\"column-2\"><b>1 500 $<\/b><\/td>\n<\/tr>\n<tr class=\"row-24\">\n\t<td class=\"column-1\"><\/td><td class=\"column-2\"><\/td>\n<\/tr>\n<tr class=\"row-25\">\n\t<td class=\"column-1\"><b>Bourses des finalistes<\/b><br \/>\nBourses remises aux deux finalistes non retenus pour la Grande finale<br \/>\n<i>Offertes en partenariat avec la Famille Rouleau et Jacques Vincent<\/i><\/td><td class=\"column-2\"><b>2\u00a0x\u00a03\u00a0000\u00a0$<\/b><\/td>\n<\/tr>\n<tr class=\"row-26\">\n\t<td class=\"column-1\"><\/td><td class=\"column-2\"><\/td>\n<\/tr>\n<tr class=\"row-27\">\n\t<td class=\"column-1\"><font size=\"4\"><b>Autres prix sp\u00e9ciaux<\/b><\/td><td class=\"column-2\"><\/td>\n<\/tr>\n<tr class=\"row-28\">\n\t<td class=\"column-1\"><\/td><td class=\"column-2\"><\/td>\n<\/tr>\n<tr class=\"row-29\">\n\t<td class=\"column-1\"><b>Pr\u00eat d\u2019un violon et d\u2019un archet *<\/b><br \/>\nViolon Giuseppe Guarneri del Ges\u00f9 1728-30, \u00ab ex-Christopher Warren-Green \u00bb et un archet pr\u00eat\u00e9s pour une dur\u00e9e de trois ans au grand ou \u00e0 la grande laur\u00e9ate ou \u00e0 un autre laur\u00e9at ou laur\u00e9ate souhaitant en b\u00e9n\u00e9ficier.<br \/>\n<i>Offert en partenariat avec la Collection d\u2019instruments de musique Canimex<\/i><\/td><td class=\"column-2\"><\/td>\n<\/tr>\n<tr class=\"row-30\">\n\t<td class=\"column-1\"><\/td><td class=\"column-2\"><\/td>\n<\/tr>\n<tr class=\"row-31\">\n\t<td class=\"column-1\"><b>Prix OSM *<\/b><br \/>\nEngagement d\u00e9cern\u00e9 \u00e0 un laur\u00e9at ou \u00e0 une laur\u00e9ate pour un concert ou un r\u00e9cital dans la programmation de l\u2019OSM - l'Orchestre symphonique de Montr\u00e9al, l'orchestre officiel du Concours<br \/>\n<i>Offert en partenariat avec l'Orchestre symphonique de Montr\u00e9al<\/i><\/td><td class=\"column-2\"><\/td>\n<\/tr>\n<tr class=\"row-32\">\n\t<td class=\"column-1\"><\/td><td class=\"column-2\"><\/td>\n<\/tr>\n<tr class=\"row-33\">\n\t<td class=\"column-1\"><b>R\u00e9sidence d'artiste *<\/b><br \/>\nUne r\u00e9sidence d\u2019artiste d'une semaine au Centre des arts de Banff d\u00e9cern\u00e9e \u00e0 un laur\u00e9at ou \u00e0 une laur\u00e9ate<br \/>\n<i>Offert en partenariat avec le Centre des arts de Banff<i\/><\/td><td class=\"column-2\"><b>Valeur\u00a0de<br\/>1 800 $<\/b><\/td>\n<\/tr>\n<tr class=\"row-34\">\n\t<td class=\"column-1\"><\/td><td class=\"column-2\"><\/td>\n<\/tr>\n<tr class=\"row-35\">\n\t<td class=\"column-1\"><b>Prix Musique de chambre<\/b><br \/>\nEngagement pour un concert\u00a0du Festival de musique de chambre de Montr\u00e9al<br \/>\n<i>Offert en partenariat avec le Festival de musique de chambre de Montr\u00e9al<i\/><\/td><td class=\"column-2\"><\/td>\n<\/tr>\n<tr class=\"row-36\">\n\t<td class=\"column-1\"><\/td><td class=\"column-2\"><\/td>\n<\/tr>\n<tr class=\"row-37\">\n\t<td class=\"column-1\"><b>Consultation artistique<\/b><br \/>\nConsultation priv\u00e9e avec une agente de l\u2019Agence Station Bleue pour chacun des laur\u00e9ats et laur\u00e9ates<br \/>\n<i>Offert en partenariat avec l\u2019Agence Station Bleue<\/i><\/td><td class=\"column-2\"><\/td>\n<\/tr>\n<tr class=\"row-38\">\n\t<td class=\"column-1\"><\/td><td class=\"column-2\"><\/td>\n<\/tr>\n<tr class=\"row-39\">\n\t<td class=\"column-1\"><b>Bourse Je reviendrai \u00e0 Montr\u00e9al *<\/b><br \/>\nBourse permettant le retour de laur\u00e9ates et laur\u00e9ats, et de gagnantes et gagnants de prix sp\u00e9ciaux \u00e0 Montr\u00e9al ou dans les environs<br \/>\n<i>Offerte en partenariat avec la Nawacki Family Foundation<\/i><\/td><td class=\"column-2\"><b>25 000 $<\/b><\/td>\n<\/tr>\n<\/tbody>\n<\/table>\n<!-- #tablepress-75 from cache -->\n<p style=\"text-align: left;\"><span class=\"TextRun Highlight SCXW99198813 BCX8\" lang=\"FR-FR\" xml:lang=\"FR-FR\" data-contrast=\"none\"><span class=\"NormalTextRun SCXW99198813 BCX8\">1- Prix attribu\u00e9s le 29 mai 2026<br \/>2- Prix attribu\u00e9s le 31 mai 2026<\/span><\/span><\/p>\n<p style=\"text-align: left;\"><span class=\"TextRun Highlight SCXW99198813 BCX8\" lang=\"FR-FR\" xml:lang=\"FR-FR\" data-contrast=\"none\"><span class=\"NormalTextRun SCXW99198813 BCX8\">* Prix non d\u00e9termin\u00e9s par le jury international du Concours 2026.<\/span><\/span><span class=\"EOP SCXW99198813 BCX8\" data-ccp-props=\"{}\">\u00a0<\/span><\/p>\n<p>&nbsp;<\/p>\n<p>&nbsp;<\/p>\n<a class=\"maxbutton-185 maxbutton maxbutton-concours-2026-fr\" href=\"https:\/\/concoursmontreal.ca\/fr\/violon-2026\/\"><span class='mb-text'>ACCUEIL - CONCOURS 2026<\/span><\/a>\n<p>&nbsp;<\/p>\n<a class=\"maxbutton-141 maxbutton maxbutton-billets-et-forfaits\" href=\"https:\/\/www.concoursmontreal.ca\/fr\/violon-2026\/billetterie\/\"><span class='mb-text'>BILLETS ET FORFAITS<\/span><\/a>\n<p>&nbsp;<\/p>\n<a class=\"maxbutton-74 maxbutton maxbutton-donnez-au-concours\" href=\"https:\/\/www.concoursmontreal.ca\/fr\/appuyez\/faire-un-don\/\"><span class='mb-text'>DONNEZ AU CONCOURS<\/span><\/a>\n","protected":false},"excerpt":{"rendered":"<p>Concours 2026 &#8211; Prix et bourses &nbsp; Plus de 150 000 $ CAD en prix et bourses seront remis aux laur\u00e9ats et laur\u00e9ates,\u00a0de m\u00eame qu\u2019aux gagnants\u00a0et\u00a0gagantes\u00a0des prix sp\u00e9ciaux de l\u2019\u00e9dition 2026 du Concours musical international de Montr\u00e9al.\u00a0 Le Concours musical international de Montr\u00e9al est fier de contribuer au dynamisme culturel de Montr\u00e9al et au lancement [&hellip;]<\/p>\n","protected":false},"author":1,"featured_media":0,"parent":38329,"menu_order":14,"comment_status":"closed","ping_status":"closed","template":"","meta":{"_acf_changed":false,"footnotes":""},"class_list":["post-40267","page","type-page","status-publish","hentry"],"acf":[],"featured_media_src_url":null,"_links":{"self":[{"href":"https:\/\/concoursmontreal.ca\/fr\/wp-json\/wp\/v2\/pages\/40267","targetHints":{"allow":["GET"]}}],"collection":[{"href":"https:\/\/concoursmontreal.ca\/fr\/wp-json\/wp\/v2\/pages"}],"about":[{"href":"https:\/\/concoursmontreal.ca\/fr\/wp-json\/wp\/v2\/types\/page"}],"author":[{"embeddable":true,"href":"https:\/\/concoursmontreal.ca\/fr\/wp-json\/wp\/v2\/users\/1"}],"replies":[{"embeddable":true,"href":"https:\/\/concoursmontreal.ca\/fr\/wp-json\/wp\/v2\/comments?post=40267"}],"version-history":[{"count":5,"href":"https:\/\/concoursmontreal.ca\/fr\/wp-json\/wp\/v2\/pages\/40267\/revisions"}],"predecessor-version":[{"id":44596,"href":"https:\/\/concoursmontreal.ca\/fr\/wp-json\/wp\/v2\/pages\/40267\/revisions\/44596"}],"up":[{"embeddable":true,"href":"https:\/\/concoursmontreal.ca\/fr\/wp-json\/wp\/v2\/pages\/38329"}],"wp:attachment":[{"href":"https:\/\/concoursmontreal.ca\/fr\/wp-json\/wp\/v2\/media?parent=40267"}],"curies":[{"name":"wp","href":"https:\/\/api.w.org\/{rel}","templated":true}]}}