{"id":40263,"date":"2025-07-08T13:11:23","date_gmt":"2025-07-08T17:11:23","guid":{"rendered":"https:\/\/concoursmontreal.ca\/?page_id=40263"},"modified":"2026-04-15T18:26:40","modified_gmt":"2026-04-15T22:26:40","slug":"programmation","status":"publish","type":"page","link":"https:\/\/concoursmontreal.ca\/fr\/violon-2026\/programmation\/","title":{"rendered":"Programmation"},"content":{"rendered":"<h2 style=\"text-align: left;\">Concours 2026 &#8211; PROGRAMMATION<\/h2>\n<p><img loading=\"lazy\" decoding=\"async\" class=\"aligncenter size-full wp-image-40867\" src=\"\/wp-content\/uploads\/2025\/10\/Titre_violon2026.jpg\" alt=\"\" width=\"1200\" height=\"350\" srcset=\"\/wp-content\/uploads\/2025\/10\/Titre_violon2026.jpg 1200w, \/wp-content\/uploads\/2025\/10\/Titre_violon2026-768x224.jpg 768w\" sizes=\"auto, (max-width: 1200px) 100vw, 1200px\" \/><\/p>\n<p style=\"text-align: center;\"><span style=\"color: #ff0000;\"><strong><span style=\"font-size: 22px;\">La virtuosit\u00e9 sans fronti\u00e8res<br \/><\/span><\/strong><\/span><span style=\"font-size: 14px;\"><br \/><strong><span style=\"font-size: 16px;\">De la Premi\u00e8re \u00e9preuve \u00e0 la Grande finale, soyez aux premi\u00e8res loges des diff\u00e9rentes \u00e9tapes de l&rsquo;\u00e9dition Violon 2026 du Concours musical international de Montr\u00e9al.\u00a0<\/span><\/strong><br \/><\/span><span style=\"color: #ff0000;\"><strong><span style=\"font-size: 22px;\"><br \/><\/span><\/strong><\/span><\/p>\n<p><img loading=\"lazy\" decoding=\"async\" class=\"aligncenter size-full wp-image-44641\" src=\"\/wp-content\/uploads\/2026\/04\/2026-Violon_concurrents_mosaique_1200x350_v3.jpg\" alt=\"\" width=\"1200\" height=\"350\" srcset=\"\/wp-content\/uploads\/2026\/04\/2026-Violon_concurrents_mosaique_1200x350_v3.jpg 1200w, \/wp-content\/uploads\/2026\/04\/2026-Violon_concurrents_mosaique_1200x350_v3-768x224.jpg 768w\" sizes=\"auto, (max-width: 1200px) 100vw, 1200px\" \/><br \/>\n<table id=\"tablepress-78\" class=\"tablepress tablepress-id-78\">\n<tbody>\n<tr class=\"row-1\">\n\t<td class=\"column-1\"><br \/>\n<CENTER><b><span style=\"font-size: 18px;\">PREMI\u00c8RE \u00c9PREUVE<br \/>\n5 S\u00c9ANCES<\/b><\/span><br \/>\n<br \/>\n<CENTER><span style=\"font-size: 16px;\">Dans cette premi\u00e8re \u00e9tape de 30 minutes, les concurrents et les concurrentes tentent de se d\u00e9marquer en pr\u00e9sentant : une \u0153uvre de J. S. Bach, Telemann, ou d\u2019un autre compositeur baroque, une \u0153uvre de virtuosit\u00e9 (Bazzini, Ernst, Paganini, Saint-Sa\u00ebns, Sarasate, Waxman, Wieniawski), et une \u0153uvre au choix d\u2019une troisi\u00e8me p\u00e9riode musicale.<br \/>\n<br \/>\n<b>Salle Bourgie du Mus\u00e9e des beaux-arts de Montr\u00e9al<\/b><br \/>\n1339, rue Sherbrooke Ouest, Montr\u00e9al (Qu\u00e9bec) H3G 1G2<br \/>\n<br\/><\/td>\n<\/tr>\n<\/tbody>\n<\/table>\n<!-- #tablepress-78 from cache --><span style=\"font-size: 14px;\"><strong><br \/><\/strong><\/span><\/p>\n<h2><span style=\"color: #ff0000; font-size: 14px;\"><strong>Premi\u00e8re \u00c9preuve &#8211; s\u00e9ance # 1<br \/>Mercredi 27 mai 2026, 13 h 30<\/strong><\/span><\/h2>\n<p><span style=\"font-size: 14px;\">5 concurrents et concurrentes<\/span><\/p>\n<h2><span style=\"color: #ff0000; font-size: 14px;\"><strong>Premi\u00e8re \u00c9preuve &#8211; s\u00e9ance # 2<br \/><\/strong><\/span><span style=\"color: #ff0000; font-size: 14px;\"><strong>Mercredi 27 mai 2026, 19 h 30<\/strong><\/span><\/h2>\n<p><span style=\"font-size: 14px;\">4 concurrents et concurrentes<\/span><\/p>\n<h2><span style=\"color: #ff0000; font-size: 14px;\"><strong>Premi\u00e8re \u00c9preuve &#8211; s\u00e9ance # 3<br \/><\/strong><\/span><span style=\"color: #ff0000; font-size: 14px;\"><strong>Jeudi 28 mai 2026, 13 h 30<\/strong><\/span><\/h2>\n<p><span style=\"font-size: 14px;\">5 concurrents et concurrentes<\/span><\/p>\n<h2><span style=\"color: #ff0000; font-size: 14px;\"><strong>Premi\u00e8re \u00c9preuve &#8211; s\u00e9ance # 4<br \/><\/strong><\/span><span style=\"color: #ff0000; font-size: 14px;\"><strong>Jeudi 28 mai 2026, 19 h 30<\/strong><\/span><\/h2>\n<p><span style=\"font-size: 14px;\">5 concurrents et concurrentes<\/span><\/p>\n<h2><span style=\"color: #ff0000; font-size: 14px;\"><strong>Premi\u00e8re \u00c9preuve &#8211; s\u00e9ance # 5<br \/><\/strong><\/span><span style=\"color: #ff0000; font-size: 14px;\"><strong>Vendredi 29 mai 2026, 13 h 30<\/strong><\/span><\/h2>\n<p><span style=\"font-size: 14px;\">5 concurrents et concurrentes<\/span><span style=\"color: #ff0000; font-size: 14px;\"><br \/><\/span><\/p>\n<p>&nbsp;<\/p>\n<h2><span style=\"color: #ff0000; font-size: 14px;\"><strong>Vendredi 29 mai 2026, 18 h<\/strong><\/span><\/h2>\n<p><span style=\"color: #000000;\"><span style=\"font-size: 14px;\">Annonce des 10 demi-finalistes<\/span><br \/><span style=\"font-size: 14px;\"><span class=\"TextRun SCXW139327715 BCX0\" lang=\"FR-FR\" xml:lang=\"FR-FR\" data-contrast=\"auto\"><span class=\"NormalTextRun CommentHighlightRest SCXW139327715 BCX0\">Prix <\/span><span class=\"NormalTextRun CommentHighlightRest SCXW139327715 BCX0\">Robert Trempe du Jury de la rel\u00e8ve<\/span><\/span><span class=\"EOP CommentHighlightPipeRest SCXW139327715 BCX0\" data-ccp-props=\"{}\">\u00a0<br \/>Prix Baroque<\/span><\/span><\/span><\/p>\n<p><span style=\"font-size: 14px;\"><a class=\"maxbutton-141 maxbutton maxbutton-billets-et-forfaits\" href=\"https:\/\/www.concoursmontreal.ca\/fr\/violon-2026\/billetterie\/\"><span class='mb-text'>BILLETS ET FORFAITS<\/span><\/a><\/span><\/p>\n<hr \/>\n\n<table id=\"tablepress-81\" class=\"tablepress tablepress-id-81\">\n<tbody>\n<tr class=\"row-1\">\n\t<td class=\"column-1\"><br \/>\n<CENTER><b><span style=\"font-size: 18px;\">DEMI-FINALE<br \/>\n3 S\u00c9ANCES<\/b><\/span><br \/>\n<br \/>\n<CENTER><span style=\"font-size: 16px;\">\u00c0 cette \u00e9tape du Concours, les concurrents et les concurrentes doivent pr\u00e9senter un programme de 50 minutes comprenant une sonate compl\u00e8te (Bart\u00f3k, Beethoven, Brahms, Debussy, Enescu, Faur\u00e9, Franck, Jan\u00e1\u010dek, Prokofiev, Ravel, Schnittke, Schumann, Schubert ou R. Strauss), une \u0153uvre au choix du concurrent de n\u2019importe quel compositeur et une \u0153uvre au choix d\u2019une compositrice ou d\u2019un compositeur canadien. <br \/>\n<br \/>\n<b>Salle Bourgie du Mus\u00e9e des beaux-arts de Montr\u00e9al<\/b><br \/>\n1339, rue Sherbrooke Ouest, Montr\u00e9al (Qu\u00e9bec) H3G 1G2<br \/>\n<br\/><\/td>\n<\/tr>\n<\/tbody>\n<\/table>\n<!-- #tablepress-81 from cache -->\n<h2><span style=\"color: #ff0000; font-size: 14px;\"><strong>DEMI-FINALE &#8211; S\u00c9ANCE # 1<br \/>Samedi 30 mai 2026, 19 h 30<\/strong><\/span><\/h2>\n<p><span style=\"font-size: 14px;\">3 concurrents et concurrentes<\/span><\/p>\n<p>&nbsp;<\/p>\n<h2><span style=\"color: #ff0000; font-size: 14px;\"><strong>DEMI-FINALE &#8211; S\u00c9ANCE # 2<br \/><\/strong><\/span><span style=\"font-size: 14px;\"><strong><span style=\"color: #ff0000;\">Dimanche 31 mai 2026, 13 h 30<\/span><br \/><\/strong><\/span><\/h2>\n<p><span style=\"font-size: 14px;\">4 concurrents et concurrentes<\/span><\/p>\n<h2><span style=\"color: #ff0000; font-size: 14px;\"><strong>DEMI-FINALE &#8211; S\u00c9ANCE # 3<br \/><\/strong><\/span><span style=\"font-size: 14px;\"><strong><span style=\"color: #ff0000;\">Dimanche 31 mai 2026, 19 h 30<\/span><br \/><\/strong><\/span><\/h2>\n<p><span style=\"font-size: 14px;\">3 concurrents et concurrentes<\/span><\/p>\n<p>&nbsp;<\/p>\n<h2><span style=\"font-size: 14px;\"><strong><span style=\"color: #ff0000;\">Dimanche 31 mai 2026, 22 h<\/span><\/strong><\/span><\/h2>\n<p><span style=\"font-size: 14px;\">Annonce des 5 finalistes<\/span><br \/><span style=\"font-size: 14px;\">Prix \u0152uvre canadienne\u00a0<br \/>Prix Sonate<\/p>\n<p><\/span><\/p>\n<p><span style=\"font-size: 14px;\"><a class=\"maxbutton-141 maxbutton maxbutton-billets-et-forfaits\" href=\"https:\/\/www.concoursmontreal.ca\/fr\/violon-2026\/billetterie\/\"><span class='mb-text'>BILLETS ET FORFAITS<\/span><\/a><\/span><\/p>\n<p>&nbsp;<\/p>\n<h2><span style=\"color: #ff0000; font-size: 14px;\"><strong><img loading=\"lazy\" decoding=\"async\" class=\"aligncenter wp-image-44501\" src=\"\/wp-content\/uploads\/2026\/04\/Titre_causerie-2026.jpg\" alt=\"\" width=\"1200\" height=\"350\" srcset=\"\/wp-content\/uploads\/2026\/04\/Titre_causerie-2026.jpg 1200w, \/wp-content\/uploads\/2026\/04\/Titre_causerie-2026-768x224.jpg 768w\" sizes=\"auto, (max-width: 1200px) 100vw, 1200px\" \/><br \/>ENTRETIEN PR\u00c9-concert<br \/><\/strong><\/span><span style=\"font-size: 14px;\"><strong><span style=\"color: #ff0000;\">Dimanche 31 mai 2026, 12 h 45<br \/><\/span><\/strong><\/span><\/h2>\n<p><span style=\"font-size: 14px;\"><a href=\"https:\/\/www.concoursmontreal.ca\/fr\/violon-2026\/porte-parole\/\" target=\"_blank\" rel=\"noopener\">Guylaine Tremblay<\/a>, porte-parole du Concours<br \/><\/span><span style=\"font-size: 14px;\">et <a href=\"https:\/\/www.concoursmontreal.ca\/fr\/jury\/lucie-robert-2\/\" target=\"_blank\" rel=\"noopener\">Lucie Robert<\/a>, pr\u00e9sidente du jury<br \/><\/span><span style=\"font-size: 14px;\"><br \/>Entr\u00e9e libre<\/span><\/p>\n<hr \/>\n<p><span style=\"font-size: 14px;\">\n<table id=\"tablepress-83\" class=\"tablepress tablepress-id-83\">\n<tbody>\n<tr class=\"row-1\">\n\t<td class=\"column-1\"><br \/>\n<CENTER><b><span style=\"font-size: 18px;\">FINALE<br \/>\n2 \u00c9PREUVES<\/b><\/span><br \/>\n<br \/>\n<CENTER><span style=\"font-size: 16px;\">La finale du Concours 2026 est pr\u00e9sent\u00e9e en deux \u00e9tapes. Elle promet des moments de musique inoubliables o\u00f9 chaque note porte l\u2019espoir d\u2019une victoire. Pour cette \u00e9tape ultime, les 5 finalistes, puis les 3 grands finalistes sont accompagn\u00e9s par l\u2019Orchestre symphonique de Montr\u00e9al \u2013 l\u2019orchestre officiel du Concours \u2013 plac\u00e9 sous la direction du chef invit\u00e9 Sascha Goetzel.<br \/>\n<br \/>\n<b>Maison symphonique de Montr\u00e9al<\/b><br \/>\n1600, rue Saint-Urbain, Montr\u00e9al (Qu\u00e9bec) H2X 0S1<br \/>\n<br\/><\/td>\n<\/tr>\n<\/tbody>\n<\/table>\n<!-- #tablepress-83 from cache --><br \/><\/span><\/p>\n<h2><span style=\"font-size: 14px;\"><strong><span style=\"color: #ff0000;\">Finale &#8211; \u00c9preuve Mozart<\/span><br \/><\/strong><\/span><span style=\"font-size: 14px;\"><strong><span style=\"color: #ff0000;\">Mercredi 3 juin 2026, 19 h 30<\/span><br \/><\/strong><\/span><\/h2>\n<p><span style=\"font-size: 14px;\">Pr\u00e9sent\u00e9e en partenariat avec<br \/><strong>Alfid Services Immobiliers<\/strong><br \/><\/span><\/p>\n<p><span style=\"font-size: 14px;\">Cinq finalistes<\/p>\n<p><\/span><\/p>\n<h2><span style=\"font-size: 14px;\"><strong><span style=\"color: #ff0000;\">Mercredi 3 juin 2026, VERS 22 h<\/span><\/strong><\/span><\/h2>\n<p><span style=\"font-size: 14px;\">Annonce des trois grands ou grandes finalistes<\/span><\/p>\n<hr \/>\n<h2><span style=\"font-size: 14px;\"><strong><span style=\"color: #ff0000;\">Grande finale<\/span><br \/><\/strong><\/span><span style=\"font-size: 14px;\"><span style=\"color: #ff0000;\"><strong>Jeudi 4 juin 2026, 19 h 30<\/strong><\/span><\/span><\/h2>\n<p><span style=\"font-size: 14px;\">Trois grands ou grandes finalistes<\/span><\/p>\n<hr \/>\n<p><span style=\"color: #ff0000; font-size: 14px;\"><strong><img loading=\"lazy\" decoding=\"async\" class=\"aligncenter size-full wp-image-25734\" src=\"\/wp-content\/uploads\/2022\/07\/Prix-et-bourses-concours-musical-international-de-Montreal.jpg\" alt=\"\" width=\"1200\" height=\"350\" srcset=\"\/wp-content\/uploads\/2022\/07\/Prix-et-bourses-concours-musical-international-de-Montreal.jpg 1200w, \/wp-content\/uploads\/2022\/07\/Prix-et-bourses-concours-musical-international-de-Montreal-768x224.jpg 768w\" sizes=\"auto, (max-width: 1200px) 100vw, 1200px\" \/><\/strong><\/span><\/p>\n<p><span style=\"font-size: 14px;\">\n<table id=\"tablepress-108\" class=\"tablepress tablepress-id-108\">\n<tbody>\n<tr class=\"row-1\">\n\t<td class=\"column-1\"><br \/>\n<CENTER><b><span style=\"font-size: 18px;\">C\u00c9R\u00c9MONIE DE CL\u00d4TURE<\/b><\/span><br \/>\n<br \/>\n<CENTER><span style=\"font-size: 16px;\">Pr\u00e9sent\u00e9e en partenariat avec<br \/>\n<b>Fondation Sandra et Alain Bouchard<\/b><br \/>\n<br \/>\n<b>Maison symphonique de Montr\u00e9al<\/b><br \/>\n1600, Saint-Urbain Street, Montreal (Qu\u00e9bec) H2X 0S1<br \/>\n<br\/><br \/>\n<\/td>\n<\/tr>\n<\/tbody>\n<\/table>\n<!-- #tablepress-108 from cache --><\/span><\/p>\n<h2><span style=\"color: #ff0000; font-size: 14px;\"><strong><br \/><\/strong><\/span><span style=\"font-size: 14px;\"><span style=\"color: #ff0000;\"><strong>Jeudi 4 juin 2026, 22 h<\/strong><\/span><\/span><\/h2>\n<a class=\"maxbutton-195 maxbutton maxbutton-prix-et-bourses\" target=\"_blank\" rel=\"noopener\" href=\"https:\/\/www.concoursmontreal.ca\/fr\/violon-2026\/prix-et-bourses\/\"><span class='mb-text'>PRIX ET BOURSES<\/span><\/a>\n<hr \/>\n<p><img loading=\"lazy\" decoding=\"async\" class=\"aligncenter size-full wp-image-41630\" src=\"\/wp-content\/uploads\/2025\/12\/2026-Violon_Mini_Violini_titre.jpg\" alt=\"\" width=\"1200\" height=\"350\" srcset=\"\/wp-content\/uploads\/2025\/12\/2026-Violon_Mini_Violini_titre.jpg 1200w, \/wp-content\/uploads\/2025\/12\/2026-Violon_Mini_Violini_titre-768x224.jpg 768w\" sizes=\"auto, (max-width: 1200px) 100vw, 1200px\" \/><br \/>\n<table id=\"tablepress-85\" class=\"tablepress tablepress-id-85\">\n<tbody>\n<tr class=\"row-1\">\n\t<td class=\"column-1\"><br \/>\n<CENTER><b><span style=\"font-size: 18px;\">MINI VIOLINI 2026<\/b><\/span><br \/>\n<br \/>\n<CENTER><span style=\"font-size: 16px;\">Pr\u00e9sentateur officiel<br \/>\n<b>Spinelli<\/b><br \/>\n<br \/>\n<CENTER>En marge des \u00e9preuves du Concours, le Mini Violini propose un rendez-vous m\u00e9morable avec des violonistes \u00e9patants \u00e2g\u00e9s de 10 \u00e0 14 ans. Venez \u00e0 la rencontre des quatre jeunes violonistes du Mini Violini 2026 et d\u00e9couvrez ces artistes dou\u00e9s, virtuoses et prodigieux.<br \/>\n<br \/>\n<b>Salle Bourgie du Mus\u00e9e des beaux-arts de Montr\u00e9al<\/b><br \/>\n1339, rue Sherbrooke Ouest, Montr\u00e9al (Qu\u00e9bec) H3G 1G2<br \/>\n<br\/><\/td>\n<\/tr>\n<tr class=\"row-2\">\n\t<td class=\"column-1\"><\/td>\n<\/tr>\n<\/tbody>\n<\/table>\n<!-- #tablepress-85 from cache --><\/p>\n<h2><span style=\"font-size: 14px;\"><strong><span style=\"color: #ff0000;\">Les Quatre saisons du Mini Violini<br \/>SAMEDI 30 MAI 2026, 13 h 30<\/span><\/strong><\/span><\/h2>\n<p><span style=\"font-size: 14px;\"><a href=\"https:\/\/www.concoursmontreal.ca\/fr\/violon-2026\/mini-violini\/\" target=\"_blank\" rel=\"noopener\">Laura Jin<\/a> (Australie)<br \/><a href=\"https:\/\/www.concoursmontreal.ca\/fr\/violon-2026\/mini-violini\/\" target=\"_blank\" rel=\"noopener\">Sacha Jorba-Wu<\/a> (Canada)<br \/><a href=\"https:\/\/www.concoursmontreal.ca\/fr\/violon-2026\/mini-violini\/\" target=\"_blank\" rel=\"noopener\">Iza Kamnitzer<\/a> (Canada)<br \/><a href=\"https:\/\/www.concoursmontreal.ca\/fr\/violon-2026\/mini-violini\/\" target=\"_blank\" rel=\"noopener\">Ria Kang<\/a> (\u00c9tats-Unis)<\/span><\/p>\n<a class=\"maxbutton-190 maxbutton maxbutton-renseignements-mini\" target=\"_blank\" rel=\"noopener\" href=\"https:\/\/www.concoursmontreal.ca\/fr\/violon-2026\/mini-violini\/\"><span class='mb-text'>RENSEIGNEMENTS et BILLETS<\/span><\/a>\n<hr \/>\n<p><span style=\"font-size: 14px;\"><a href=\"https:\/\/www.concoursmontreal.ca\/fr\/violon-2026\/sur-la-route\/\"><img loading=\"lazy\" decoding=\"async\" class=\"aligncenter wp-image-44409 size-full\" src=\"\/wp-content\/uploads\/2026\/04\/Titre_route-2026.jpg\" alt=\"\" width=\"1200\" height=\"350\" srcset=\"\/wp-content\/uploads\/2026\/04\/Titre_route-2026.jpg 1200w, \/wp-content\/uploads\/2026\/04\/Titre_route-2026-768x224.jpg 768w\" sizes=\"auto, (max-width: 1200px) 100vw, 1200px\" \/><\/a><br \/>\n<table id=\"tablepress-105\" class=\"tablepress tablepress-id-105\">\n<tbody>\n<tr class=\"row-1\">\n\t<td class=\"column-1\"><br \/>\n<CENTER><b><span style=\"font-size: 18px;\">LE CONCOURS SUR LA ROUTE<\/b><\/span><br \/>\n<br \/>\n<CENTER><span style=\"font-size: 16px;\">Pr\u00e9sent\u00e9 en partenariat avec <br \/>\n<b>Collection Leclerc Leprohon<\/b><br \/>\n<br \/>\n<CENTER> Le Concours ouvre de nouvelles perspectives afin d\u2019offrir \u00e0 un plus public plus large la virtuosit\u00e9 sans fronti\u00e8res. En collaboration avec trois partenaires de diffusion, les violonistes non retenus pour la Demi-finale du Concours 2026 auront l\u2019opportunit\u00e9 de se produire devant d\u2019autres auditoires et de pr\u00e9senter les programmes qu\u2019ils avaient initialement pr\u00e9par\u00e9s pour le Concours.<br \/>\n<br\/><\/td>\n<\/tr>\n<tr class=\"row-2\">\n\t<td class=\"column-1\"><\/td>\n<\/tr>\n<\/tbody>\n<\/table>\n<!-- #tablepress-105 from cache --><\/span><\/p>\n<h2><span style=\"color: #ff0000; font-size: 14px;\">DIMANCHE 31 MAI 2026<\/span><\/h2>\n<p><span style=\"font-size: 14px;\">\u2022 <strong>Centre d&rsquo;art de Richmond<\/strong>, Richmond<\/span><br \/><span style=\"font-size: 14px;\">\u2022 <strong>Concerts sur le fleuve<\/strong>, \u00cele des S\u0153urs<\/span><br \/><span style=\"font-size: 14px;\">\u2022 <strong>Le Vaisseau d&rsquo;art<\/strong>, Farnham<\/span><\/p>\n<a class=\"maxbutton-192 maxbutton maxbutton-renseignements-route\" target=\"_blank\" rel=\"noopener\" href=\"https:\/\/www.concoursmontreal.ca\/fr\/violon-2026\/sur-la-route\/\"><span class='mb-text'>RENSEIGNEMENTS et BILLETS<\/span><\/a>\n<hr \/>\n<p style=\"text-align: center;\"><a class=\"maxbutton-185 maxbutton maxbutton-concours-2026-fr\" href=\"https:\/\/concoursmontreal.ca\/fr\/violon-2026\/\"><span class='mb-text'>ACCUEIL - CONCOURS 2026<\/span><\/a><\/p>\n<p style=\"text-align: center;\"><a class=\"maxbutton-141 maxbutton maxbutton-billets-et-forfaits\" href=\"https:\/\/www.concoursmontreal.ca\/fr\/violon-2026\/billetterie\/\"><span class='mb-text'>BILLETS ET FORFAITS<\/span><\/a><\/p>\n<p style=\"text-align: center;\"><a class=\"maxbutton-74 maxbutton maxbutton-donnez-au-concours\" href=\"https:\/\/www.concoursmontreal.ca\/fr\/appuyez\/faire-un-don\/\"><span class='mb-text'>DONNEZ AU CONCOURS<\/span><\/a><\/p>\n","protected":false},"excerpt":{"rendered":"<p>Concours 2026 &#8211; PROGRAMMATION La virtuosit\u00e9 sans fronti\u00e8resDe la Premi\u00e8re \u00e9preuve \u00e0 la Grande finale, soyez aux premi\u00e8res loges des diff\u00e9rentes \u00e9tapes de l&rsquo;\u00e9dition Violon 2026 du Concours musical international de Montr\u00e9al.\u00a0 Premi\u00e8re \u00c9preuve &#8211; s\u00e9ance # 1Mercredi 27 mai 2026, 13 h 30 5 concurrents et concurrentes Premi\u00e8re \u00c9preuve &#8211; s\u00e9ance # 2Mercredi 27 [&hellip;]<\/p>\n","protected":false},"author":1,"featured_media":0,"parent":38329,"menu_order":1,"comment_status":"closed","ping_status":"closed","template":"","meta":{"_acf_changed":false,"footnotes":""},"class_list":["post-40263","page","type-page","status-publish","hentry"],"acf":[],"featured_media_src_url":null,"_links":{"self":[{"href":"https:\/\/concoursmontreal.ca\/fr\/wp-json\/wp\/v2\/pages\/40263","targetHints":{"allow":["GET"]}}],"collection":[{"href":"https:\/\/concoursmontreal.ca\/fr\/wp-json\/wp\/v2\/pages"}],"about":[{"href":"https:\/\/concoursmontreal.ca\/fr\/wp-json\/wp\/v2\/types\/page"}],"author":[{"embeddable":true,"href":"https:\/\/concoursmontreal.ca\/fr\/wp-json\/wp\/v2\/users\/1"}],"replies":[{"embeddable":true,"href":"https:\/\/concoursmontreal.ca\/fr\/wp-json\/wp\/v2\/comments?post=40263"}],"version-history":[{"count":6,"href":"https:\/\/concoursmontreal.ca\/fr\/wp-json\/wp\/v2\/pages\/40263\/revisions"}],"predecessor-version":[{"id":44649,"href":"https:\/\/concoursmontreal.ca\/fr\/wp-json\/wp\/v2\/pages\/40263\/revisions\/44649"}],"up":[{"embeddable":true,"href":"https:\/\/concoursmontreal.ca\/fr\/wp-json\/wp\/v2\/pages\/38329"}],"wp:attachment":[{"href":"https:\/\/concoursmontreal.ca\/fr\/wp-json\/wp\/v2\/media?parent=40263"}],"curies":[{"name":"wp","href":"https:\/\/api.w.org\/{rel}","templated":true}]}}