{"id":40238,"date":"2025-07-04T16:34:01","date_gmt":"2025-07-04T20:34:01","guid":{"rendered":"https:\/\/concoursmontreal.ca\/?page_id=40238"},"modified":"2026-03-17T15:01:53","modified_gmt":"2026-03-17T19:01:53","slug":"reglements","status":"publish","type":"page","link":"https:\/\/concoursmontreal.ca\/fr\/violon-2026\/reglements\/","title":{"rendered":"Renseignements et r\u00e8glements"},"content":{"rendered":"<h2 style=\"text-align: left;\">Concours 2026 &#8211; RENSEIGNEMENTS ET R\u00c8GLEMENTS<\/h2>\n<p style=\"text-align: left;\"><a href=\"\/wp-content\/uploads\/2024\/12\/Titre_regles_voix2025.jpg\"><img loading=\"lazy\" decoding=\"async\" class=\"size-full wp-image-36620 alignnone aligncenter\" src=\"\/wp-content\/uploads\/2024\/12\/Titre_regles_voix2025.jpg\" alt=\"\" width=\"1200\" height=\"350\" srcset=\"\/wp-content\/uploads\/2024\/12\/Titre_regles_voix2025.jpg 1200w, \/wp-content\/uploads\/2024\/12\/Titre_regles_voix2025-768x224.jpg 768w\" sizes=\"auto, (max-width: 1200px) 100vw, 1200px\" \/><\/a><\/p>\n<p style=\"text-align: center;\"><strong><span style=\"font-size: 18px;\"><span class=\"TextRun SCXW54382752 BCX8\" lang=\"FR-CA\" xml:lang=\"FR-CA\" data-contrast=\"none\"><span class=\"NormalTextRun SCXW54382752 BCX8\">Concours musical international de Montr\u00e9al 2026 &#8211; Violon<br \/>27 mai au 4<\/span> <span class=\"NormalTextRun SCXW54382752 BCX8\">juin 2026<\/span><\/span><span class=\"EOP SCXW54382752 BCX8\" data-ccp-props=\"{&quot;335551550&quot;:6,&quot;335551620&quot;:6}\"><\/p>\n<p><\/span><\/span><\/strong><\/p>\n<p style=\"text-align: left;\"><span style=\"font-size: 14px;\"><a class=\"maxbutton-183 maxbutton maxbutton-reglements-violon-2026\" target=\"_blank\" rel=\"noopener\" href=\"\/wp-content\/uploads\/2025\/10\/VIOLON-2026-REGLEMENTS-ET-CONDITIONS-DE-PARTICIPATION_03.pdf\" download=\"\"><span class='mb-text'>R\u00c8GLEMENTS - 2026<\/span><\/a><\/span><\/p>\n<p style=\"text-align: left;\">\u00a0<\/p>\n<p style=\"text-align: left;\"><span style=\"color: #f60000; font-size: 14px;\"><b>ADMISSIBILIT\u00c9\u202f<\/b><\/span><\/p>\n<p style=\"text-align: left;\"><span style=\"font-size: 14px;\">L\u2019\u00e9dition <b>Violon 2026<\/b> du CMIM est ouverte aux violonistes classiques de toutes nationalit\u00e9s, n\u00e9s inclusivement entre 1995 et 2009, et qui sont au d\u00e9but de leur carri\u00e8re professionnelle.\u00a0<\/span><\/p>\n<p style=\"text-align: left;\"><span style=\"font-size: 14px;\">Les laur\u00e9ats et laur\u00e9ates du CMIM des \u00e9ditions ant\u00e9rieures consacr\u00e9es au Violon sont inadmissibles \u00e0 l\u2019\u00e9dition Violon 2026.\u202f\u00a0<\/span><\/p>\n<p style=\"text-align: left;\"><span style=\"font-size: 14px;\">Tous les concurrents et les concurrentes s\u00e9lectionn\u00e9s doivent \u00eatre libres de tout engagement et disponibles pour se produire \u00e0 Montr\u00e9al entre le 26 mai et le 4 juin 2026 inclusivement.\u202f\u00a0<\/span><\/p>\n<p style=\"text-align: left;\">\u00a0<\/p>\n<p style=\"text-align: left;\"><span style=\"color: #f60000; font-size: 14px;\"><b>DATES IMPORTANTES<\/b>\u00a0<\/span><\/p>\n<ul style=\"text-align: left;\">\n<li data-leveltext=\"\uf0b7\" data-font=\"Symbol\" data-listid=\"3\" data-list-defn-props=\"{&quot;335552541&quot;:1,&quot;335559685&quot;:720,&quot;335559991&quot;:360,&quot;469769226&quot;:&quot;Symbol&quot;,&quot;469769242&quot;:[8226],&quot;469777803&quot;:&quot;left&quot;,&quot;469777804&quot;:&quot;\uf0b7&quot;,&quot;469777815&quot;:&quot;multilevel&quot;}\" aria-setsize=\"-1\" data-aria-posinset=\"1\" data-aria-level=\"1\"><span style=\"font-size: 14px;\">3 septembre 2025 : D\u00e9but de la soumission des dossiers de candidature<\/span><\/li>\n<li data-leveltext=\"\uf0b7\" data-font=\"Symbol\" data-listid=\"3\" data-list-defn-props=\"{&quot;335552541&quot;:1,&quot;335559685&quot;:720,&quot;335559991&quot;:360,&quot;469769226&quot;:&quot;Symbol&quot;,&quot;469769242&quot;:[8226],&quot;469777803&quot;:&quot;left&quot;,&quot;469777804&quot;:&quot;\uf0b7&quot;,&quot;469777815&quot;:&quot;multilevel&quot;}\" aria-setsize=\"-1\" data-aria-posinset=\"1\" data-aria-level=\"1\"><span style=\"font-size: 14px;\">31 octobre 2025 : Date limite pour soumettre les dossiers de candidature\u00a0<\/span><\/li>\n<li data-leveltext=\"\uf0b7\" data-font=\"Symbol\" data-listid=\"3\" data-list-defn-props=\"{&quot;335552541&quot;:1,&quot;335559685&quot;:720,&quot;335559991&quot;:360,&quot;469769226&quot;:&quot;Symbol&quot;,&quot;469769242&quot;:[8226],&quot;469777803&quot;:&quot;left&quot;,&quot;469777804&quot;:&quot;\uf0b7&quot;,&quot;469777815&quot;:&quot;multilevel&quot;}\" aria-setsize=\"-1\" data-aria-posinset=\"1\" data-aria-level=\"1\"><span style=\"font-size: 14px;\">22 d\u00e9cembre 2025 : Confirmation de participation des concurrents et des concurrentes\u00a0<\/span><\/li>\n<li data-leveltext=\"\uf0b7\" data-font=\"Symbol\" data-listid=\"3\" data-list-defn-props=\"{&quot;335552541&quot;:1,&quot;335559685&quot;:720,&quot;335559991&quot;:360,&quot;469769226&quot;:&quot;Symbol&quot;,&quot;469769242&quot;:[8226],&quot;469777803&quot;:&quot;left&quot;,&quot;469777804&quot;:&quot;\uf0b7&quot;,&quot;469777815&quot;:&quot;multilevel&quot;}\" aria-setsize=\"-1\" data-aria-posinset=\"1\" data-aria-level=\"1\"><span style=\"font-size: 14px;\">16 janvier 2026 : Transmission des programmes finaux<\/span><\/li>\n<li data-leveltext=\"\uf0b7\" data-font=\"Symbol\" data-listid=\"3\" data-list-defn-props=\"{&quot;335552541&quot;:1,&quot;335559685&quot;:720,&quot;335559991&quot;:360,&quot;469769226&quot;:&quot;Symbol&quot;,&quot;469769242&quot;:[8226],&quot;469777803&quot;:&quot;left&quot;,&quot;469777804&quot;:&quot;\uf0b7&quot;,&quot;469777815&quot;:&quot;multilevel&quot;}\" aria-setsize=\"-1\" data-aria-posinset=\"1\" data-aria-level=\"1\"><span style=\"font-size: 14px;\">4 f\u00e9vrier : Annonce officielle des concurrents et des concurrentes de Violon 2026<\/span><\/li>\n<li data-leveltext=\"\uf0b7\" data-font=\"Symbol\" data-listid=\"3\" data-list-defn-props=\"{&quot;335552541&quot;:1,&quot;335559685&quot;:720,&quot;335559991&quot;:360,&quot;469769226&quot;:&quot;Symbol&quot;,&quot;469769242&quot;:[8226],&quot;469777803&quot;:&quot;left&quot;,&quot;469777804&quot;:&quot;\uf0b7&quot;,&quot;469777815&quot;:&quot;multilevel&quot;}\" aria-setsize=\"-1\" data-aria-posinset=\"1\" data-aria-level=\"1\"><span style=\"font-size: 14px;\">25 mai : Arriv\u00e9e des concurrents et des concurrentes \u00e0 Montr\u00e9al<\/span><\/li>\n<li data-leveltext=\"\uf0b7\" data-font=\"Symbol\" data-listid=\"3\" data-list-defn-props=\"{&quot;335552541&quot;:1,&quot;335559685&quot;:720,&quot;335559991&quot;:360,&quot;469769226&quot;:&quot;Symbol&quot;,&quot;469769242&quot;:[8226],&quot;469777803&quot;:&quot;left&quot;,&quot;469777804&quot;:&quot;\uf0b7&quot;,&quot;469777815&quot;:&quot;multilevel&quot;}\" aria-setsize=\"-1\" data-aria-posinset=\"1\" data-aria-level=\"1\"><span style=\"font-size: 14px;\">27 au 29 mai : Premi\u00e8re \u00e9preuve<\/span><\/li>\n<li data-leveltext=\"\uf0b7\" data-font=\"Symbol\" data-listid=\"3\" data-list-defn-props=\"{&quot;335552541&quot;:1,&quot;335559685&quot;:720,&quot;335559991&quot;:360,&quot;469769226&quot;:&quot;Symbol&quot;,&quot;469769242&quot;:[8226],&quot;469777803&quot;:&quot;left&quot;,&quot;469777804&quot;:&quot;\uf0b7&quot;,&quot;469777815&quot;:&quot;multilevel&quot;}\" aria-setsize=\"-1\" data-aria-posinset=\"1\" data-aria-level=\"1\"><span style=\"font-size: 14px;\">30-31 mai : Demi-finale\u00a0<\/span><\/li>\n<li data-leveltext=\"\uf0b7\" data-font=\"Symbol\" data-listid=\"3\" data-list-defn-props=\"{&quot;335552541&quot;:1,&quot;335559685&quot;:720,&quot;335559991&quot;:360,&quot;469769226&quot;:&quot;Symbol&quot;,&quot;469769242&quot;:[8226],&quot;469777803&quot;:&quot;left&quot;,&quot;469777804&quot;:&quot;\uf0b7&quot;,&quot;469777815&quot;:&quot;multilevel&quot;}\" aria-setsize=\"-1\" data-aria-posinset=\"1\" data-aria-level=\"1\"><span style=\"font-size: 14px;\">3 juin : Finale #1 &#8211; Mozart\u00a0<\/span><\/li>\n<li data-leveltext=\"\uf0b7\" data-font=\"Symbol\" data-listid=\"3\" data-list-defn-props=\"{&quot;335552541&quot;:1,&quot;335559685&quot;:720,&quot;335559991&quot;:360,&quot;469769226&quot;:&quot;Symbol&quot;,&quot;469769242&quot;:[8226],&quot;469777803&quot;:&quot;left&quot;,&quot;469777804&quot;:&quot;\uf0b7&quot;,&quot;469777815&quot;:&quot;multilevel&quot;}\" aria-setsize=\"-1\" data-aria-posinset=\"1\" data-aria-level=\"1\"><span style=\"font-size: 14px;\">4 juin: Grande Finale et c\u00e9r\u00e9monie de cl\u00f4ture\u00a0<\/span><\/li>\n<\/ul>\n<p style=\"text-align: left;\"><span style=\"font-size: 14px;\" data-ccp-props=\"{}\">\u00a0<\/span><\/p>\n<p style=\"text-align: left;\"><span style=\"color: #f60000; font-size: 14px;\"><b>PRIX ET BOURSES<\/b>\u00a0<\/span><\/p>\n<p style=\"text-align: left;\"><span style=\"font-size: 14px;\">Plus de 150 000 $ de prix, bourses et engagments* seront attribu\u00e9s aux laur\u00e9at.e.s et gagnant.e.s de l&rsquo;\u00e9dition Violon 2026.<br \/><\/span><span style=\"font-size: 14px;\"><a href=\"https:\/\/www.concoursmontreal.ca\/fr\/violon-2026\/prix-et-bourses\/\">Voyez tous les prix en ligne<\/a>.<\/span><\/p>\n<p style=\"text-align: left;\"><span style=\"font-size: 14px;\" data-ccp-props=\"{}\"><br \/><\/span><span style=\"color: #f60000; font-size: 14px;\"><b>TRANSPORT ET H\u00c9BERGEMENT OFFERTS PAR LE CMIM\u202f<\/b>\u00a0<\/span><\/p>\n<p style=\"text-align: left;\"><span style=\"font-size: 14px;\">Les frais de transport des concurrents et des concurrentes retenus pour les \u00e9preuves du CMIM seront assum\u00e9s en classe \u00e9conomique par l\u2019organisation, selon les conditions \u00e9tablies par cette derni\u00e8re. Les frais li\u00e9s au premier bagage seront pris en charge par le CMIM.\u00a0<\/span><\/p>\n<p style=\"text-align: left;\"><span style=\"font-size: 14px;\">Les frais suppl\u00e9mentaires pour les vols multi-destinations, un s\u00e9jour prolong\u00e9 ou d\u2019autres demandes sp\u00e9ciales sont \u00e0 la charge exclusive du concurrent ou de la concurrente.\u00a0<\/span><\/p>\n<p style=\"text-align: left;\"><span style=\"font-size: 14px;\">Les concurrents et les concurrentes seront h\u00e9berg\u00e9s gratuitement chez des familles d\u2019accueil de la r\u00e9gion de Montr\u00e9al. Les concurrents et les concurrentes qui choisissent un autre mode d\u2019h\u00e9bergement doivent en assumer l\u2019enti\u00e8ret\u00e9 des frais.\u00a0<\/span><\/p>\n<p style=\"text-align: left;\"><span style=\"font-size: 14px;\" data-contrast=\"auto\">Les frais de voyage, d\u2019h\u00e9bergement et de s\u00e9jour de toute personne accompagnant une concurrente ou un concurrent ne sont pas assum\u00e9s par le Concours.<\/span><\/p>\n<p style=\"text-align: left;\">\u00a0<\/p>\n<p style=\"text-align: left;\"><span style=\"color: #f60000; font-size: 14px;\"><b>PIANISTES<\/b>\u00a0<\/span><\/p>\n<p style=\"text-align: left;\"><span style=\"font-size: 14px;\">Une ou un pianiste officiel du CMIM sera affect\u00e9 \u00e0 chacun des concurrents et des concurrentes, et ce, pour l\u2019ensemble de la dur\u00e9e des \u00e9preuves avec piano.\u202f\u00a0<\/span><\/p>\n<p style=\"text-align: left;\"><span style=\"font-size: 14px;\">Les concurrents et les concurrentes peuvent aussi choisir de participer \u00e0 la Premi\u00e8re \u00e9preuve et \u00e0 la Demi-finale avec leur propre pianiste.\u00a0<\/span><\/p>\n<p style=\"text-align: left;\"><span style=\"font-size: 14px;\" data-contrast=\"auto\">Ces pianistes seront log\u00e9s gratuitement dans des familles d\u2019accueil de la r\u00e9gion de Montr\u00e9al. Les frais de d\u00e9placement de ces pianistes sont \u00e0 la charge enti\u00e8re des concurrents et des concurrentes et\/ou des pianistes.<\/span><\/p>\n<p style=\"text-align: left;\">\u00a0<\/p>\n<p style=\"text-align: left;\"><span style=\"color: #f60000; font-size: 14px;\"><b>PROCESSUS DE S\u00c9LECTION<\/b>\u00a0<\/span><\/p>\n<p style=\"text-align: left;\"><span style=\"font-size: 14px;\">La direction du CMIM passera en revue toutes les candidatures afin de s\u2019assurer qu\u2019elles sont compl\u00e8tes et que les vid\u00e9os soumises r\u00e9pondent aux normes techniques exig\u00e9es. Le CMIM se r\u00e9serve le droit de disqualifier tout candidat ou toute candidate ne satisfaisant pas aux exigences de la demande.\u202f\u00a0\u00a0<\/span><\/p>\n<p style=\"text-align: left;\"><span style=\"font-size: 14px;\">Un jury pr\u00e9liminaire visionnera et \u00e9valuera les vid\u00e9os des auditions et passera en revue les candidatures.\u202f\u00a0<\/span><\/p>\n<p style=\"text-align: left;\"><span style=\"font-size: 14px;\">Un maximum de 24 candidatures sera s\u00e9lectionn\u00e9 pour participer \u00e0 l\u2019\u00e9dition Violon 2026 \u00e0 Montr\u00e9al.\u00a0<\/span><\/p>\n<p style=\"text-align: left;\"><span style=\"font-size: 14px;\" data-contrast=\"none\">Les concurrents et les concurrentes s\u00e9lectionn\u00e9s ainsi que les candidats et les candidates non retenus seront avis\u00e9s des r\u00e9sultats de la s\u00e9lection pr\u00e9liminaire au plus tard le 12 d\u00e9cembre 2025.<\/span><\/p>\n<p style=\"text-align: left;\"><span style=\"color: #ff0000;\">_______________<\/span><\/p>\n<h2 style=\"text-align: left;\"><span style=\"color: #f60000; font-size: 14px;\"><b>\u00c9PREUVES\u202f<\/b>\u00a0<\/span><\/h2>\n<p style=\"text-align: left;\"><span style=\"font-size: 14px;\">Le r\u00e9pertoire choisi pour les programmes des \u00e9preuves du Concours peut inclure les \u0153uvres enregistr\u00e9es pour les vid\u00e9os d\u2019audition. Aucune autre reprise de r\u00e9pertoire n\u2019est permise lors des \u00e9preuves du Concours.\u00a0<\/span><\/p>\n<p style=\"text-align: left;\"><span style=\"font-size: 14px;\" data-contrast=\"none\">Le jury tiendra compte de la difficult\u00e9 et du m\u00e9rite artistique des programmes pour chaque \u00e9preuve.\u202f<\/span><\/p>\n<p style=\"text-align: left;\"><span style=\"font-size: 14px;\">Les r\u00e9sultats finaux seront \u00e9tablis en fonction du cumul des r\u00e9sultats obtenus lors de l\u2019ensemble des \u00e9preuves.\u00a0<\/span><\/p>\n<p style=\"text-align: left;\">\u00a0<\/p>\n<p style=\"text-align: left;\"><span style=\"color: #f60000; font-size: 14px;\"><b>___ Premi\u00e8re \u00e9preuve<\/b>\u00a0<\/span><\/p>\n<p style=\"text-align: left;\"><span style=\"font-size: 14px;\">Les vingt-quatre concurrents et concurrentes s\u00e9lectionn\u00e9s pr\u00e9senteront un programme de 25 \u00e0 30 minutes de musique avec accompagnement au piano.\u00a0<\/span><\/p>\n<p style=\"text-align: left;\"><span style=\"font-size: 14px;\">Le r\u00e9pertoire de la Premi\u00e8re \u00e9preuve doit comprendre un minimum de trois \u0153uvres repr\u00e9sentant au moins trois p\u00e9riodes musicales distinctes.\u00a0\u00a0<\/span><\/p>\n<p style=\"text-align: left;\"><span style=\"font-size: 14px;\">Ce programme devra notamment comprendre :\u00a0<\/span><\/p>\n<ul style=\"text-align: left;\">\n<li data-leveltext=\"\uf0b7\" data-font=\"Symbol\" data-listid=\"5\" data-list-defn-props=\"{&quot;335552541&quot;:1,&quot;335559685&quot;:840,&quot;335559991&quot;:360,&quot;469769226&quot;:&quot;Symbol&quot;,&quot;469769242&quot;:[8226],&quot;469777803&quot;:&quot;left&quot;,&quot;469777804&quot;:&quot;\uf0b7&quot;,&quot;469777815&quot;:&quot;hybridMultilevel&quot;}\" aria-setsize=\"-1\" data-aria-posinset=\"1\" data-aria-level=\"1\"><span style=\"font-size: 14px;\">Une \u0153uvre de J.S. Bach, Telemann, ou d\u2019un autre compositeur baroque;\u00a0<\/span><\/li>\n<li data-leveltext=\"\uf0b7\" data-font=\"Symbol\" data-listid=\"5\" data-list-defn-props=\"{&quot;335552541&quot;:1,&quot;335559685&quot;:840,&quot;335559991&quot;:360,&quot;469769226&quot;:&quot;Symbol&quot;,&quot;469769242&quot;:[8226],&quot;469777803&quot;:&quot;left&quot;,&quot;469777804&quot;:&quot;\uf0b7&quot;,&quot;469777815&quot;:&quot;hybridMultilevel&quot;}\" aria-setsize=\"-1\" data-aria-posinset=\"1\" data-aria-level=\"1\"><span style=\"font-size: 14px;\">Une \u0153uvre de virtuosit\u00e9 (Bazzini, Ernst, Paganini, Saint-Sa\u00ebns, Sarasate, Waxman, Wieniawski&#8230;);\u00a0<\/span><\/li>\n<li data-leveltext=\"\uf0b7\" data-font=\"Symbol\" data-listid=\"5\" data-list-defn-props=\"{&quot;335552541&quot;:1,&quot;335559685&quot;:840,&quot;335559991&quot;:360,&quot;469769226&quot;:&quot;Symbol&quot;,&quot;469769242&quot;:[8226],&quot;469777803&quot;:&quot;left&quot;,&quot;469777804&quot;:&quot;\uf0b7&quot;,&quot;469777815&quot;:&quot;hybridMultilevel&quot;}\" aria-setsize=\"-1\" data-aria-posinset=\"1\" data-aria-level=\"1\"><span style=\"font-size: 14px;\">Une \u0153uvre de choix d\u2019une troisi\u00e8me p\u00e9riode musicale.\u00a0<\/span><\/li>\n<\/ul>\n<p style=\"text-align: left;\"><span style=\"font-size: 14px;\">L\u2019inclusion d\u2019un seul mouvement d\u2019une \u0153uvre est autoris\u00e9e.\u00a0<\/span><\/p>\n<p style=\"text-align: left;\"><span style=\"font-size: 14px;\">Dix violonistes seront s\u00e9lectionn\u00e9s par le jury international pour participer \u00e0 la Demi-finale.\u00a0<\/span><\/p>\n<p style=\"text-align: left;\">\u00a0<\/p>\n<p style=\"text-align: left;\"><span style=\"color: #ff0000; font-size: 14px;\"><b><span style=\"color: #f60000; font-size: 14px;\">___ <\/span>Demi-finale<\/b>\u00a0<\/span><\/p>\n<p style=\"text-align: left;\"><span style=\"font-size: 14px;\">Les dix demi-finalistes pr\u00e9senteront un programme de 50 \u00e0 55 minutes de musique avec accompagnement au piano.\u00a0<\/span><\/p>\n<p style=\"text-align: left;\"><span style=\"font-size: 14px;\">Le r\u00e9pertoire de la Demi-finale doit comprendre un minimum de trois \u0153uvres incluant les \u00e9l\u00e9ments suivants :\u00a0<\/span><\/p>\n<ul style=\"text-align: left;\">\n<li data-leveltext=\"\uf0b7\" data-font=\"Symbol\" data-listid=\"5\" data-list-defn-props=\"{&quot;335552541&quot;:1,&quot;335559685&quot;:840,&quot;335559991&quot;:360,&quot;469769226&quot;:&quot;Symbol&quot;,&quot;469769242&quot;:[8226],&quot;469777803&quot;:&quot;left&quot;,&quot;469777804&quot;:&quot;\uf0b7&quot;,&quot;469777815&quot;:&quot;hybridMultilevel&quot;}\" aria-setsize=\"-1\" data-aria-posinset=\"4\" data-aria-level=\"1\"><span style=\"font-size: 14px;\">Une sonate compl\u00e8te de compositeurs (Bart\u00f3k, Beethoven, Brahms, Debussy, Enescu, Faur\u00e9, Franck, Jan\u00e1\u010dek, Prokofiev, Ravel, Schnittke, Schumann, Schubert ou R. Strauss&#8230;);<\/span><\/li>\n<li data-leveltext=\"\uf0b7\" data-font=\"Symbol\" data-listid=\"5\" data-list-defn-props=\"{&quot;335552541&quot;:1,&quot;335559685&quot;:840,&quot;335559991&quot;:360,&quot;469769226&quot;:&quot;Symbol&quot;,&quot;469769242&quot;:[8226],&quot;469777803&quot;:&quot;left&quot;,&quot;469777804&quot;:&quot;\uf0b7&quot;,&quot;469777815&quot;:&quot;hybridMultilevel&quot;}\" aria-setsize=\"-1\" data-aria-posinset=\"4\" data-aria-level=\"1\"><span style=\"font-size: 14px;\">Une \u0153uvre au choix du concurrent de n\u2019importe quel compositeur ;\u00a0<\/span><\/li>\n<li data-leveltext=\"\uf0b7\" data-font=\"Symbol\" data-listid=\"5\" data-list-defn-props=\"{&quot;335552541&quot;:1,&quot;335559685&quot;:840,&quot;335559991&quot;:360,&quot;469769226&quot;:&quot;Symbol&quot;,&quot;469769242&quot;:[8226],&quot;469777803&quot;:&quot;left&quot;,&quot;469777804&quot;:&quot;\uf0b7&quot;,&quot;469777815&quot;:&quot;hybridMultilevel&quot;}\" aria-setsize=\"-1\" data-aria-posinset=\"4\" data-aria-level=\"1\"><span style=\"font-size: 14px;\">Une \u0153uvre d\u2019une compositrice ou d\u2019un compositeur canadien au choix du violoniste.\u00a0 Pour une liste d&rsquo;oeuvres sugg\u00e9r\u00e9es en r\u00e9f\u00e9rence, veuillez en faire la demande \u00e0 candidates@concoursmontreal.ca.<\/span><\/li>\n<\/ul>\n<p style=\"text-align: left;\"><span style=\"font-size: 14px;\" data-contrast=\"none\">Cinq violonistes seront s\u00e9lectionn\u00e9s par le jury international pour participer \u00e0 la Finale.<\/span><\/p>\n<p style=\"text-align: left;\">\u00a0<\/p>\n<p style=\"text-align: left;\"><span style=\"color: #f60000; font-size: 14px;\"><b>___ Finale<\/b>\u00a0<\/span><\/p>\n<p style=\"text-align: left;\"><span style=\"font-size: 14px;\">La Finale de Violon 2026 comprend deux \u00e9tapes\u202f:\u00a0<\/span><\/p>\n<p>&nbsp;<\/p>\n<p style=\"text-align: left;\"><span style=\"color: #f60000; font-size: 14px;\"><b>I \u2013 Finale : \u00c9preuve Mozart<\/b>\u00a0<\/span><\/p>\n<p style=\"text-align: left;\"><span style=\"font-size: 14px;\">Cinq violonistes pr\u00e9senteront un concerto de W.A. Mozart pour violon et orchestre avec l\u2019Orchestre symphonique de Montr\u00e9al, parmi les options suivantes\u202f:\u00a0<\/span><\/p>\n<ul>\n<li style=\"text-align: left;\"><span style=\"font-size: 14px;\">Concerto pour violon\u202fno\u202f1 en\u202fsi b\u00e9mol majeur,\u202fK. 207<\/span><\/li>\n<li style=\"text-align: left;\"><span style=\"font-size: 14px;\">Concerto pour violon no 2\u202fen\u202fr\u00e9 majeur,\u202fK.\u202f211<\/span><\/li>\n<li style=\"text-align: left;\"><span style=\"font-size: 14px;\">Concerto pour violon\u202fno 3 en\u202fsol majeur\u202f,\u202fK. 216\u202f <\/span><\/li>\n<li style=\"text-align: left;\"><span style=\"font-size: 14px;\">Concerto pour violon\u202fno 4 en r\u00e9 majeur,\u202fK.\u202f218\u00a0<\/span><\/li>\n<\/ul>\n<p style=\"text-align: left;\"><span style=\"font-size: 14px;\" data-contrast=\"none\">Trois violonistes seront s\u00e9lectionn\u00e9s par le jury international pour participer \u00e0 la Grande Finale.<\/span><\/p>\n<p>&nbsp;<\/p>\n<p style=\"text-align: left;\"><span style=\"color: #f60000; font-size: 14px;\"><b>II &#8211; Grande Finale<\/b>\u00a0<\/span><\/p>\n<p style=\"text-align: left;\"><span style=\"font-size: 14px;\">Trois violonistes pr\u00e9senteront un concerto majeur pour violon et orchestre avec l\u2019Orchestre symphonique de Montr\u00e9al. Le choix du concerto doit \u00eatre fait parmi les \u0153uvres \u00e9num\u00e9r\u00e9es \u00e0 l\u2019annexe 2 du document <strong><em>Renseignements, r\u00e8glements et conditions de participation <\/em><\/strong>(voir plus haut)\u00a0Tout autre choix de concerto devra faire l\u2019objet d\u2019une approbation pr\u00e9alable du CMIM.<\/span><\/p>\n<p>&nbsp;<\/p>\n<p style=\"text-align: left;\"><span style=\"color: #ff0000;\">_______________<\/span><\/p>\n<h2 style=\"text-align: left;\"><span style=\"font-size: 14px;\"><span style=\"color: #f60000; font-size: 14px;\"><b>Renseignements<\/b><\/span><\/span><\/h2>\n<p style=\"text-align: left;\"><span style=\"font-size: 14px;\">Pour toute question concernant la soumission d\u2019une candidature, veuillez contacter : <a href=\"#Y2FuZGlkYXRlc0Bjb25jb3Vyc21vbnRyZWFsLmNh\" class=\"mailto\" rel=\"email\">candidates@concoursmontreal.ca<\/a><\/span><\/p>\n<p>&nbsp;<\/p>\n<a class=\"maxbutton-185 maxbutton maxbutton-concours-2026-fr\" href=\"https:\/\/concoursmontreal.ca\/fr\/violon-2026\/\"><span class='mb-text'>ACCUEIL - CONCOURS 2026<\/span><\/a>\n<p>\u00a0 \u00a0<br \/>\n<a class=\"maxbutton-141 maxbutton maxbutton-billets-et-forfaits\" href=\"https:\/\/www.concoursmontreal.ca\/fr\/violon-2026\/billetterie\/\"><span class='mb-text'>BILLETS ET FORFAITS<\/span><\/a><\/p>\n<a class=\"maxbutton-74 maxbutton maxbutton-donnez-au-concours\" href=\"https:\/\/www.concoursmontreal.ca\/fr\/appuyez\/faire-un-don\/\"><span class='mb-text'>DONNEZ AU CONCOURS<\/span><\/a>\n","protected":false},"excerpt":{"rendered":"<p>Concours 2026 &#8211; RENSEIGNEMENTS ET R\u00c8GLEMENTS Concours musical international de Montr\u00e9al 2026 &#8211; Violon27 mai au 4 juin 2026 \u00a0 ADMISSIBILIT\u00c9\u202f L\u2019\u00e9dition Violon 2026 du CMIM est ouverte aux violonistes classiques de toutes nationalit\u00e9s, n\u00e9s inclusivement entre 1995 et 2009, et qui sont au d\u00e9but de leur carri\u00e8re professionnelle.\u00a0 Les laur\u00e9ats et laur\u00e9ates du CMIM [&hellip;]<\/p>\n","protected":false},"author":1,"featured_media":0,"parent":38329,"menu_order":17,"comment_status":"closed","ping_status":"closed","template":"","meta":{"_acf_changed":false,"footnotes":""},"class_list":["post-40238","page","type-page","status-publish","hentry"],"acf":[],"featured_media_src_url":null,"_links":{"self":[{"href":"https:\/\/concoursmontreal.ca\/fr\/wp-json\/wp\/v2\/pages\/40238","targetHints":{"allow":["GET"]}}],"collection":[{"href":"https:\/\/concoursmontreal.ca\/fr\/wp-json\/wp\/v2\/pages"}],"about":[{"href":"https:\/\/concoursmontreal.ca\/fr\/wp-json\/wp\/v2\/types\/page"}],"author":[{"embeddable":true,"href":"https:\/\/concoursmontreal.ca\/fr\/wp-json\/wp\/v2\/users\/1"}],"replies":[{"embeddable":true,"href":"https:\/\/concoursmontreal.ca\/fr\/wp-json\/wp\/v2\/comments?post=40238"}],"version-history":[{"count":6,"href":"https:\/\/concoursmontreal.ca\/fr\/wp-json\/wp\/v2\/pages\/40238\/revisions"}],"predecessor-version":[{"id":42971,"href":"https:\/\/concoursmontreal.ca\/fr\/wp-json\/wp\/v2\/pages\/40238\/revisions\/42971"}],"up":[{"embeddable":true,"href":"https:\/\/concoursmontreal.ca\/fr\/wp-json\/wp\/v2\/pages\/38329"}],"wp:attachment":[{"href":"https:\/\/concoursmontreal.ca\/fr\/wp-json\/wp\/v2\/media?parent=40238"}],"curies":[{"name":"wp","href":"https:\/\/api.w.org\/{rel}","templated":true}]}}