{"id":38586,"date":"2025-03-11T13:33:23","date_gmt":"2025-03-11T17:33:23","guid":{"rendered":"https:\/\/www.concoursmontreal.ca\/?page_id=38586"},"modified":"2025-04-08T13:51:14","modified_gmt":"2025-04-08T17:51:14","slug":"archives","status":"publish","type":"page","link":"https:\/\/concoursmontreal.ca\/fr\/archives\/","title":{"rendered":"Archives"},"content":{"rendered":"<h2 style=\"text-align: left;\">Archives<\/h2>\n<p style=\"text-align: left;\"><img loading=\"lazy\" decoding=\"async\" class=\"size-full wp-image-38900 alignnone\" src=\"\/wp-content\/uploads\/2025\/04\/Titre_Archives-2025.jpg\" alt=\"\" width=\"1200\" height=\"350\" srcset=\"\/wp-content\/uploads\/2025\/04\/Titre_Archives-2025.jpg 1200w, \/wp-content\/uploads\/2025\/04\/Titre_Archives-2025-768x224.jpg 768w\" sizes=\"auto, (max-width: 1200px) 100vw, 1200px\" \/><\/p>\n<p style=\"text-align: left;\"><span style=\"font-size: 14px;\">Le <strong>Concours musical international de Montr\u00e9al<\/strong> r\u00e9compense chaque ann\u00e9e des artistes d\u2019exception dans les disciplines du chant, du violon et du piano.<\/span><\/p>\n<p style=\"text-align: left;\"><span style=\"font-size: 14px;\">Voici un rappel des bons moments partag\u00e9s \u00e0 Montr\u00e9al en compagnie de jeunes musiciens remarquables pour chacune des <strong><a href=\"https:\/\/www.concoursmontreal.ca\/fr\/archives\/editions-passees\/\" target=\"_blank\" rel=\"noopener\">\u00e9ditions pass\u00e9es<\/a><\/strong> depuis la cr\u00e9ation du Concours en 2001.<\/span><\/p>\n<p style=\"text-align: left;\"><span style=\"font-size: 14px;\">Les<strong> <a href=\"https:\/\/www.concoursmontreal.ca\/fr\/archives\/laureats\/\" target=\"_blank\" rel=\"noopener\">laur\u00e9ats et les laur\u00e9ates du CMIM<\/a><\/strong>\u00a0sont de v\u00e9ritables sources d\u2019inspiration. Ils font notre fiert\u00e9. Ils sont \u00e9galement de pr\u00e9cieux ambassadeurs de notre Concours \u00e0 travers le monde, t\u00e9moignant de la richesse artistique que nous soutenons et c\u00e9l\u00e9brons avec passion.<\/span><\/p>\n<p style=\"text-align: left;\"><span style=\"font-size: 14px;\">Merci \u00e0 tous ceux qui contribuent aux succ\u00e8s du CMIM, artistes, jury et partenaires.<\/span><\/p>\n<p style=\"text-align: left;\"><span style=\"font-size: 14px;\">Rendez-vous \u00e0 la prochaine \u00e9dition !<\/span><\/p>\n","protected":false},"excerpt":{"rendered":"<p>Archives Le Concours musical international de Montr\u00e9al r\u00e9compense chaque ann\u00e9e des artistes d\u2019exception dans les disciplines du chant, du violon et du piano. Voici un rappel des bons moments partag\u00e9s \u00e0 Montr\u00e9al en compagnie de jeunes musiciens remarquables pour chacune des \u00e9ditions pass\u00e9es depuis la cr\u00e9ation du Concours en 2001. Les laur\u00e9ats et les laur\u00e9ates [&hellip;]<\/p>\n","protected":false},"author":1,"featured_media":0,"parent":0,"menu_order":0,"comment_status":"closed","ping_status":"closed","template":"","meta":{"_acf_changed":false,"footnotes":""},"class_list":["post-38586","page","type-page","status-publish","hentry"],"acf":[],"featured_media_src_url":null,"_links":{"self":[{"href":"https:\/\/concoursmontreal.ca\/fr\/wp-json\/wp\/v2\/pages\/38586","targetHints":{"allow":["GET"]}}],"collection":[{"href":"https:\/\/concoursmontreal.ca\/fr\/wp-json\/wp\/v2\/pages"}],"about":[{"href":"https:\/\/concoursmontreal.ca\/fr\/wp-json\/wp\/v2\/types\/page"}],"author":[{"embeddable":true,"href":"https:\/\/concoursmontreal.ca\/fr\/wp-json\/wp\/v2\/users\/1"}],"replies":[{"embeddable":true,"href":"https:\/\/concoursmontreal.ca\/fr\/wp-json\/wp\/v2\/comments?post=38586"}],"version-history":[{"count":5,"href":"https:\/\/concoursmontreal.ca\/fr\/wp-json\/wp\/v2\/pages\/38586\/revisions"}],"predecessor-version":[{"id":38899,"href":"https:\/\/concoursmontreal.ca\/fr\/wp-json\/wp\/v2\/pages\/38586\/revisions\/38899"}],"wp:attachment":[{"href":"https:\/\/concoursmontreal.ca\/fr\/wp-json\/wp\/v2\/media?parent=38586"}],"curies":[{"name":"wp","href":"https:\/\/api.w.org\/{rel}","templated":true}]}}