{"id":37106,"date":"2025-02-13T14:00:54","date_gmt":"2025-02-13T19:00:54","guid":{"rendered":"https:\/\/www.concoursmontreal.ca\/?page_id=37106"},"modified":"2026-04-09T03:36:08","modified_gmt":"2026-04-09T07:36:08","slug":"oeuvres-canadiennes","status":"publish","type":"page","link":"https:\/\/concoursmontreal.ca\/fr\/violon-2026\/oeuvres-canadiennes\/","title":{"rendered":"\u0152uvres canadiennes"},"content":{"rendered":"<h2 style=\"text-align: left;\">\u0152uvres canadienneS<\/h2>\n<p><img loading=\"lazy\" decoding=\"async\" class=\"aligncenter size-full wp-image-44563\" src=\"\/wp-content\/uploads\/2026\/04\/2026-Violon_titre_oeuvres-canadiennes_07_fr.jpg\" alt=\"\" width=\"1536\" height=\"448\" srcset=\"\/wp-content\/uploads\/2026\/04\/2026-Violon_titre_oeuvres-canadiennes_07_fr.jpg 1536w, \/wp-content\/uploads\/2026\/04\/2026-Violon_titre_oeuvres-canadiennes_07_fr-768x224.jpg 768w\" sizes=\"auto, (max-width: 1536px) 100vw, 1536px\" \/><\/p>\n<p style=\"text-align: left;\"><strong><br \/><span style=\"font-size: 16px;\">Le Concours musical international de Montr\u00e9al<\/span><\/strong><span style=\"font-size: 16px;\"> <strong>poursuit son engagement \u00e0 faire rayonner la musique du Qu\u00e9bec et du Canada.<\/strong> <strong>Il est fier de contribuer \u00e0 accroitre la visibilit\u00e9 offerte aux compositrices et compositeurs de chez nous sur la sc\u00e8ne locale et internationale.<\/strong><\/span><\/p>\n<p style=\"text-align: left;\">Pour l\u2019\u00e9dition 2026, les concurrentes et concurrents sont tenus d\u2019int\u00e9grer \u00e0 leur programme de Demi-finale une \u0153uvre canadienne. Le choix de cette \u0153uvre a pu s\u2019effectuer librement ou \u00e0 partir d\u2019une s\u00e9lection effectu\u00e9e par le Concours et refl\u00e9tant la richesse, l\u2019audace, la diversit\u00e9, la vitalit\u00e9 et l\u2019excellence de notre cr\u00e9ation musicale.<\/p>\n<p style=\"text-align: left;\">Cette exigence permet \u00e0 13 \u0153uvres de 11 compositrices et compositeurs d\u2019ici de figurer au programme de l\u2019\u00e9dition 2026 du Concours.<\/p>\n<p style=\"text-align: left;\"><span style=\"color: #ff0000;\"><strong><br \/>ZOSHA DI CASTRI<\/strong><\/span><br \/><em>Patina<\/em><\/p>\n<p style=\"text-align: left;\"><span style=\"color: #ff0000;\"><strong>ROBERT NATHANIEL DETT<\/strong><\/span><br \/><em>Ramah\u00a0\u2013 Air\u00a0caract\u00e9ristique\u00a0pour\u00a0violon\u00a0et piano\u00a0<\/em><\/p>\n<p style=\"text-align: left;\"><span style=\"color: #ff0000;\"><strong>MAXIME GOULET<\/strong><\/span><br \/><em>Chocolats au caf\u00e9\u00a0<\/em><\/p>\n<p style=\"text-align: left;\"><span style=\"color: #ff0000;\"><strong>CHRISTOS HATZIS<\/strong><\/span><br \/><em>Coming To<\/em><\/p>\n<p style=\"text-align: left;\"><span style=\"color: #ff0000;\"><strong>LAWSON LAWALL<\/strong><\/span><br \/><em>Suite pour violon solo<\/em><\/p>\n<p style=\"text-align: left;\"><span style=\"color: #ff0000;\"><strong>MARIA KANEKO MILLAR \u00a0<\/strong><\/span><br \/><em>Sakura pour violon solo<\/em><\/p>\n<p style=\"text-align: left;\"><span style=\"color: #ff0000;\"><strong>JOCELYN MORLOCK<\/strong><\/span><br \/><em>Alba<\/em><\/p>\n<p style=\"text-align: left;\"><span style=\"color: #ff0000;\"><strong>MICHAEL OESTERLE<br \/><\/strong><\/span><em>Stand Alone<\/em><span style=\"color: #ff0000;\"><strong><br \/><\/strong><\/span><\/p>\n<p style=\"text-align: left;\"><span style=\"color: #ff0000;\"><strong>JEAN PAPINEAU-COUTURE<\/strong><\/span><br \/><em>Sonate pour violon et piano, mouvement I<\/em><br \/><em>Suite pour violon seul<\/em><\/p>\n<p style=\"text-align: left;\"><span style=\"color: #ff0000;\"><strong>ANA SOKOLOVI\u0106<\/strong><\/span><br \/><em>Chant<\/em><br \/><em>Cinque danze per violino solo<\/em><\/p>\n<p style=\"text-align: left;\"><span style=\"color: #ff0000;\"><strong>LUNA PEARL WOOLF<\/strong><\/span><br \/><em>L\u2019inconnu.e\u202fbouleversant.e<\/em><\/p>\n<p>&nbsp;<\/p>\n<p>Le Prix \u0152uvre canadienne,<br \/>offert en partenariat avec la Fondation Famille Lupien,<br \/>r\u00e9compense la concurrente ou le concurrent qui pr\u00e9sente la meilleure interpr\u00e9tation d\u2019une \u0153uvre canadienne en Demi-finale.<\/p>\n<p style=\"text-align: center;\" data-start=\"403\" data-end=\"792\"><span style=\"font-size: 16px;\"><span class=\"TextRun SCXW47429576 BCX8\" lang=\"FR-FR\" xml:lang=\"FR-FR\" data-contrast=\"none\"><span class=\"NormalTextRun SCXW47429576 BCX8\"><img loading=\"lazy\" decoding=\"async\" class=\"aligncenter  wp-image-43723\" src=\"\/wp-content\/uploads\/2026\/03\/LupienLogoFondation_fr_noir-horizontal.png\" alt=\"\" width=\"201\" height=\"63\" srcset=\"\/wp-content\/uploads\/2026\/03\/LupienLogoFondation_fr_noir-horizontal.png 2372w, \/wp-content\/uploads\/2026\/03\/LupienLogoFondation_fr_noir-horizontal-768x241.png 768w, \/wp-content\/uploads\/2026\/03\/LupienLogoFondation_fr_noir-horizontal-1536x481.png 1536w, \/wp-content\/uploads\/2026\/03\/LupienLogoFondation_fr_noir-horizontal-2048x642.png 2048w\" sizes=\"auto, (max-width: 201px) 100vw, 201px\" \/><\/p>\n<p><\/span><\/span><\/span><span style=\"color: #ff0000; font-size: 16px;\"><strong><img loading=\"lazy\" decoding=\"async\" class=\"aligncenter size-full wp-image-43719\" src=\"\/wp-content\/uploads\/2026\/03\/Vague_violon2026-1.png\" alt=\"\" width=\"1200\" height=\"170\" srcset=\"\/wp-content\/uploads\/2026\/03\/Vague_violon2026-1.png 1200w, \/wp-content\/uploads\/2026\/03\/Vague_violon2026-1-768x109.png 768w\" sizes=\"auto, (max-width: 1200px) 100vw, 1200px\" \/><\/strong><\/span><\/p>\n<p style=\"text-align: left;\" data-start=\"403\" data-end=\"792\"><span style=\"color: #ff0000; font-size: 16px;\"><strong><span class=\"TextRun SCXW30881994 BCX8\" lang=\"FR-CA\" xml:lang=\"FR-CA\" data-contrast=\"auto\"><span class=\"NormalTextRun SCXW30881994 BCX8\"><br \/>En d\u00e9cernant le <\/span><span class=\"NormalTextRun SCXW30881994 BCX8\">Prix\u00a0<\/span><span class=\"NormalTextRun SCXW30881994 BCX8\">\u0152<\/span><span class=\"NormalTextRun SCXW30881994 BCX8\">uvre<\/span><span class=\"NormalTextRun SCXW30881994 BCX8\">\u00a0canadienne<\/span><span class=\"NormalTextRun SCXW30881994 BCX8\">, le Concours\u00a0<\/span><span class=\"NormalTextRun SCXW30881994 BCX8\">souhaite<\/span><span class=\"NormalTextRun SCXW30881994 BCX8\">\u00a0:\u00a0<\/span><\/span><span class=\"EOP SCXW30881994 BCX8\" data-ccp-props=\"{}\">\u00a0<\/span><\/strong><\/span><\/p>\n<ul>\n<li style=\"text-align: left;\" data-start=\"403\" data-end=\"792\"><span class=\"TextRun SCXW51465563 BCX8\" lang=\"FR-CA\" xml:lang=\"FR-CA\" data-contrast=\"auto\"><span class=\"NormalTextRun SCXW51465563 BCX8\">Inciter<\/span><span class=\"NormalTextRun SCXW51465563 BCX8\"> les <\/span><span class=\"NormalTextRun SCXW51465563 BCX8\">concurrentes et concurrents <\/span><span class=\"NormalTextRun SCXW51465563 BCX8\">\u00e0 explorer la richesse du r\u00e9pertoire canadien<\/span><span class=\"NormalTextRun SCXW51465563 BCX8\">;<\/span><\/span><span class=\"EOP SCXW51465563 BCX8\" data-ccp-props=\"{}\">\u00a0\n<p><\/span><\/li>\n<li style=\"text-align: left;\" data-start=\"403\" data-end=\"792\"><span class=\"TextRun SCXW170220600 BCX8\" lang=\"FR-CA\" xml:lang=\"FR-CA\" data-contrast=\"auto\"><span class=\"NormalTextRun SCXW170220600 BCX8\">Mettre en valeur la vitalit\u00e9 et la diversit\u00e9 de la cr\u00e9ation musicale au Canada, tout en stimulant l\u2019int\u00e9r\u00eat pour la musique nouvelle et en encourageant la commande de nouvelles \u0153uvres<\/span><span class=\"NormalTextRun SCXW170220600 BCX8\">;<\/span><\/span><span class=\"EOP SCXW170220600 BCX8\" data-ccp-props=\"{}\">\u00a0\n<p><\/span><\/li>\n<li style=\"text-align: left;\" data-start=\"403\" data-end=\"792\"><span class=\"TextRun SCXW190509147 BCX8\" lang=\"FR-CA\" xml:lang=\"FR-CA\" data-contrast=\"auto\"><span class=\"NormalTextRun SCXW190509147 BCX8\">Favoriser<\/span><span class=\"NormalTextRun SCXW190509147 BCX8\"> la d\u00e9couverte, l\u2019appr\u00e9ciation et la reconnaissance des<\/span><span class=\"NormalTextRun SCXW190509147 BCX8\">\u00a0<\/span><span class=\"NormalTextRun SCXW190509147 BCX8\">compositrices<\/span><span class=\"NormalTextRun SCXW190509147 BCX8\">\u00a0et des<\/span><span class=\"NormalTextRun SCXW190509147 BCX8\">\u00a0compositeurs<\/span><span class=\"NormalTextRun SCXW190509147 BCX8\">\u00a0<\/span><span class=\"NormalTextRun SCXW190509147 BCX8\">canadiens<\/span><span class=\"NormalTextRun SCXW190509147 BCX8\">;<\/span><\/span><span class=\"EOP SCXW190509147 BCX8\" data-ccp-props=\"{}\">\u00a0\n<p><\/span><\/li>\n<li style=\"text-align: left;\" data-start=\"403\" data-end=\"792\"><span class=\"TextRun SCXW35399748 BCX8\" lang=\"FR-CA\" xml:lang=\"FR-CA\" data-contrast=\"auto\"><span class=\"NormalTextRun SCXW35399748 BCX8\">Contribuer \u00e0 mieux faire conna\u00eetre ce r\u00e9pertoire au public, \u00e0 Montr\u00e9al et \u00e0 l\u2019\u00e9chelle internationale, gr\u00e2ce \u00e0 des concerts <\/span><span class=\"NormalTextRun SCXW35399748 BCX8\">en salle\u00a0<\/span><span class=\"NormalTextRun SCXW35399748 BCX8\">et \u00e0 la diffusion<\/span><span class=\"NormalTextRun SCXW35399748 BCX8\">\u00a0en ligne<\/span><span class=\"NormalTextRun SCXW35399748 BCX8\">\u00a0des diff\u00e9rentes \u00e9preuves du Concours<\/span><span class=\"NormalTextRun SCXW35399748 BCX8\">;\n<p><\/span><\/span><\/li>\n<li style=\"text-align: left;\" data-start=\"403\" data-end=\"792\"><span class=\"TextRun SCXW25627499 BCX8\" lang=\"FR-CA\" xml:lang=\"FR-CA\" data-contrast=\"auto\"><span class=\"NormalTextRun SCXW25627499 BCX8\">Faire\u00a0<\/span><span class=\"NormalTextRun SCXW25627499 BCX8\">en sorte que les<\/span> <span class=\"NormalTextRun SCXW25627499 BCX8\">concurrentes concurrents soient <\/span><span class=\"NormalTextRun SCXW25627499 BCX8\">des ambassadeurs internationaux du r\u00e9pertoire canadien<\/span><span class=\"NormalTextRun SCXW25627499 BCX8\">\u00a0<\/span><span class=\"NormalTextRun SCXW25627499 BCX8\">par<\/span><span class=\"NormalTextRun SCXW25627499 BCX8\">\u00a0leur participation au Concours et\u00a0<\/span><span class=\"NormalTextRun SCXW25627499 BCX8\">par<\/span><span class=\"NormalTextRun SCXW25627499 BCX8\"> l\u2019int\u00e9gration de ces \u0153uvres dans\u00a0<\/span><span class=\"NormalTextRun SCXW25627499 BCX8\">des<\/span><span class=\"NormalTextRun SCXW25627499 BCX8\">\u00a0concerts<\/span><span class=\"NormalTextRun SCXW25627499 BCX8\">\u00a0<\/span><span class=\"NormalTextRun SCXW25627499 BCX8\">futurs<\/span><span class=\"NormalTextRun SCXW25627499 BCX8\">.<\/span><\/span><\/li>\n<\/ul>\n<p style=\"text-align: center;\">Apprenez-en davantage sur les \u0153uvres canadiennes au programme du Concours 2026, en visitant les sites Web des compositrices et des compositeurs s\u00e9lectionn\u00e9s ou en parcourant la vitrine sur le site du <a href=\"https:\/\/collections.cmccanada.org\/final\/Portal\/Composer-Showcase.aspx?lang=fr-CA\" target=\"_blank\" rel=\"noopener\">Centre de musique canadienne au Qu\u00e9bec<\/a>.<\/p>\n<p><a href=\"https:\/\/cmccanada.org\/\"><img loading=\"lazy\" decoding=\"async\" class=\"aligncenter wp-image-29146 size-full\" src=\"\/wp-content\/uploads\/2023\/03\/CMC-Qc-Logo-Bleu-officiel-depuis-1973-Transparent_site.png\" alt=\"\" width=\"260\" height=\"200\" \/><\/a><\/p>\n<a class=\"maxbutton-185 maxbutton maxbutton-concours-2026-fr\" href=\"https:\/\/concoursmontreal.ca\/fr\/violon-2026\/\"><span class='mb-text'>ACCUEIL - CONCOURS 2026<\/span><\/a>\n<p style=\"text-align: center;\"><a class=\"maxbutton-141 maxbutton maxbutton-billets-et-forfaits\" href=\"https:\/\/www.concoursmontreal.ca\/fr\/violon-2026\/billetterie\/\"><span class='mb-text'>BILLETS ET FORFAITS<\/span><\/a><\/p>\n<p style=\"text-align: center;\"><a class=\"maxbutton-74 maxbutton maxbutton-donnez-au-concours\" href=\"https:\/\/www.concoursmontreal.ca\/fr\/appuyez\/faire-un-don\/\"><span class='mb-text'>DONNEZ AU CONCOURS<\/span><\/a>\u00a0<\/p>\n","protected":false},"excerpt":{"rendered":"<p>\u0152uvres canadienneS Le Concours musical international de Montr\u00e9al poursuit son engagement \u00e0 faire rayonner la musique du Qu\u00e9bec et du Canada. Il est fier de contribuer \u00e0 accroitre la visibilit\u00e9 offerte aux compositrices et compositeurs de chez nous sur la sc\u00e8ne locale et internationale. Pour l\u2019\u00e9dition 2026, les concurrentes et concurrents sont tenus d\u2019int\u00e9grer \u00e0 [&hellip;]<\/p>\n","protected":false},"author":1,"featured_media":0,"parent":38329,"menu_order":12,"comment_status":"closed","ping_status":"closed","template":"","meta":{"_acf_changed":false,"footnotes":""},"class_list":["post-37106","page","type-page","status-publish","hentry"],"acf":[],"featured_media_src_url":null,"_links":{"self":[{"href":"https:\/\/concoursmontreal.ca\/fr\/wp-json\/wp\/v2\/pages\/37106","targetHints":{"allow":["GET"]}}],"collection":[{"href":"https:\/\/concoursmontreal.ca\/fr\/wp-json\/wp\/v2\/pages"}],"about":[{"href":"https:\/\/concoursmontreal.ca\/fr\/wp-json\/wp\/v2\/types\/page"}],"author":[{"embeddable":true,"href":"https:\/\/concoursmontreal.ca\/fr\/wp-json\/wp\/v2\/users\/1"}],"replies":[{"embeddable":true,"href":"https:\/\/concoursmontreal.ca\/fr\/wp-json\/wp\/v2\/comments?post=37106"}],"version-history":[{"count":6,"href":"https:\/\/concoursmontreal.ca\/fr\/wp-json\/wp\/v2\/pages\/37106\/revisions"}],"predecessor-version":[{"id":44566,"href":"https:\/\/concoursmontreal.ca\/fr\/wp-json\/wp\/v2\/pages\/37106\/revisions\/44566"}],"up":[{"embeddable":true,"href":"https:\/\/concoursmontreal.ca\/fr\/wp-json\/wp\/v2\/pages\/38329"}],"wp:attachment":[{"href":"https:\/\/concoursmontreal.ca\/fr\/wp-json\/wp\/v2\/media?parent=37106"}],"curies":[{"name":"wp","href":"https:\/\/api.w.org\/{rel}","templated":true}]}}