{"id":35097,"date":"2024-09-02T08:00:48","date_gmt":"2024-09-02T12:00:48","guid":{"rendered":"https:\/\/concoursmontreal.ca\/?page_id=35097"},"modified":"2026-03-17T15:00:18","modified_gmt":"2026-03-17T19:00:18","slug":"chef","status":"publish","type":"page","link":"https:\/\/concoursmontreal.ca\/fr\/violon-2026\/chef\/","title":{"rendered":"Chef invit\u00e9"},"content":{"rendered":"<h2 style=\"text-align: left;\"><strong>Concours 2026 &#8211; CHEF INVIT\u00c9<\/strong><\/h2>\n<p style=\"text-align: left;\"><span style=\"font-size: 14px;\"><img loading=\"lazy\" decoding=\"async\" class=\"size-full wp-image-40836 alignnone\" src=\"\/wp-content\/uploads\/2025\/09\/top_chef-2026.jpg\" alt=\"\" width=\"1200\" height=\"350\" srcset=\"\/wp-content\/uploads\/2025\/09\/top_chef-2026.jpg 1200w, \/wp-content\/uploads\/2025\/09\/top_chef-2026-768x224.jpg 768w\" sizes=\"auto, (max-width: 1200px) 100vw, 1200px\" \/><\/span><\/p>\n<p style=\"text-align: left;\"><span style=\"font-size: 14px;\">Les concurrentes et concurrents auront encore pour la prochaine \u00e9dition du Concours la chance de se produire aux c\u00f4t\u00e9s de l&rsquo;Orchestre symphonique de Montr\u00e9al (OSM) pour les \u00e9preuves de la finale. Pour l\u2019occasion, l\u2019orchestre officiel du <strong>Concours musical international de Montr\u00e9al<\/strong> sera plac\u00e9 sous la direction du chef d&rsquo;orchestre invit\u00e9 <strong>Sascha Goetzel<\/strong>.<\/span><\/p>\n<p style=\"text-align: left;\"><span style=\"font-size: 14px;\" data-contrast=\"none\">Connu pour son dynamisme et son charisme sur le podium, <strong>Sascha Goetzel<\/strong> est un chef d\u2019orchestre aux multiples facettes \u2013 un remarquable b\u00e2tisseur d\u2019ensemble, un programmateur cr\u00e9atif, de m\u00eame qu\u2019un entrepreneur, \u00e9ducateur et d\u00e9fenseur des interpr\u00e8tes et des artistes. Il agit pr\u00e9sentement \u00e0 titre de directeur musical de l\u2019Orchestre national des Pays de la Loire, un poste qu\u2019il occupe pour une p\u00e9riode de quatre ans entam\u00e9e en septembre 2022. Il est \u00e9galement le directeur musical de l\u2019Orchestre philharmonique d\u2019Ulsan.<\/span><\/p>\n<p style=\"text-align: left;\"><span style=\"font-size: 14px;\">En plus de ces postes, <strong>Sascha Goetzel<\/strong> a \u00e9t\u00e9 nomm\u00e9 chef d\u2019orchestre invit\u00e9 principal du Filarmonica Banatul Timi\u0219oara en Roumanie et du Filharmonia Krakowska en Pologne. Durant 11 ans le chef d\u2019orchestre principal et directeur artistique du Borusan \u0130stanbul Filarmoni Orkestras\u0131 en Turquie, Goetzel a largement contribu\u00e9 \u00e0 cet ensemble. Parmi ses grands accomplissements, citons ses programmations cr\u00e9atives, ses enregistrements qui lui ont valu des prix, de m\u00eame que ses performances acclam\u00e9es incluant des tourn\u00e9es pr\u00e9sent\u00e9es au Festival de Salzbourg, aux BBC Proms, au Het Concertgebouw d\u2019Amsterdam, au Musikverein de Vienne, au Th\u00e9\u00e2tre des Champs-\u00c9lys\u00e9es et au Festival des arts de Hong Kong. Goetzel a \u00e9galement \u00e9t\u00e9 directeur musical du National Youth Orchestra of Canada (NYO) en 2022 et 2023, et a auparavant dirig\u00e9 le NYO et des membres de l\u2019Orchestre des jeunes de l\u2019Union europ\u00e9enne dans une tourn\u00e9e de concerts collaborative pr\u00e9sent\u00e9e en Ontario et au Qu\u00e9bec en 2019.\u00a0\u00a0<\/span><\/p>\n<p style=\"text-align: left;\"><span style=\"font-size: 14px;\"><img loading=\"lazy\" decoding=\"async\" class=\"wp-image-40750 alignleft\" src=\"\/wp-content\/uploads\/2025\/09\/Violon2026_chef_Sascha-Goetzel_1080x1080.jpg\" alt=\"\" width=\"450\" height=\"450\" srcset=\"\/wp-content\/uploads\/2025\/09\/Violon2026_chef_Sascha-Goetzel_1080x1080.jpg 1080w, \/wp-content\/uploads\/2025\/09\/Violon2026_chef_Sascha-Goetzel_1080x1080-768x768.jpg 768w, \/wp-content\/uploads\/2025\/09\/Violon2026_chef_Sascha-Goetzel_1080x1080-80x80.jpg 80w\" sizes=\"auto, (max-width: 450px) 100vw, 450px\" \/>Au cours des derni\u00e8res ann\u00e9es, Goetzel s\u2019est av\u00e9r\u00e9 un chef invit\u00e9 tr\u00e8s recherch\u00e9 par certains des orchestres les plus prestigieux tels que l&rsquo;Orchestre symphonique de la NHK, l\u2019Orchestre philharmonique d\u2019Isra\u00ebl, le Radio Filharmonisch Orkest, le London Philharmonic Orchestra, le Dresdner Philharmonie, l\u2019Orchestre Philharmonique de Monte-Carlo, l\u2019Orchestre national de France, l\u2019Orchestre symphonique Yomiuri du Japon, l\u2019Orchestre m\u00e9tropolitain de Tokyo et le M\u00fcnchner Symphoniker, de m\u00eame que le Tonk\u00fcnstler-Orchester Nieder\u00f6sterreich, l\u2019Orchestre national de Bordeaux-Aquitaine, et l\u2019\u00d6RF Radio-Symphonieorchester Wien. Il a collabor\u00e9 avec certains des plus grands solistes du milieu musical, notamment Daniil Trifonov, Rudolf Buchbinder, Joyce DiDonato, Yuja Wang, Nemanja Radulovic, Maxim Vengerov, Julian Rachlin, Fatma Said, Ren\u00e9e Fleming, Anna Netrebko, Bryan Terfel, Brandford Marsalis et Murray Perahia. En 2014, Goetzel a effectu\u00e9 de brillants d\u00e9buts au Wiener Staatsoper en dirigeant <i>Les noces de Figaro<\/i>, ce qui le mena par la suite \u00e0 six engagements : des productions de <i>Die Fledermaus<\/i>, <i>La boh\u00e8me<\/i>, <i>Don Giovanni<\/i>, <i>Rigoletto<\/i>, <i>La fl\u00fbte enchant\u00e9e<\/i> et <i>Der Rosenkavalier<\/i>.\u00a0\u00a0<\/span><\/p>\n<p style=\"text-align: left;\"><span style=\"font-size: 14px;\">Goetzel a \u00e9galement \u00e9t\u00e9 \u00e0 la barre du Th\u00e9\u00e2tre Mariinski \u00e0 Saint-P\u00e9tersbourg, de l\u2019Opernhaus Z\u00fcrich, de l\u2019Op\u00e9ra m\u00e9tropolitain de Tokyo, de la Fondation d\u2019op\u00e9ra Nikikai au Bunka Kaikan de Tokyo, \u00e0 l\u2019Op\u00e9ra de Nantes-Angers, l\u2019Op\u00e9ra de Rennes, au Wiener Volksoper de m\u00eame qu\u2019\u00e0 l\u2019Op\u00e9ra de Montpellier. Dans le cadre de la saison musicale 2023-2024, Goetzel a eu du succ\u00e8s avec la production de <i>B\u00e9atrice et B\u00e9n\u00e9dicte<\/i> de Berlioz \u00e0 Angers, Nantes et Rennes, de m\u00eame qu\u2019avec <i>Orf\u00e9e et Eurydice<\/i> pr\u00e9sent\u00e9 au Nederlandse Reisopera. Durant la saison musicale 2024-2025, il a dirig\u00e9 <i>Le vaisseau fant\u00f4me<\/i> de Wagner \u00e0 Trondheim et Kristiansand.\u00a0\u00a0<\/span><\/p>\n<p style=\"text-align: left;\"><span style=\"font-size: 14px;\">Ses engagements sur la sc\u00e8ne symphonique ont inclus durant la derni\u00e8re saison musicale des collaborations avec le Tonk\u00fcnstler-Orchester Nieder\u00f6sterreich, l\u2019Orchestre symphonique de Prague, l\u2019Orchestre philharmonique de Belgrade, l\u2019Orchestre philharmonique de Slovaquie, l\u2019Orchestra dell\u2019Accademia Teatro alla Scala, l\u2019Orchestra Na\u021bional\u0103 Radio, l\u2019\u0130stanbul Devlet Senfoni Orkestras\u0131 et l\u2019Orquesta de les Illes Balears. \u00a0\u00a0<\/span><\/p>\n<p style=\"text-align: left;\"><span style=\"font-size: 14px;\">Goetzel poss\u00e8de une imposante discographie qui lui a valu plusieurs prix, dont les enregistrements ont \u00e9t\u00e9 r\u00e9alis\u00e9s tant aupr\u00e8s d\u2019orchestres qu\u2019aux c\u00f4t\u00e9s d\u2019interpr\u00e8tes solistes ex\u00e9cutant des concertos ou des airs d\u2019op\u00e9ras. Il est reconnu pour ses albums publi\u00e9s chez Deutsche Grammophon, Warner, Onyx et Na\u00efve Labels mettant de l\u2019avant des \u0153uvres d\u2019Hindemith, Bart\u00f3k, Schulhoff, Berlioz, Turnage, Tcha\u00efkovski, Bizet, Rimski-Korsakov et Respighi.\u00a0\u00a0<\/span><\/p>\n<p style=\"text-align: left;\"><span style=\"font-size: 14px;\" data-contrast=\"none\">Tr\u00e8s engag\u00e9 sur le plan de l\u2019\u00e9ducation musicale et un grand d\u00e9fenseur des arts en g\u00e9n\u00e9ral, Goetzel est le fondateur de la fondation Orpheus-Wien pour la transformation digitale des arts, le co-directeur et co-fondateur de l\u2019Opera by the Fjord Academy and Festival, une acad\u00e9mie novatrice et un festival pour les artistes lyriques et instrumentistes de la nouvelle g\u00e9n\u00e9ration en partenariat avec le Bergen Nasjonale Opera. Il est \u00e9galement co-fondateur et CCO du Vienn[A]rtNetwork, directeur artistique de Music for Peace (El Sistema-Turquie) et un mentor de direction d\u2019orchestre au Dirigentloftet, un programme en Norv\u00e8ge visant \u00e0 soutenir les jeunes chefs et cheffes d\u2019orchestre.<\/span><\/p>\n<p>&nbsp;<\/p>\n<p style=\"text-align: center;\"><a href=\"https:\/\/www.ritzcarlton.com\/fr\/hotels\/yulrm-the-ritz-carlton-montreal\/overview\/\"><img loading=\"lazy\" decoding=\"async\" class=\" wp-image-33226 aligncenter\" src=\"\/wp-content\/uploads\/2023\/10\/Ritz-Carlton_Montreal_Logo.svg_.png\" alt=\"\" width=\"140\" height=\"103\" \/><\/a><\/p>\n<p style=\"text-align: center;\">Le chef invit\u00e9 du <span style=\"font-size: 14px;\"><strong>Concours musical international de Montr\u00e9al<\/strong><\/span> est h\u00e9berg\u00e9 au Ritz-Carlton \u2013 Montr\u00e9al<\/p>\n<p>&nbsp;<\/p>\n<a class=\"maxbutton-185 maxbutton maxbutton-concours-2026-fr\" href=\"https:\/\/concoursmontreal.ca\/fr\/violon-2026\/\"><span class='mb-text'>ACCUEIL - CONCOURS 2026<\/span><\/a>\n<p>\u00a0 \u00a0<br \/>\n<a class=\"maxbutton-141 maxbutton maxbutton-billets-et-forfaits\" href=\"https:\/\/www.concoursmontreal.ca\/fr\/violon-2026\/billetterie\/\"><span class='mb-text'>BILLETS ET FORFAITS<\/span><\/a><\/p>\n<a class=\"maxbutton-74 maxbutton maxbutton-donnez-au-concours\" href=\"https:\/\/www.concoursmontreal.ca\/fr\/appuyez\/faire-un-don\/\"><span class='mb-text'>DONNEZ AU CONCOURS<\/span><\/a>\n","protected":false},"excerpt":{"rendered":"<p>Concours 2026 &#8211; CHEF INVIT\u00c9 Les concurrentes et concurrents auront encore pour la prochaine \u00e9dition du Concours la chance de se produire aux c\u00f4t\u00e9s de l&rsquo;Orchestre symphonique de Montr\u00e9al (OSM) pour les \u00e9preuves de la finale. Pour l\u2019occasion, l\u2019orchestre officiel du Concours musical international de Montr\u00e9al sera plac\u00e9 sous la direction du chef d&rsquo;orchestre invit\u00e9 [&hellip;]<\/p>\n","protected":false},"author":1,"featured_media":0,"parent":38329,"menu_order":10,"comment_status":"closed","ping_status":"closed","template":"","meta":{"_acf_changed":false,"footnotes":""},"class_list":["post-35097","page","type-page","status-publish","hentry"],"acf":[],"featured_media_src_url":null,"_links":{"self":[{"href":"https:\/\/concoursmontreal.ca\/fr\/wp-json\/wp\/v2\/pages\/35097","targetHints":{"allow":["GET"]}}],"collection":[{"href":"https:\/\/concoursmontreal.ca\/fr\/wp-json\/wp\/v2\/pages"}],"about":[{"href":"https:\/\/concoursmontreal.ca\/fr\/wp-json\/wp\/v2\/types\/page"}],"author":[{"embeddable":true,"href":"https:\/\/concoursmontreal.ca\/fr\/wp-json\/wp\/v2\/users\/1"}],"replies":[{"embeddable":true,"href":"https:\/\/concoursmontreal.ca\/fr\/wp-json\/wp\/v2\/comments?post=35097"}],"version-history":[{"count":6,"href":"https:\/\/concoursmontreal.ca\/fr\/wp-json\/wp\/v2\/pages\/35097\/revisions"}],"predecessor-version":[{"id":42969,"href":"https:\/\/concoursmontreal.ca\/fr\/wp-json\/wp\/v2\/pages\/35097\/revisions\/42969"}],"up":[{"embeddable":true,"href":"https:\/\/concoursmontreal.ca\/fr\/wp-json\/wp\/v2\/pages\/38329"}],"wp:attachment":[{"href":"https:\/\/concoursmontreal.ca\/fr\/wp-json\/wp\/v2\/media?parent=35097"}],"curies":[{"name":"wp","href":"https:\/\/api.w.org\/{rel}","templated":true}]}}