{"id":33234,"date":"2024-03-14T20:07:39","date_gmt":"2024-03-15T00:07:39","guid":{"rendered":"https:\/\/www.concoursmontreal.ca\/?page_id=33234"},"modified":"2025-12-02T10:33:07","modified_gmt":"2025-12-02T15:33:07","slug":"offres-emploi","status":"publish","type":"page","link":"https:\/\/concoursmontreal.ca\/fr\/a_propos\/offres-emploi\/","title":{"rendered":"Offres d&#8217;emploi"},"content":{"rendered":"<h2 style=\"text-align: left;\">Offres d&#8217;emploi<\/p>\n<p><img loading=\"lazy\" decoding=\"async\" class=\"aligncenter size-full wp-image-40560\" src=\"\/wp-content\/uploads\/2025\/07\/Titre_emplois_CMIM-2025-1.jpg\" alt=\"\" width=\"1200\" height=\"350\" srcset=\"\/wp-content\/uploads\/2025\/07\/Titre_emplois_CMIM-2025-1.jpg 1200w, \/wp-content\/uploads\/2025\/07\/Titre_emplois_CMIM-2025-1-768x224.jpg 768w\" sizes=\"auto, (max-width: 1200px) 100vw, 1200px\" \/><\/h2>\n<p style=\"text-align: left;\"><span class=\"TextRun SCXW103658022 BCX0\" lang=\"FR-CA\" xml:lang=\"FR-CA\" data-contrast=\"auto\"><span class=\"NormalTextRun SCXW103658022 BCX0\">Joignez l&rsquo;\u00e9quipe dynamique du Concours musical international de Montr\u00e9al, vivez la fr\u00e9n\u00e9sie du Concours et contribuez \u00e0 mettre \u00e0 l&rsquo;avant-sc\u00e8ne les musiciens classiques de la nouvelle g\u00e9n\u00e9ration! <\/span><\/span><span class=\"EOP SCXW103658022 BCX0\" data-ccp-props=\"{&quot;335551550&quot;:6,&quot;335551620&quot;:6}\">\u00a0<\/span><\/p>\n<hr \/>\n<p><span style=\"font-size: 18px;\"><b>Vous cherchez un emploi stimulant \u00e0 temps plein ou \u00e0 temps partiel ? <\/b>\u00a0<\/span><br \/><span style=\"font-size: 18px;\"><b>Rejoignez l\u2019\u00e9quipe dynamique du Concours !<\/b>\u00a0<\/span><\/p>\n<h2 style=\"text-align: center;\"><span style=\"color: #ff0000;\"><br \/>Soumettre une candidature spontan\u00e9e<\/span><\/h2>\n<p style=\"text-align: center;\"><a class=\"maxbutton-77 maxbutton maxbutton-candidature\" href=\"mailto:cpoulin@concoursmontreal.ca\"><span class='mb-text'>Candidature<\/span><\/a><\/p>\n<p>&nbsp;<\/p>\n<p style=\"text-align: left;\"><span data-contrast=\"auto\">Le Concours encourage les personnes issues de communaut\u00e9s culturelles, de minorit\u00e9s ethniques, en situation de handicap \u00e0 postuler.\u00a0 <\/span><span data-ccp-props=\"{&quot;201341983&quot;:0,&quot;335559739&quot;:0,&quot;335559740&quot;:240}\">\u00a0<\/span><\/p>\n<p><a href=\"\/wp-content\/uploads\/2024\/05\/CMIM-recrutement.jpg\"><img loading=\"lazy\" decoding=\"async\" class=\"alignleft size-full wp-image-34922\" src=\"\/wp-content\/uploads\/2024\/05\/CMIM-recrutement.jpg\" alt=\"\" width=\"1200\" height=\"1200\" srcset=\"\/wp-content\/uploads\/2024\/05\/CMIM-recrutement.jpg 1200w, \/wp-content\/uploads\/2024\/05\/CMIM-recrutement-768x768.jpg 768w, \/wp-content\/uploads\/2024\/05\/CMIM-recrutement-80x80.jpg 80w\" sizes=\"auto, (max-width: 1200px) 100vw, 1200px\" \/><\/a><\/p>\n<p style=\"text-align: left;\">\u00a0<\/p>\n","protected":false},"excerpt":{"rendered":"<p>Offres d&#8217;emploi Joignez l&rsquo;\u00e9quipe dynamique du Concours musical international de Montr\u00e9al, vivez la fr\u00e9n\u00e9sie du Concours et contribuez \u00e0 mettre \u00e0 l&rsquo;avant-sc\u00e8ne les musiciens classiques de la nouvelle g\u00e9n\u00e9ration! \u00a0 Vous cherchez un emploi stimulant \u00e0 temps plein ou \u00e0 temps partiel ? \u00a0Rejoignez l\u2019\u00e9quipe dynamique du Concours !\u00a0 Soumettre une candidature spontan\u00e9e &nbsp; Le [&hellip;]<\/p>\n","protected":false},"author":1,"featured_media":0,"parent":16,"menu_order":7,"comment_status":"closed","ping_status":"closed","template":"","meta":{"_acf_changed":false,"footnotes":""},"class_list":["post-33234","page","type-page","status-publish","hentry"],"acf":[],"featured_media_src_url":null,"_links":{"self":[{"href":"https:\/\/concoursmontreal.ca\/fr\/wp-json\/wp\/v2\/pages\/33234","targetHints":{"allow":["GET"]}}],"collection":[{"href":"https:\/\/concoursmontreal.ca\/fr\/wp-json\/wp\/v2\/pages"}],"about":[{"href":"https:\/\/concoursmontreal.ca\/fr\/wp-json\/wp\/v2\/types\/page"}],"author":[{"embeddable":true,"href":"https:\/\/concoursmontreal.ca\/fr\/wp-json\/wp\/v2\/users\/1"}],"replies":[{"embeddable":true,"href":"https:\/\/concoursmontreal.ca\/fr\/wp-json\/wp\/v2\/comments?post=33234"}],"version-history":[{"count":6,"href":"https:\/\/concoursmontreal.ca\/fr\/wp-json\/wp\/v2\/pages\/33234\/revisions"}],"predecessor-version":[{"id":41651,"href":"https:\/\/concoursmontreal.ca\/fr\/wp-json\/wp\/v2\/pages\/33234\/revisions\/41651"}],"up":[{"embeddable":true,"href":"https:\/\/concoursmontreal.ca\/fr\/wp-json\/wp\/v2\/pages\/16"}],"wp:attachment":[{"href":"https:\/\/concoursmontreal.ca\/fr\/wp-json\/wp\/v2\/media?parent=33234"}],"curies":[{"name":"wp","href":"https:\/\/api.w.org\/{rel}","templated":true}]}}