{"id":32856,"date":"2024-02-27T14:40:49","date_gmt":"2024-02-27T19:40:49","guid":{"rendered":"https:\/\/concoursmontreal.ca\/?page_id=32856"},"modified":"2025-03-11T20:30:41","modified_gmt":"2025-03-12T00:30:41","slug":"musique-de-chambre","status":"publish","type":"page","link":"https:\/\/concoursmontreal.ca\/fr\/musique-de-chambre\/","title":{"rendered":"Musique de chambre"},"content":{"rendered":"<h2 style=\"text-align: left;\">PIANO 2024 \u2013 MUSIQUE DE CHAMBRE<\/h2>\n<p><a href=\"\/wp-content\/uploads\/2024\/02\/Site_web_bandeau_Musique_de_chambre.png\"><img loading=\"lazy\" decoding=\"async\" class=\"aligncenter size-full wp-image-32859\" src=\"\/wp-content\/uploads\/2024\/02\/Site_web_bandeau_Musique_de_chambre.png\" alt=\"\" width=\"1200\" height=\"350\" data-wp-editing=\"1\" srcset=\"\/wp-content\/uploads\/2024\/02\/Site_web_bandeau_Musique_de_chambre.png 1200w, \/wp-content\/uploads\/2024\/02\/Site_web_bandeau_Musique_de_chambre-768x224.png 768w\" sizes=\"auto, (max-width: 1200px) 100vw, 1200px\" \/><\/a><\/p>\n<p style=\"text-align: left;\"><a class=\"maxbutton-137 maxbutton maxbutton-piano-2024-fr\" href=\"https:\/\/www.concoursmontreal.ca\/fr\/a_propos\/archives\/piano-2024\/\"><span class='mb-text'>Piano 2024<\/span><\/a><\/p>\n<p style=\"text-align: left;\"><span style=\"font-size: 14px;\">Le Concours musical international de Montr\u00e9al (CMIM) marque une premi\u00e8re dans son histoire. L\u2019\u00e9dition Piano 2024 inclue une \u00e9preuve de musique de chambre pr\u00e9sent\u00e9e lors de la premi\u00e8re \u00e9tape de la demi-finale le vendredi 10 mai \u00e0 19 h 30, \u00e0 la Salle Bourgie. Ce nouveau volet du concours exige des concurrents qu\u2019ils interpr\u00e8tent un extrait d\u2019\u0153uvre pour quatuor avec piano, en collaboration avec trois des premi\u00e8res chaises de l&rsquo;Orchestre symphonique de Montr\u00e9al.<\/span><\/p>\n<p style=\"text-align: left;\"><span style=\"font-size: 14px;\">L&rsquo;ajout de l&rsquo;\u00e9preuve de musique de chambre au concours permet aux pianistes de d\u00e9montrer plusieurs qualit\u00e9s compl\u00e9mentaires \u00e0 celles qui sont d\u00e9j\u00e0 mises de l\u2019avant lors des \u00e9preuves r\u00e9guli\u00e8res, notamment leur habilet\u00e9 \u00e0 collaborer avec d&rsquo;autres musiciens, leur sens du dialogue musical, leur polyvalence et leur capacit\u00e9 d\u2019adaptabilit\u00e9 dans le cadre d\u2019un ensemble.<\/span><\/p>\n<p style=\"text-align: left;\"><span style=\"font-size: 14px;\">Les concurrents et concurrentes du CMIM se joindront \u00e0 une formation de quatuor avec piano compos\u00e9e d\u2019instrumentistes exceptionnels. Trois des premi\u00e8res chaises de l&rsquo;Orchestre symphonique de Montr\u00e9al se joindront aux demi-finalistes pour cette \u00e9preuve : Andrew Wan (violon), Victor Fournelle-Blain (alto) et Brian Manker (violoncelle).\u00a0<\/span><\/p>\n<p style=\"text-align: center;\"><span style=\"font-size: 14px;\"><em><span style=\"color: #ff0000;\">\u00ab Mes coll\u00e8gues et moi-m\u00eame sommes absolument heureux de prendre part \u00e0 l&rsquo;initiative visant \u00e0 permettre aux candidats de montrer une autre facette de leur art dans cette \u00e9dition du CMIM. \u202fL&rsquo;\u00e9preuve suppl\u00e9mentaire de la musique de chambre permettra \u00e0 notre public et \u00e0 l&rsquo;estim\u00e9 jury d&rsquo;assister \u00e0 d&rsquo;incroyables moments de dialogue en temps r\u00e9el, de consensus et de spontan\u00e9it\u00e9 dans un cadre nouveau. \u00bb<br \/><\/span><\/em><br \/><\/span><span style=\"font-size: 12px;\">Andrew Wan, violon solo, Orchestre symphonique de Montr\u00e9al<\/span><\/p>\n<p style=\"text-align: left;\"><span style=\"font-size: 14px;\">Les demi-finalistes devront jouer le premier mouvement d\u2019une \u0153uvre s\u00e9lectionn\u00e9e parmi les plus beaux quatuors avec piano des p\u00e9riodes classique et romantique. Chacun pourra ainsi d\u00e9montrer sa valeur par l\u2019interpr\u00e9tation d&rsquo;\u0153uvre de chambre de Beethoven, Brahms, Faur\u00e9, Mozart ou Schumann.<\/span><\/p>\n<p style=\"text-align: left;\"><span style=\"font-size: 14px;\">La premi\u00e8re mouture du Prix de Musique de chambre du CMIM comprend une bourse de 2 500 $ offerte par Dixi Lambert ainsi que le retour du gagnant \u00e0 Montr\u00e9al pour une participation \u00e0 un concert pr\u00e9sent\u00e9 par le Festival de musique de chambre de Montr\u00e9al (FMCM), d&rsquo;une valeur de 3 500 $. Denis Brott, fondateur et directeur artistique du FMCM, se joindra au jury international du CMIM pour d\u00e9cerner le prix sp\u00e9cial de Musique de chambre.<\/span><\/p>\n<p style=\"text-align: left;\"><span style=\"font-size: 14px;\">L&rsquo;\u00e9preuve de musique de <br \/><\/span><\/p>\n<div style=\"padding: 56.25% 0 0 0; position: relative;\"><iframe style=\"position: absolute; top: 0; left: 0; width: 100%; height: 100%;\" title=\"CMIM 2024 - Piano\" src=\"https:\/\/player.vimeo.com\/video\/943901515?badge=0&amp;autopause=0&amp;player_id=0&amp;app_id=58479\" frameborder=\"0\"><span data-mce-type=\"bookmark\" style=\"display: inline-block; width: 0px; overflow: hidden; line-height: 0;\" class=\"mce_SELRES_end\">\ufeff<\/span><\/iframe><\/div>\n<p style=\"text-align: left;\"><span style=\"font-size: 14px;\"><script src=\"https:\/\/player.vimeo.com\/api\/player.js\"><\/script> <br \/><\/span><\/p>\n<h2 style=\"text-align: left;\"><span style=\"color: #ff0000;\">LES CHAMBRISTES INVIT\u00c9S<\/span><\/h2>\n<p><img loading=\"lazy\" decoding=\"async\" class=\" wp-image-32878 alignleft\" src=\"\/wp-content\/uploads\/2024\/02\/Andrew-Wan.png\" alt=\"\" width=\"254\" height=\"254\" srcset=\"\/wp-content\/uploads\/2024\/02\/Andrew-Wan.png 400w, \/wp-content\/uploads\/2024\/02\/Andrew-Wan-80x80.png 80w\" sizes=\"auto, (max-width: 254px) 100vw, 254px\" \/><\/p>\n<p style=\"text-align: left;\"><span style=\"font-size: 14px;\"><span style=\"color: #ff0000; font-size: 18px;\"><strong>ANDREW WAN<\/strong><\/span><\/span><\/p>\n<p style=\"text-align: left;\"><span style=\"font-size: 14px;\">Andrew Wan a \u00e9t\u00e9 nomm\u00e9 violon solo de l&rsquo;Orchestre symphonique de Montr\u00e9al (OSM) en 2008. En tant que soliste, il s&rsquo;est produit \u00e0 travers le monde sous la direction de chefs tels que Rafael Payare, Kent Nagano, Maxim Vengerov, Vasily Petrenko, Bernard Labadie, Carlo Rizzi, Peter Oundjian, Xian Zhang, Michael Stern et James DePreist.\u00a0\u00a0<\/span><\/p>\n<p style=\"text-align: left;\"><span style=\"font-size: 14px;\">Il a jou\u00e9 en formation de chambre avec des artistes tels que le Quatuor Juilliard, Vadim Repin, Marc-Andr\u00e9 Hamelin, Daniil Trifonov, Menahem Pressler, J\u00f6rg Widmann, Emanuel Ax, Johannes Moser, Arabella Steinbacher, James Ehnes et Gil Shaham, et a particip\u00e9 aux festivals de musique de chambre de Seattle, La Jolla Summerfest, Ottawa Chamberfest, Toronto Summer Music, Orford Musique, St Prex, Colorado College et Olympic. Andrew Wan se produit r\u00e9guli\u00e8rement comme soliste invit\u00e9 des orchestres symphoniques de Pittsburgh, Houston, Indianapolis, du Centre national des Arts, de Toronto et de Vancouver. <\/p>\n<p>Sa discographie comprend des enregistrements sous \u00e9tiquettes Analekta, Onyx, Bridge et Naxos, nomm\u00e9s aux Grammy et prim\u00e9s aux Juno, Felix et Opus, et r\u00e9alis\u00e9s avec la Seattle Chamber Music Society, le Metropolis Ensemble de New York, le Nouveau Quatuor \u00e0 cordes Orford et le pianiste Charles Richard-Hamelin. Ensemble, ils ont enregistr\u00e9 les dix sonates de Beethoven pour piano et violon.<\/span><\/p>\n<p style=\"text-align: left;\"><span style=\"font-size: 14px;\">\u00c0 l\u2019automne 2015, il a fait paraitre un enregistrement en direct des trois concertos pour violon de Saint-Sa\u00ebns avec l\u2019OSM et Kent Nagano, sous \u00e9tiquette Analekta, qui a \u00e9t\u00e9 largement salu\u00e9 par la critique. Aussi enregistr\u00e9 en direct, son r\u00e9cent album d\u2019\u0153uvres pour violon et orchestre de Bernstein, Moussa et Ginastera, avec Nagano et l\u2019OSM, a remport\u00e9 le prix Juno 2021 du Meilleur enregistrement classique pour grand ensemble.<\/span><\/p>\n<p style=\"text-align: left;\"><span style=\"font-size: 14px;\">Andrew Wan d\u00e9tient un baccalaur\u00e9at et une ma\u00eetrise en musique ainsi qu\u2019un dipl\u00f4me d\u2019artiste de la Juilliard School. Il est actuellement membre du Nouveau Quatuor \u00e0 cordes Orford, professeur associ\u00e9 de violon \u00e0 l\u2019\u00c9cole de musique Schulich de l\u2019Universit\u00e9 McGill et directeur artistique du Prince Edward County Chamber Music Festival. <br \/><\/span><\/p>\n<p style=\"text-align: left;\"><span style=\"font-size: 14px;\">Andrew Wan est reconnaissant de pouvoir jouer sur un violon Michel\u2019Angelo Bergonzi de 1744 g\u00e9n\u00e9reusement pr\u00eat\u00e9 par le m\u00e9c\u00e8ne David B. Sela, ainsi que de pouvoir utiliser un archet Dominique Peccatte 1860, un pr\u00eat du Groupe Canimex.\u00a0<br \/><\/span><\/p>\n<p style=\"text-align: left;\"><span data-ccp-props=\"{}\"><a href=\"\/wp-content\/uploads\/2024\/02\/Victor-Fournelle-Blain.png\"><img loading=\"lazy\" decoding=\"async\" class=\" wp-image-32883 alignleft\" src=\"\/wp-content\/uploads\/2024\/02\/Victor-Fournelle-Blain.png\" alt=\"\" width=\"254\" height=\"254\" srcset=\"\/wp-content\/uploads\/2024\/02\/Victor-Fournelle-Blain.png 400w, \/wp-content\/uploads\/2024\/02\/Victor-Fournelle-Blain-80x80.png 80w\" sizes=\"auto, (max-width: 254px) 100vw, 254px\" \/><\/a><span style=\"color: #ff0000;\"><strong><span class=\"TextRun MacChromeBold SCXW125280502 BCX0\" style=\"font-size: 18px;\" data-contrast=\"none\"><span class=\"NormalTextRun SCXW125280502 BCX0\">VICTOR FOURNELLE-BLAIN<\/span><\/span><\/strong><\/span><br \/><\/span><\/p>\n<p style=\"text-align: left;\"><span style=\"font-size: 14px;\">Le violoniste et altiste Victor Fournelle-Blain m\u00e8ne une carri\u00e8re active de musicien d\u2019orchestre, de chambriste, de soliste et de p\u00e9dagogue. Alto solo \u00e0 l\u2019Orchestre symphonique de Montr\u00e9al, o\u00f9 il a \u00e9galement occup\u00e9 des postes de chef de section, de 2<sup>e<\/sup>\u00a0assistant et d\u2019associ\u00e9, il a aussi occup\u00e9 la m\u00eame fonction \u00e0 l\u2019Orchestre symphonique de Toronto. Passionn\u00e9 de p\u00e9dagogie, il a enseign\u00e9 aux universit\u00e9s de Toronto et de Montr\u00e9al et enseigne maintenant \u00e0 l\u2019\u00c9cole de musique Schulich de l\u2019Universit\u00e9 McGill.<\/span><\/p>\n<p style=\"text-align: left;\"><span style=\"font-size: 14px;\">Victor \u00e9tudie d\u2019abord le violon au Conservatoire de musique de Montr\u00e9al avec Johanne Arel, puis \u00e0 la Yale School of Music avec Ani Kavafian, avant de se perfectionner en alto aupr\u00e8s d\u2019Andr\u00e9 Roy \u00e0 l\u2019\u00c9cole de musique Schulich de l\u2019Universit\u00e9 McGill. Gagnant du Prix Violon d\u2019or 2014 de l\u2019Universit\u00e9 McGill, du Prix d\u2019Europe 2012 ainsi que du deuxi\u00e8me prix du Concours OSM Standard Life 2010, Victor Fournelle-Blain a \u00e9t\u00e9 soliste invit\u00e9 de divers orchestres dont l\u2019Orchestre M\u00e9tropolitain (OM) et l\u2019Orchestre symphonique de Drummondville. Il joue actuellement sur un alto de Carlo Ferdinando Landolfi, g\u00e9n\u00e9reusement pr\u00eat\u00e9 par le Groupe Canimex.<\/span><\/p>\n<p style=\"text-align: left;\">\u00a0<\/p>\n<p style=\"text-align: left;\"><a href=\"\/wp-content\/uploads\/2024\/02\/Brian-Manker.png\"><img loading=\"lazy\" decoding=\"async\" class=\" wp-image-32885 alignleft\" src=\"\/wp-content\/uploads\/2024\/02\/Brian-Manker.png\" alt=\"\" width=\"254\" height=\"254\" srcset=\"\/wp-content\/uploads\/2024\/02\/Brian-Manker.png 400w, \/wp-content\/uploads\/2024\/02\/Brian-Manker-80x80.png 80w\" sizes=\"auto, (max-width: 254px) 100vw, 254px\" \/><\/a><\/p>\n<h3 style=\"text-align: left;\"><span style=\"color: #ff0000; font-size: 18px;\">BRIAN MANKER<\/span><\/p>\n<\/h3>\n<p style=\"text-align: left;\"><span style=\"font-size: 14px;\">Violoncelle solo de l\u2019Orchestre symphonique de Montr\u00e9al (OSM) depuis 1999, Brian Manker m\u00e8ne une carri\u00e8re musicale des plus diversifi\u00e9es en tant qu\u2019interpr\u00e8te et professeur.\u00a0<\/span><\/p>\n<p style=\"text-align: left;\"><span style=\"font-size: 14px;\">En plus d\u2019\u00eatre r\u00e9guli\u00e8rement soliste de concertos avec l\u2019OSM, il est membre du tr\u00e8s r\u00e9put\u00e9 Nouveau Quatuor \u00e0 cordes Orford, laur\u00e9at de plusieurs prix Opus et d\u2019un prix Juno.\u00a0\u00a0<\/span><\/p>\n<p style=\"text-align: left;\"><span style=\"font-size: 14px;\">Laur\u00e9at du Grand Prix du Fischoff National Chamber Music Competition en tant que membre du Harrington Quartet, Brian Manker a \u00e9galement re\u00e7u une mention sp\u00e9ciale de sir Yehudi Menuhin au Portsmouth International String Quartet Competition. Ancien co-directeur du Festival Alexandria, il est pr\u00e9sentement co-directeur du Prince Edward County Chamber Music Festival avec ses coll\u00e8gues du Nouveau Quatuor \u00e0 cordes Orford. On peut l\u2019entendre dans son enregistrement de 2010 des Suites pour violoncelle seul de Bach, sous \u00e9tiquette Storkclassics, ainsi que dans de nombreux enregistrements dont des quatuors avec le Nouveau Quatuor \u00e0 cordes Orford , divers autres projets de musique de chambre, et bien s\u00fbr avec l\u2019OSM. M. Manker a si\u00e9g\u00e9 au jury du prestigieux concours international de musique \u00ab Printemps de Prague \u00bb en 2006. \u00a0En 2007, il a lanc\u00e9 le Beethoven Project, une initiative ax\u00e9e sur l\u2019interpr\u00e9tation de tous les quatuors de Beethoven dans leur contexte appropri\u00e9, le salon priv\u00e9.\u00a0<\/span><\/p>\n<p style=\"text-align: left;\"><span data-contrast=\"none\"><span style=\"font-size: 14px;\">Brian Manker est professeur agr\u00e9g\u00e9 \u00e0 l\u2019\u00c9cole de musique Schulich de l\u2019Universit\u00e9 McGill.<\/span><\/p>\n<p><\/span><\/p>\n<h2 style=\"text-align: left;\"><span style=\"color: #ff0000;\">LISTE DES QUATUORS ADMISSIBLES<\/span><\/h2>\n<p class=\"x_elementToProof\" style=\"text-align: left;\"><span style=\"font-size: 14px;\">Beethoven : Quatuor avec piano en mi b\u00e9mol majeur, op. 16<\/span><br \/><span style=\"font-size: 14px;\"><i>Grave &#8211; Allegro ma non troppo<\/i><\/span><\/p>\n<p class=\"x_elementToProof\" style=\"text-align: left;\"><span style=\"font-size: 14px;\">Brahms : Quatuor pour piano et cordes n<sup>o<\/sup> 1 en sol mineur, op. 25<\/span><br \/><span style=\"font-size: 14px;\"><i>Allegro<\/i><\/span><\/p>\n<p class=\"x_elementToProof\" style=\"text-align: left;\"><span style=\"font-size: 14px;\">Faur\u00e9 : Quatuor pour piano et cordes n<sup>o<\/sup> 1, op. 15<\/span><br \/><span style=\"font-size: 14px;\"><i>Allegro molto moderato<\/i><\/span><\/p>\n<p class=\"x_elementToProof\" style=\"text-align: left;\"><span style=\"font-size: 14px;\">Mozart : Quatuor pour piano et cordes n<sup>o<\/sup> 2 en mi b\u00e9mol majeur, K. 493<\/span><br \/><span style=\"font-size: 14px;\"><i>Allegro<\/i><\/span><\/p>\n<p class=\"x_elementToProof\" style=\"text-align: left;\"><span style=\"font-size: 14px;\">Schumann : Quatuor pour piano en mi b\u00e9mol majeur, op. 47<\/span><br \/><span style=\"font-size: 14px;\"><i>Sostenuto assai \u2013 Allegro ma non troppo<\/i><\/span><\/p>\n<p style=\"text-align: center;\">\u00a0<\/p>\n<p style=\"text-align: center;\"><\/p>\n<p style=\"text-align: center;\"><a class=\"maxbutton-74 maxbutton maxbutton-donnez-au-concours\" href=\"https:\/\/www.concoursmontreal.ca\/fr\/appuyez\/faire-un-don\/\"><span class='mb-text'>DONNEZ AU CONCOURS<\/span><\/a><\/p>\n","protected":false},"excerpt":{"rendered":"<p>PIANO 2024 \u2013 MUSIQUE DE CHAMBRE Le Concours musical international de Montr\u00e9al (CMIM) marque une premi\u00e8re dans son histoire. L\u2019\u00e9dition Piano 2024 inclue une \u00e9preuve de musique de chambre pr\u00e9sent\u00e9e lors de la premi\u00e8re \u00e9tape de la demi-finale le vendredi 10 mai \u00e0 19 h 30, \u00e0 la Salle Bourgie. Ce nouveau volet du concours [&hellip;]<\/p>\n","protected":false},"author":1,"featured_media":0,"parent":0,"menu_order":8,"comment_status":"closed","ping_status":"closed","template":"","meta":{"_acf_changed":false,"footnotes":""},"class_list":["post-32856","page","type-page","status-publish","hentry"],"acf":[],"featured_media_src_url":null,"_links":{"self":[{"href":"https:\/\/concoursmontreal.ca\/fr\/wp-json\/wp\/v2\/pages\/32856","targetHints":{"allow":["GET"]}}],"collection":[{"href":"https:\/\/concoursmontreal.ca\/fr\/wp-json\/wp\/v2\/pages"}],"about":[{"href":"https:\/\/concoursmontreal.ca\/fr\/wp-json\/wp\/v2\/types\/page"}],"author":[{"embeddable":true,"href":"https:\/\/concoursmontreal.ca\/fr\/wp-json\/wp\/v2\/users\/1"}],"replies":[{"embeddable":true,"href":"https:\/\/concoursmontreal.ca\/fr\/wp-json\/wp\/v2\/comments?post=32856"}],"version-history":[{"count":6,"href":"https:\/\/concoursmontreal.ca\/fr\/wp-json\/wp\/v2\/pages\/32856\/revisions"}],"predecessor-version":[{"id":38612,"href":"https:\/\/concoursmontreal.ca\/fr\/wp-json\/wp\/v2\/pages\/32856\/revisions\/38612"}],"wp:attachment":[{"href":"https:\/\/concoursmontreal.ca\/fr\/wp-json\/wp\/v2\/media?parent=32856"}],"curies":[{"name":"wp","href":"https:\/\/api.w.org\/{rel}","templated":true}]}}