{"id":31396,"date":"2023-10-08T07:54:37","date_gmt":"2023-10-08T11:54:37","guid":{"rendered":"https:\/\/www.concoursmontreal.ca\/su-yeon-kim-et-losm\/"},"modified":"2024-08-13T17:22:58","modified_gmt":"2024-08-13T21:22:58","slug":"su-yeon-kim-osm","status":"publish","type":"page","link":"https:\/\/concoursmontreal.ca\/fr\/ecoutez\/su-yeon-kim-osm\/","title":{"rendered":"Su Yeon Kim et l&rsquo;OSM"},"content":{"rendered":"<h2><strong>SU YEON KIM, GRANDE LAUR\u00c9ATE DE PIANO 2021<\/strong><\/h2>\n<p>Osmo V\u00e4nsk\u00e4, chef<\/p>\n<p>Orchestre symphonique de Montr\u00e9al (OSM)<\/p>\n<p>LUDWIG VAN BEETHOVEN : Concerto pour piano n\u00b0 4<\/p>\n<p>Enregistr\u00e9 \u00e0 la Maison Symphonique de Montr\u00e9al le 28 septembre 2022.<\/p>\n<p>&nbsp;<\/p>\n<div style=\"padding: 56.25% 0 0 0; position: relative;\"><iframe style=\"position: absolute; top: 0; left: 0; width: 100%; height: 100%;\" title=\"Su Yeon Kim - Beethoven - OSM 2023\" src=\"https:\/\/player.vimeo.com\/video\/836595775?badge=0&amp;autopause=0&amp;player_id=0&amp;app_id=58479\" frameborder=\"0\" allowfullscreen=\"allowfullscreen\"><\/iframe><\/div>\n","protected":false},"excerpt":{"rendered":"<p>SU YEON KIM, GRANDE LAUR\u00c9ATE DE PIANO 2021 Osmo V\u00e4nsk\u00e4, chef Orchestre symphonique de Montr\u00e9al (OSM) LUDWIG VAN BEETHOVEN : Concerto pour piano n\u00b0 4 Enregistr\u00e9 \u00e0 la Maison Symphonique de Montr\u00e9al le 28 septembre 2022. &nbsp;<\/p>\n","protected":false},"author":1,"featured_media":0,"parent":21119,"menu_order":2,"comment_status":"closed","ping_status":"closed","template":"","meta":{"_acf_changed":false,"footnotes":""},"class_list":["post-31396","page","type-page","status-publish","hentry"],"acf":[],"featured_media_src_url":null,"_links":{"self":[{"href":"https:\/\/concoursmontreal.ca\/fr\/wp-json\/wp\/v2\/pages\/31396","targetHints":{"allow":["GET"]}}],"collection":[{"href":"https:\/\/concoursmontreal.ca\/fr\/wp-json\/wp\/v2\/pages"}],"about":[{"href":"https:\/\/concoursmontreal.ca\/fr\/wp-json\/wp\/v2\/types\/page"}],"author":[{"embeddable":true,"href":"https:\/\/concoursmontreal.ca\/fr\/wp-json\/wp\/v2\/users\/1"}],"replies":[{"embeddable":true,"href":"https:\/\/concoursmontreal.ca\/fr\/wp-json\/wp\/v2\/comments?post=31396"}],"version-history":[{"count":2,"href":"https:\/\/concoursmontreal.ca\/fr\/wp-json\/wp\/v2\/pages\/31396\/revisions"}],"predecessor-version":[{"id":31398,"href":"https:\/\/concoursmontreal.ca\/fr\/wp-json\/wp\/v2\/pages\/31396\/revisions\/31398"}],"up":[{"embeddable":true,"href":"https:\/\/concoursmontreal.ca\/fr\/wp-json\/wp\/v2\/pages\/21119"}],"wp:attachment":[{"href":"https:\/\/concoursmontreal.ca\/fr\/wp-json\/wp\/v2\/media?parent=31396"}],"curies":[{"name":"wp","href":"https:\/\/api.w.org\/{rel}","templated":true}]}}