{"id":27074,"date":"2022-11-25T08:37:18","date_gmt":"2022-11-25T13:37:18","guid":{"rendered":"https:\/\/www.concoursmontreal.ca\/?page_id=27074"},"modified":"2024-08-13T17:23:26","modified_gmt":"2024-08-13T21:23:26","slug":"cours-de-maitres-2022","status":"publish","type":"page","link":"https:\/\/concoursmontreal.ca\/fr\/ecoutez\/cours-de-maitres-2022\/","title":{"rendered":"Voix 2022 &#8211; Cours de ma\u00eetre"},"content":{"rendered":"<h2 class=\"p2\" style=\"text-align: left;\"><b>COURS DE MA\u00ceTRES ET Table roNde<\/b><\/h2>\n<p style=\"text-align: left;\"><img loading=\"lazy\" decoding=\"async\" class=\"aligncenter size-full wp-image-24038\" src=\"\/wp-content\/uploads\/2022\/05\/Voix2022_cours_maitres.jpg\" alt=\"\" width=\"1200\" height=\"350\" srcset=\"\/wp-content\/uploads\/2022\/05\/Voix2022_cours_maitres.jpg 1200w, \/wp-content\/uploads\/2022\/05\/Voix2022_cours_maitres-768x224.jpg 768w\" sizes=\"auto, (max-width: 1200px) 100vw, 1200px\" \/><\/p>\n<p class=\"p2\" style=\"text-align: right;\"><a class=\"maxbutton-79 maxbutton maxbutton-plus-de-nouvelles\" href=\"https:\/\/www.concoursmontreal.ca\/fr\/nouvelles\/\"><span class='mb-text'>Plus de nouvelles<\/span><\/a><\/p>\n<p>&nbsp;<\/p>\n<p class=\"p2\" style=\"text-align: left;\"><span style=\"font-size: 14px;\">Assistez avec le CMIM et les grandes institutions d\u2019enseignement de Montr\u00e9al \u00e0 des cours de ma\u00eetres pr\u00e9sent\u00e9s par les membres du prestigieux jury de l\u2019\u00e9dition Voix 2022. <\/span><\/p>\n<p style=\"text-align: left;\">Entr\u00e9e libre<\/p>\n<p><iframe loading=\"lazy\" title=\"YouTube video player\" src=\"https:\/\/www.youtube.com\/embed\/zfeTqQCjYB4\" width=\"560\" height=\"315\" frameborder=\"0\" allowfullscreen=\"allowfullscreen\" data-mce-fragment=\"1\"><\/iframe><\/p>\n<p>&nbsp;<\/p>\n<p>&nbsp;<\/p>\n<p style=\"text-align: left;\"><span style=\"color: #fc4237;\"><strong><span style=\"font-size: 16px;\">\u2022 2 JUIN, 14 h<\/span><\/strong><\/span><\/p>\n<p style=\"text-align: left;\"><strong>Avec Christine Sch\u00e4fer<\/strong><\/p>\n<p style=\"text-align: left;\">Conservatoire de musique de Montr\u00e9al, Salle de concert<\/p>\n<p style=\"text-align: left;\">4750, avenue Henri-Julien<\/p>\n<p style=\"text-align: left;\"><strong>Participants<\/strong> : Klara Martel Laroche, Justine Ledoux-Hutchinson, Natasha Henry et Marianne Ruel<\/p>\n<p style=\"text-align: left;\">\u00a0<\/p>\n<p style=\"text-align: left;\"><span style=\"font-size: 16px; color: #fc4237;\"><strong>\u2022 2 JUIN, 17 h<\/strong><\/span><\/p>\n<p style=\"text-align: left;\"><strong>Avec Robert Holl<\/strong><\/p>\n<p style=\"text-align: left;\">Universit\u00e9 de Montr\u00e9al, Salle Serge-Garant<\/p>\n<p style=\"text-align: left;\">200, avenue Vincent-d\u2019Indy<\/p>\n<p style=\"text-align: left;\"><strong>Participants<\/strong> : Queen Hezumuryango, mezzo-soprano , Juliette Tacchino, soprano, Emmanuel Hasler, t\u00e9nor, Michel-Alexandre Brokaert, piano et Tony Stauffer, piano<\/p>\n<p style=\"text-align: left;\">\u00a0<\/p>\n<p style=\"text-align: left;\"><span style=\"color: #fc4237;\"><strong><span style=\"font-size: 16px;\">\u2022 3 JUIN, 14 h<\/span><\/strong><\/span><\/p>\n<p style=\"text-align: left;\"><strong>Avec Adrianne Pieczonka<\/strong><\/p>\n<p style=\"text-align: left;\">Universit\u00e9 McGill, Salle Tanna Schulich<\/p>\n<p style=\"text-align: left;\">527, rue Sherbrooke Ouest<\/p>\n<p style=\"text-align: left;\"><strong>Participants<\/strong> : Ruth Acheampong, Olivia LaPointe, Caitlyn McConnell, Nicholas Murphy, Alexis Reed et Jingjing Xu<\/p>\n<p style=\"text-align: left;\">\u00a0<\/p>\n<p style=\"text-align: left;\"><span style=\"color: #fc4237;\"><strong><span style=\"font-size: 16px;\">\u2022 4 JUIN, 15 h<\/span><\/strong><\/span><\/p>\n<p style=\"text-align: left;\"><strong>Avec sir Thomas Allen<\/strong><\/p>\n<p style=\"text-align: left;\">Salle Bourgie<\/p>\n<p style=\"text-align: left;\">1339, rue Sherbrooke Ouest<\/p>\n<p style=\"text-align: left;\"><strong>Participants : <\/strong>Bruno Roy, Olivier Bergeron, Matthew Li et Florence Borget<\/p>\n<p style=\"text-align: left;\">\u00a0<\/p>\n<hr \/>\n<p style=\"text-align: left;\"><span style=\"color: #fc4237;\"><strong><span style=\"font-size: 16px;\">Le pianiste, ce partenaire essentiel<\/span><\/strong><\/span><\/p>\n<p style=\"text-align: left;\"><span style=\"color: #fc4237;\"><strong><span style=\"font-size: 16px;\">\u2022 4 JUIN, 14 h<\/span><\/strong><\/span><\/p>\n<p style=\"text-align: left;\"><strong>\u00c9v\u00e9nement sp\u00e9cial &#8211; Table ronde ouverte \u00e0 tous<\/strong><\/p>\n<p class=\"p2\" style=\"text-align: left;\">Les pianistes qui se sp\u00e9cialisent en accompagnement au piano ou comme pianistes collaborateurs sont hautement recherch\u00e9s par les artistes lyriques. Apprenez-en davantage sur cette pratique musicale en assistant gratuitement \u00e0 une table ronde sur le sujet le samedi 4 juin, \u00e0 14 h \u00e0 la Salle Bourgie. Cette activit\u00e9, anim\u00e9e par Kelly Rice, est pr\u00e9sent\u00e9e en partenariat avec les Universit\u00e9s de Montr\u00e9al et McGill en lien avec la nouvelle R\u00e9sidence UdeM-McGill en piano-art vocal.<\/p>\n<p style=\"text-align: left;\">Salle Bourgie<\/p>\n<p style=\"text-align: left;\">1339, rue Sherbrooke Ouest<\/p>\n<p>&nbsp;<\/p>\n<p style=\"text-align: center;\"><strong>Le CMIM remercie son partenaire des cours de ma\u00eetres<\/strong><\/p>\n<p style=\"text-align: center;\"><span style=\"color: #fc4237;\"><strong>La Fondation JM Canada<\/strong><\/span><\/p>\n<p style=\"text-align: center;\"><img loading=\"lazy\" decoding=\"async\" class=\"aligncenter  wp-image-12229\" src=\"\/wp-content\/uploads\/2020\/04\/FJM-Canada-2.jpg\" alt=\"\" width=\"171\" height=\"75\" \/><\/p>\n<p style=\"text-align: left;\">\u00a0<\/p>\n<p style=\"text-align: left;\">Merci \u00e0 nos collaborateurs :\u00a0 l&rsquo;Atelier lyrique de l\u2019Op\u00e9ra de Montr\u00e9al, le Conservatoire de musique de Montr\u00e9al, l\u00a0\u00bb\u00c9cole de musique Schulich de l\u2019Universit\u00e9 McGill et l&rsquo;Universit\u00e9 de Montr\u00e9al.<\/p>\n<p>&nbsp;<\/p>\n<p style=\"text-align: left;\"><a class=\"maxbutton-74 maxbutton maxbutton-donnez-au-concours\" href=\"https:\/\/www.concoursmontreal.ca\/fr\/appuyez\/faire-un-don\/\"><span class='mb-text'>DONNEZ AU CONCOURS<\/span><\/a><\/p>\n<p style=\"text-align: left;\"><a class=\"maxbutton-79 maxbutton maxbutton-plus-de-nouvelles\" href=\"https:\/\/www.concoursmontreal.ca\/fr\/nouvelles\/\"><span class='mb-text'>Plus de nouvelles<\/span><\/a><\/p>\n","protected":false},"excerpt":{"rendered":"<p>COURS DE MA\u00ceTRES ET Table roNde &nbsp; Assistez avec le CMIM et les grandes institutions d\u2019enseignement de Montr\u00e9al \u00e0 des cours de ma\u00eetres pr\u00e9sent\u00e9s par les membres du prestigieux jury de l\u2019\u00e9dition Voix 2022. Entr\u00e9e libre &nbsp; &nbsp; \u2022 2 JUIN, 14 h Avec Christine Sch\u00e4fer Conservatoire de musique de Montr\u00e9al, Salle de concert 4750, [&hellip;]<\/p>\n","protected":false},"author":1,"featured_media":0,"parent":21119,"menu_order":6,"comment_status":"closed","ping_status":"closed","template":"","meta":{"_acf_changed":false,"footnotes":""},"class_list":["post-27074","page","type-page","status-publish","hentry"],"acf":[],"featured_media_src_url":null,"_links":{"self":[{"href":"https:\/\/concoursmontreal.ca\/fr\/wp-json\/wp\/v2\/pages\/27074","targetHints":{"allow":["GET"]}}],"collection":[{"href":"https:\/\/concoursmontreal.ca\/fr\/wp-json\/wp\/v2\/pages"}],"about":[{"href":"https:\/\/concoursmontreal.ca\/fr\/wp-json\/wp\/v2\/types\/page"}],"author":[{"embeddable":true,"href":"https:\/\/concoursmontreal.ca\/fr\/wp-json\/wp\/v2\/users\/1"}],"replies":[{"embeddable":true,"href":"https:\/\/concoursmontreal.ca\/fr\/wp-json\/wp\/v2\/comments?post=27074"}],"version-history":[{"count":2,"href":"https:\/\/concoursmontreal.ca\/fr\/wp-json\/wp\/v2\/pages\/27074\/revisions"}],"predecessor-version":[{"id":27082,"href":"https:\/\/concoursmontreal.ca\/fr\/wp-json\/wp\/v2\/pages\/27074\/revisions\/27082"}],"up":[{"embeddable":true,"href":"https:\/\/concoursmontreal.ca\/fr\/wp-json\/wp\/v2\/pages\/21119"}],"wp:attachment":[{"href":"https:\/\/concoursmontreal.ca\/fr\/wp-json\/wp\/v2\/media?parent=27074"}],"curies":[{"name":"wp","href":"https:\/\/api.w.org\/{rel}","templated":true}]}}