{"id":267,"date":"2015-03-01T16:02:40","date_gmt":"2015-03-01T16:02:40","guid":{"rendered":"http:\/\/concoursmontreal.ca\/?page_id=267"},"modified":"2024-07-26T12:12:51","modified_gmt":"2024-07-26T16:12:51","slug":"violon-2003","status":"publish","type":"page","link":"https:\/\/concoursmontreal.ca\/fr\/archives\/editions-passees\/violon-2003\/","title":{"rendered":"Violon 2003"},"content":{"rendered":"<h2 style=\"text-align: left;\">Violon 2003<\/h2>\n<p><img loading=\"lazy\" decoding=\"async\" class=\"alignleft size-full wp-image-15125\" src=\"\/wp-content\/uploads\/2020\/10\/Titre_violon-2013.jpg\" alt=\"\" width=\"1200\" height=\"350\" srcset=\"\/wp-content\/uploads\/2020\/10\/Titre_violon-2013.jpg 1200w, \/wp-content\/uploads\/2020\/10\/Titre_violon-2013-768x224.jpg 768w\" sizes=\"auto, (max-width: 1200px) 100vw, 1200px\" \/><\/p>\n<p style=\"text-align: right;\"><a class=\"maxbutton-40 maxbutton maxbutton-editions-passees\" href=\"https:\/\/www.concoursmontreal.ca\/fr\/archives\/editions-passees\/\"><span class='mb-text'>\u00c9ditions pass\u00e9es<\/span><\/a><\/p>\n<h2 style=\"text-align: left;\">Laur\u00e9ats<\/h2>\n<div class=\"columns cols14-34\">\n<div class=\"columns-col c0\">\n<div class=\"columns-wrap\"><img loading=\"lazy\" decoding=\"async\" class=\"alignnone size-full wp-image-1783\" src=\"\/wp-content\/uploads\/2015\/03\/Yossif-Ivanov.jpg\" alt=\"Yossif-Ivanov\" width=\"260\" height=\"190\" \/><\/div>\n<\/div>\n<div class=\"columns-col c1\">\n<div class=\"columns-wrap\">\n<p><strong class=\"h2\">YOSSIF IVANOV<\/strong><br \/>Belgique<\/p>\n<p><strong>Premier grand prix : Prix Standard Life\u00a0<\/strong><br \/>25 000 $<\/p>\n<\/div>\n<\/div>\n<div class=\"clearfix\"><!--CLEARFIX --><\/div>\n<\/div>\n<div class=\"columns cols14-34\">\n<div class=\"columns-col c0\">\n<div class=\"columns-wrap\"><img loading=\"lazy\" decoding=\"async\" class=\"alignnone size-full wp-image-1784\" src=\"\/wp-content\/uploads\/2015\/03\/Alexis-Cardenas.jpg\" alt=\"Alexis-Cardenas\" width=\"260\" height=\"190\" \/><\/div>\n<\/div>\n<div class=\"columns-col c1\">\n<div class=\"columns-wrap\">\n<p><strong class=\"h2\">ALEXIS C\u00c1RDENAS<\/strong><br \/>Venezuela<\/p>\n<p><strong>Deuxi\u00e8me grand prix<br \/><\/strong>offert par Alcoa<br \/>15 000 $<\/p>\n<p><strong>Prix du public &#8211; \u00ab Hommage \u00e0 Arthur LeBlanc \u00bb<br \/><\/strong>offert par Hydro-Qu\u00e9bec <br \/>2 500 $<\/p>\n<\/div>\n<\/div>\n<div class=\"clearfix\"><!--CLEARFIX --><\/div>\n<\/div>\n<div class=\"columns cols14-34\">\n<div class=\"columns-col c0\">\n<div class=\"columns-wrap\"><img loading=\"lazy\" decoding=\"async\" class=\"alignnone size-full wp-image-1785\" src=\"\/wp-content\/uploads\/2015\/03\/Matthieu-Arama.jpg\" alt=\"Matthieu-Arama\" width=\"260\" height=\"190\" \/><\/div>\n<\/div>\n<div class=\"columns-col c1\">\n<div class=\"columns-wrap\">\n<p><strong class=\"h2\">MATTHIEU ARAMA<\/strong><br \/>France<\/p>\n<p><strong>Troisi\u00e8me grand prix<br \/><\/strong>offert par la Banque Nationale<br \/>7 500 $<\/p>\n<\/div>\n<\/div>\n<div class=\"clearfix\"><!--CLEARFIX --><\/div>\n<\/div>\n<div class=\"columns cols14-34\">\n<div class=\"columns-col c0\">\n<div class=\"columns-wrap\"><img loading=\"lazy\" decoding=\"async\" class=\"alignnone size-full wp-image-1786\" src=\"\/wp-content\/uploads\/2015\/03\/Nicolas-Koeckert.jpg\" alt=\"Nicolas-Koeckert\" width=\"260\" height=\"190\" \/><\/div>\n<\/div>\n<div class=\"columns-col c1\">\n<div class=\"columns-wrap\">\n<p><strong class=\"h2\">NICOLAS KOECKERT<\/strong><br \/>Allemagne<\/p>\n<p><strong>Quatri\u00e8me prix<br \/><\/strong>offert par Gaz M\u00e9tropolitain<br \/>5 000 $<\/p>\n<\/div>\n<\/div>\n<div class=\"clearfix\"><!--CLEARFIX --><\/div>\n<\/div>\n<div class=\"columns cols14-34\">\n<div class=\"columns-col c0\">\n<div class=\"columns-wrap\"><img loading=\"lazy\" decoding=\"async\" class=\"alignnone size-full wp-image-1787\" src=\"\/wp-content\/uploads\/2015\/03\/Oleg-Kaskiv.jpg\" alt=\"Oleg-Kaskiv\" width=\"260\" height=\"190\" \/><\/div>\n<\/div>\n<div class=\"columns-col c1\">\n<div class=\"columns-wrap\">\n<p><strong class=\"h2\">OLEG KASKIV<\/strong><br \/>Ukraine<\/p>\n<p><strong>Cinqui\u00e8me prix<\/strong> <br \/>offert par CGI<br \/>4 000 $<\/p>\n<\/div>\n<\/div>\n<div class=\"clearfix\"><!--CLEARFIX --><\/div>\n<\/div>\n<div class=\"columns cols14-34\">\n<div class=\"columns-col c0\">\n<div class=\"columns-wrap\"><img loading=\"lazy\" decoding=\"async\" class=\"alignnone size-full wp-image-1788\" src=\"\/wp-content\/uploads\/2015\/03\/Julia-Sakharova.jpg\" alt=\"Julia-Sakharova\" width=\"260\" height=\"190\" \/><\/div>\n<\/div>\n<div class=\"columns-col c1\">\n<div class=\"columns-wrap\">\n<p><strong class=\"h2\">JULIA SAKHAROVA<\/strong><br \/>Russie<\/p>\n<p><strong>Sixi\u00e8me prix<\/strong> <br \/>offert par la SAQ<br \/>3 000 $<\/p>\n<\/div>\n<\/div>\n<div class=\"clearfix\"><!--CLEARFIX --><\/div>\n<\/div>\n<div class=\"columns cols14-34\">\n<div class=\"columns-col c0\">\n<div class=\"columns-wrap\"><img loading=\"lazy\" decoding=\"async\" class=\"alignnone size-full wp-image-1789\" src=\"\/wp-content\/uploads\/2015\/03\/Diana-Galvydyte.jpg\" alt=\"Diana-Galvydyte\" width=\"260\" height=\"190\" \/><\/div>\n<\/div>\n<div class=\"columns-col c1\">\n<div class=\"columns-wrap\">\n<p><strong class=\"h2\">DIANA GALVYDYTE<\/strong><br \/>\u00a0Lituanie<\/p>\n<p><strong>Prix d&rsquo;interpr\u00e9tation de l&rsquo;\u0153uvre canadienne in\u00e9dite<\/strong><br \/>offert par Loto-Qu\u00e9bec<br \/>5 000 $<\/p>\n<\/div>\n<\/div>\n<div class=\"clearfix\"><!--CLEARFIX --><\/div>\n<\/div>\n<div class=\"columns cols14-34\">\n<div class=\"columns-col c0\">\n<div class=\"columns-wrap\"><img loading=\"lazy\" decoding=\"async\" class=\"alignnone size-full wp-image-1790\" src=\"\/wp-content\/uploads\/2015\/03\/Jean-Sebastien-Roy1.jpg\" alt=\"Jean-Sebastien-Roy\" width=\"260\" height=\"190\" \/><\/div>\n<\/div>\n<div class=\"columns-col c1\">\n<div class=\"columns-wrap\">\n<p><strong class=\"h2\">JEAN-S\u00c9BASTIEN ROY<\/strong><br \/>Canada<\/p>\n<p><strong>Prix Joseph-Rouleau remis au meilleur Qu\u00e9b\u00e9cois<\/strong><br \/>offert par le gouvernement du Qu\u00e9bec<br \/>5 000 $<\/p>\n<\/div>\n<\/div>\n<div class=\"clearfix\"><!--CLEARFIX --><\/div>\n<\/div>\n<div class=\"columns cols14-34\">\n<div class=\"clearfix\"><!--CLEARFIX --><\/div>\n<\/div>\n<div class=\"columns cols14-34\">\n<div class=\"columns-col c0\">\n<div class=\"columns-wrap\"><img loading=\"lazy\" decoding=\"async\" class=\"alignnone size-full wp-image-1791\" src=\"\/wp-content\/uploads\/2015\/03\/Sarah-Pratt.jpg\" alt=\"Sarah-Pratt\" width=\"260\" height=\"190\" \/><\/div>\n<\/div>\n<div class=\"columns-col c1\">\u00a0<\/p>\n<p><strong class=\"h2\">SARAH PRATT<\/strong><br \/>Canada<\/p>\n<p><strong>Prix \u00c9toiles Galaxie de Radio-Canada remis au meilleur Canadien<\/strong><br \/>5 000 $<\/p>\n<\/div>\n<div class=\"clearfix\"><!--CLEARFIX --><\/div>\n<\/div>\n<hr \/>\n<div style=\"text-align: left;\">\n<h2 class=\"h1\">Jury<\/h2>\n<p class=\"h2\">Andrew Dawes (Canada)<br \/>Franz-Paul Decker (Allemagne) <br \/>Michael Frischenschlager (Autriche) <br \/>Sonia Jelinkova (Canada) <br \/>Dong-Suk Kang (Cor\u00e9e du Sud)<br \/>Malcolm Lowe (Canada)<br \/>Silvia Marcovici (Roumanie)<br \/>Anne Robert (Canada)<\/p>\n<h2 class=\"h1\">\u0152uvre canadienne impos\u00e9e<\/h2>\n<p><em>Voice<\/em> | Ana Sokolovic<\/p>\n<h2 class=\"h1\">Orchestre<\/h2>\n<p>Orchestre symphonique de Montr\u00e9al<\/p>\n<h2 class=\"h1\">Chef<\/h2>\n<p>Asher Fish<\/p>\n<\/div>\n","protected":false},"excerpt":{"rendered":"<p>Violon 2003 Laur\u00e9ats YOSSIF IVANOVBelgique Premier grand prix : Prix Standard Life\u00a025 000 $ ALEXIS C\u00c1RDENASVenezuela Deuxi\u00e8me grand prixoffert par Alcoa15 000 $ Prix du public &#8211; \u00ab Hommage \u00e0 Arthur LeBlanc \u00bboffert par Hydro-Qu\u00e9bec 2 500 $ MATTHIEU ARAMAFrance Troisi\u00e8me grand prixoffert par la Banque Nationale7 500 $ NICOLAS KOECKERTAllemagne Quatri\u00e8me prixoffert par Gaz [&hellip;]<\/p>\n","protected":false},"author":1,"featured_media":0,"parent":92,"menu_order":22,"comment_status":"closed","ping_status":"closed","template":"tpl-competition.php","meta":{"_acf_changed":false,"footnotes":""},"class_list":["post-267","page","type-page","status-publish","hentry"],"acf":[],"featured_media_src_url":null,"_links":{"self":[{"href":"https:\/\/concoursmontreal.ca\/fr\/wp-json\/wp\/v2\/pages\/267","targetHints":{"allow":["GET"]}}],"collection":[{"href":"https:\/\/concoursmontreal.ca\/fr\/wp-json\/wp\/v2\/pages"}],"about":[{"href":"https:\/\/concoursmontreal.ca\/fr\/wp-json\/wp\/v2\/types\/page"}],"author":[{"embeddable":true,"href":"https:\/\/concoursmontreal.ca\/fr\/wp-json\/wp\/v2\/users\/1"}],"replies":[{"embeddable":true,"href":"https:\/\/concoursmontreal.ca\/fr\/wp-json\/wp\/v2\/comments?post=267"}],"version-history":[{"count":5,"href":"https:\/\/concoursmontreal.ca\/fr\/wp-json\/wp\/v2\/pages\/267\/revisions"}],"predecessor-version":[{"id":15127,"href":"https:\/\/concoursmontreal.ca\/fr\/wp-json\/wp\/v2\/pages\/267\/revisions\/15127"}],"up":[{"embeddable":true,"href":"https:\/\/concoursmontreal.ca\/fr\/wp-json\/wp\/v2\/pages\/92"}],"wp:attachment":[{"href":"https:\/\/concoursmontreal.ca\/fr\/wp-json\/wp\/v2\/media?parent=267"}],"curies":[{"name":"wp","href":"https:\/\/api.w.org\/{rel}","templated":true}]}}