{"id":263,"date":"2015-03-01T16:01:51","date_gmt":"2015-03-01T16:01:51","guid":{"rendered":"http:\/\/concoursmontreal.ca\/?page_id=263"},"modified":"2024-07-26T12:12:38","modified_gmt":"2024-07-26T16:12:38","slug":"chant-2005","status":"publish","type":"page","link":"https:\/\/concoursmontreal.ca\/fr\/archives\/editions-passees\/chant-2005\/","title":{"rendered":"Chant 2005"},"content":{"rendered":"<h2 style=\"text-align: left;\">Chant 2005<\/h2>\n<p><img loading=\"lazy\" decoding=\"async\" class=\"size-full wp-image-15141 alignnone\" src=\"\/wp-content\/uploads\/2020\/10\/Titre_Voix-2005_fr.jpg\" alt=\"\" width=\"1250\" height=\"350\" srcset=\"\/wp-content\/uploads\/2020\/10\/Titre_Voix-2005_fr.jpg 1250w, \/wp-content\/uploads\/2020\/10\/Titre_Voix-2005_fr-768x215.jpg 768w\" sizes=\"auto, (max-width: 1250px) 100vw, 1250px\" \/><\/p>\n<p style=\"text-align: right;\"><a class=\"maxbutton-40 maxbutton maxbutton-editions-passees\" href=\"https:\/\/www.concoursmontreal.ca\/fr\/archives\/editions-passees\/\"><span class='mb-text'>\u00c9ditions pass\u00e9es<\/span><\/a><\/p>\n<h2 style=\"text-align: left;\">Laur\u00e9ats<\/h2>\n<div class=\"columns cols14-34\">\n<div class=\"columns-col c0\">\n<div class=\"columns-wrap\"><img loading=\"lazy\" decoding=\"async\" class=\"alignnone size-full wp-image-1765\" src=\"\/wp-content\/uploads\/2015\/03\/Sin-Nyung-Hwang.jpg\" alt=\"Sin-Nyung-Hwang\" width=\"260\" height=\"190\" \/><\/div>\n<\/div>\n<div class=\"columns-col c1\">\n<div class=\"columns-wrap\">\n<p><strong class=\"h2\">SIN NYUNG HWANG, soprano<\/strong><br \/>Cor\u00e9e du Sud<\/p>\n<p><strong>Premier grand prix\u00a0<br \/><\/strong>remis par le Gouvernement du Qu\u00e9bec <br \/>25 000 $<\/p>\n<\/div>\n<\/div>\n<div class=\"clearfix\"><!--CLEARFIX --><\/div>\n<\/div>\n<div class=\"columns cols14-34\">\n<div class=\"columns-col c0\">\n<div class=\"columns-wrap\"><img loading=\"lazy\" decoding=\"async\" class=\"alignnone size-full wp-image-1766\" src=\"\/wp-content\/uploads\/2015\/03\/Peter-McGillivray.jpg\" alt=\"Peter-McGillivray\" width=\"260\" height=\"190\" \/><\/div>\n<\/div>\n<div class=\"columns-col c1\">\n<div class=\"columns-wrap\">\n<p><strong class=\"h2\">PETER McGILLIVRAY, baryton<\/strong><br \/>Canada<\/p>\n<p><strong>Deuxi\u00e8me grand prix<br \/><\/strong>remis par Patrimoine canadien<br \/>15 000 $<\/p>\n<p><strong>Prix Jean A. Chalmers<br \/><\/strong>remis par le Canadian Opera Volunteer Committee au meilleur candidat canadien <br \/>10 000 $<\/p>\n<\/div>\n<\/div>\n<div class=\"clearfix\"><!--CLEARFIX --><\/div>\n<\/div>\n<div class=\"columns cols14-34\">\n<div class=\"columns-col c0\">\n<div class=\"columns-wrap\"><img loading=\"lazy\" decoding=\"async\" class=\"alignnone size-full wp-image-1767\" src=\"\/wp-content\/uploads\/2015\/03\/Elena-Xanthoudakis.jpg\" alt=\"Elena-Xanthoudakis\" width=\"260\" height=\"190\" \/><\/div>\n<\/div>\n<div class=\"columns-col c1\">\n<div class=\"columns-wrap\">\n<p><strong class=\"h2\">ELENA XANTHOUDAKIS, soprano<\/strong><br \/>Australie<\/p>\n<p><strong>Troisi\u00e8me grand prix<br \/><\/strong>remis par Alcoa<br \/>7 500 $<\/p>\n<p><strong>Prix d&rsquo;interpr\u00e9tation de l&rsquo;\u0153uvre canadienne impos\u00e9e<\/strong><br \/>remis par la Ville de Montr\u00e9al<br \/>5 000 $<\/p>\n<\/div>\n<\/div>\n<div class=\"clearfix\"><!--CLEARFIX --><\/div>\n<\/div>\n<div class=\"columns cols14-34\">\n<div class=\"columns-col c0\">\n<div class=\"columns-wrap\"><img loading=\"lazy\" decoding=\"async\" class=\"alignnone size-full wp-image-1768\" src=\"\/wp-content\/uploads\/2015\/03\/Phillip-Addis.jpg\" alt=\"Phillip-Addis\" width=\"260\" height=\"190\" \/><\/div>\n<\/div>\n<div class=\"columns-col c1\">\n<div class=\"columns-wrap\">\n<p><strong class=\"h2\">PHILLIP ADDIS, baryton<\/strong><br \/>Canada<\/p>\n<p><strong>Quatri\u00e8me prix ex aequo<br \/><\/strong>remis par la Banque Nationale du Canada et Gaz M\u00e9tro<br \/>4 500 $<\/p>\n<p><strong>Prix Joseph-Rouleau<\/strong><br \/>remis par Interinvest au meilleur candidat qu\u00e9b\u00e9cois<br \/>7 500 $<\/p>\n<p>Prix \u00e9toiles Galaxie de Radio-Canada<br \/>remis au meilleur interpr\u00e8te canadien d\u2019un air d\u2019op\u00e9ra<br \/>5 000 $<\/p>\n<\/div>\n<\/div>\n<div class=\"clearfix\"><!--CLEARFIX --><\/div>\n<\/div>\n<div class=\"columns cols14-34\">\n<div class=\"columns-col c0\">\n<div class=\"columns-wrap\"><img loading=\"lazy\" decoding=\"async\" class=\"alignnone size-full wp-image-1769\" src=\"\/wp-content\/uploads\/2015\/03\/Anna-Kasyan.jpg\" alt=\"Anna-Kasyan\" width=\"260\" height=\"190\" \/><\/div>\n<\/div>\n<div class=\"columns-col c1\">\n<div class=\"columns-wrap\">\n<p><strong class=\"h2\">ANNA KASYAN, soprano<\/strong><br \/>G\u00e9orgie<\/p>\n<p><strong>Quatri\u00e8me prix ex aequo<br \/><\/strong>remis par la Banque Nationale du Canada et Gaz M\u00e9tro<br \/>4 500 $<\/p>\n<\/div>\n<\/div>\n<div class=\"clearfix\"><!--CLEARFIX --><\/div>\n<\/div>\n<div class=\"columns cols14-34\">\n<div class=\"columns-col c0\">\n<div class=\"columns-wrap\"><img loading=\"lazy\" decoding=\"async\" class=\"alignnone size-full wp-image-1770\" src=\"\/wp-content\/uploads\/2015\/03\/Chantal-Dionne.jpg\" alt=\"Chantal-Dionne\" width=\"260\" height=\"190\" \/><\/div>\n<\/div>\n<div class=\"columns-col c1\">\n<div class=\"columns-wrap\">\n<p><strong class=\"h2\">CHANTAL DIONNE, soprano<\/strong><br \/>Canada<\/p>\n<p><strong>Sixi\u00e8me prix<\/strong> <br \/>remis par CGI<br \/>3 000 $<\/p>\n<\/div>\n<\/div>\n<div class=\"clearfix\"><!--CLEARFIX --><\/div>\n<\/div>\n<div class=\"columns cols14-34\">\u00a0<\/div>\n<div class=\"columns cols14-34\">\n<div class=\"clearfix\"><!--CLEARFIX --><\/div>\n<\/div>\n<div class=\"columns cols14-34\">\n<div class=\"columns-col c0\">\n<div class=\"columns-wrap\"><img loading=\"lazy\" decoding=\"async\" class=\"alignnone size-full wp-image-1771\" src=\"\/wp-content\/uploads\/2015\/03\/Lauren-Skuce.jpg\" alt=\"Lauren-Skuce\" width=\"260\" height=\"190\" \/><\/div>\n<\/div>\n<div class=\"columns-col c1\"><strong class=\"h2\">LAUREN SKUCE, soprano<\/strong><\/p>\n<p>\u00c9tats-Unis<\/p>\n<p><strong>Prix du public \u00ab Hommage \u00e0 Richard Verreau \u00bb <br \/><\/strong>remis par Hydro-Qu\u00e9bec<br \/>2 500 $<\/p>\n<\/div>\n<div class=\"clearfix\"><!--CLEARFIX --><\/div>\n<\/div>\n<hr \/>\n<div style=\"text-align: left;\">\n<h2 class=\"h1\">Jury<\/h2>\n<p class=\"h2\">Carlo Bergonzi (Italie)<br \/>Mario Bernardi (Canada)<br \/>Eduardo del Campo (Espagne)<br \/>Dame Gwyneth Jones (Royaume-Uni)<br \/>Tom Krause (Finlande)<br \/>Joseph Rouleau (Canada)<br \/>Shirley Verrett (\u00c9tats-Unis)<\/p>\n<h2 class=\"h1\">\u0152uvre canadienne impos\u00e9e<\/h2>\n<p><em>Amore<\/em> | Jocelyn Morlock<\/p>\n<h2 class=\"h1\">Orchestre<\/h2>\n<p>Orchestre du CMIM<\/p>\n<h2 class=\"h1\">Chef<\/h2>\n<p>Daniel Lipton<\/p>\n<\/div>\n","protected":false},"excerpt":{"rendered":"<p>Chant 2005 Laur\u00e9ats SIN NYUNG HWANG, sopranoCor\u00e9e du Sud Premier grand prix\u00a0remis par le Gouvernement du Qu\u00e9bec 25 000 $ PETER McGILLIVRAY, barytonCanada Deuxi\u00e8me grand prixremis par Patrimoine canadien15 000 $ Prix Jean A. Chalmersremis par le Canadian Opera Volunteer Committee au meilleur candidat canadien 10 000 $ ELENA XANTHOUDAKIS, sopranoAustralie Troisi\u00e8me grand prixremis par [&hellip;]<\/p>\n","protected":false},"author":1,"featured_media":0,"parent":92,"menu_order":20,"comment_status":"closed","ping_status":"closed","template":"tpl-competition.php","meta":{"_acf_changed":false,"footnotes":""},"class_list":["post-263","page","type-page","status-publish","hentry"],"acf":[],"featured_media_src_url":null,"_links":{"self":[{"href":"https:\/\/concoursmontreal.ca\/fr\/wp-json\/wp\/v2\/pages\/263","targetHints":{"allow":["GET"]}}],"collection":[{"href":"https:\/\/concoursmontreal.ca\/fr\/wp-json\/wp\/v2\/pages"}],"about":[{"href":"https:\/\/concoursmontreal.ca\/fr\/wp-json\/wp\/v2\/types\/page"}],"author":[{"embeddable":true,"href":"https:\/\/concoursmontreal.ca\/fr\/wp-json\/wp\/v2\/users\/1"}],"replies":[{"embeddable":true,"href":"https:\/\/concoursmontreal.ca\/fr\/wp-json\/wp\/v2\/comments?post=263"}],"version-history":[{"count":1,"href":"https:\/\/concoursmontreal.ca\/fr\/wp-json\/wp\/v2\/pages\/263\/revisions"}],"predecessor-version":[{"id":15143,"href":"https:\/\/concoursmontreal.ca\/fr\/wp-json\/wp\/v2\/pages\/263\/revisions\/15143"}],"up":[{"embeddable":true,"href":"https:\/\/concoursmontreal.ca\/fr\/wp-json\/wp\/v2\/pages\/92"}],"wp:attachment":[{"href":"https:\/\/concoursmontreal.ca\/fr\/wp-json\/wp\/v2\/media?parent=263"}],"curies":[{"name":"wp","href":"https:\/\/api.w.org\/{rel}","templated":true}]}}