{"id":251,"date":"2015-03-01T15:59:30","date_gmt":"2015-03-01T15:59:30","guid":{"rendered":"http:\/\/concoursmontreal.ca\/?page_id=251"},"modified":"2024-07-26T12:11:00","modified_gmt":"2024-07-26T16:11:00","slug":"violon-2010","status":"publish","type":"page","link":"https:\/\/concoursmontreal.ca\/fr\/archives\/editions-passees\/violon-2010\/","title":{"rendered":"Violon 2010"},"content":{"rendered":"<h2 style=\"text-align: left;\">Violon 2010<\/h2>\n<p style=\"text-align: left;\"><img loading=\"lazy\" decoding=\"async\" class=\"size-full wp-image-16015 alignnone\" src=\"\/wp-content\/uploads\/2020\/11\/Titre_violon-2010_en.jpg\" alt=\"\" width=\"1200\" height=\"350\" srcset=\"\/wp-content\/uploads\/2020\/11\/Titre_violon-2010_en.jpg 1200w, \/wp-content\/uploads\/2020\/11\/Titre_violon-2010_en-768x224.jpg 768w\" sizes=\"auto, (max-width: 1200px) 100vw, 1200px\" \/><\/p>\n<p style=\"text-align: right;\"><a class=\"maxbutton-40 maxbutton maxbutton-editions-passees\" href=\"https:\/\/www.concoursmontreal.ca\/fr\/archives\/editions-passees\/\"><span class='mb-text'>\u00c9ditions pass\u00e9es<\/span><\/a><\/p>\n<h2 style=\"text-align: left;\">Laur\u00e9ats<\/h2>\n<div class=\"columns cols14-34\">\n<div class=\"columns-col c0\">\n<div class=\"columns-wrap\"><img loading=\"lazy\" decoding=\"async\" class=\"alignnone size-full wp-image-1696\" src=\"\/wp-content\/uploads\/2015\/03\/Benjamin-Beilman.jpg\" alt=\"Benjamin-Beilman\" width=\"260\" height=\"190\" \/><\/div>\n<\/div>\n<div class=\"columns-col c1\">\n<div class=\"columns-wrap\">\n<p><strong class=\"h2\">BENJAMIN BEILMAN<\/strong><br \/>\u00c9tats-Unis<\/p>\n<p><strong>Premier prix<\/strong><br \/>30 000$<\/p>\n<p><strong>Prix du public de Radio-Canada<\/strong><br \/>2 500 $<\/p>\n<\/div>\n<\/div>\n<div class=\"clearfix\"><!--CLEARFIX --><\/div>\n<\/div>\n<div class=\"columns cols14-34\">\n<div class=\"columns-col c0\">\n<div class=\"columns-wrap\"><img loading=\"lazy\" decoding=\"async\" class=\"alignnone size-full wp-image-1697\" src=\"\/wp-content\/uploads\/2015\/03\/Korbinian-Altenberger.jpg\" alt=\"Korbinian-Altenberger\" width=\"260\" height=\"190\" \/><\/div>\n<\/div>\n<div class=\"columns-col c1\">\n<div class=\"columns-wrap\">\n<p><strong style=\"font-style: normal;\"><strong class=\"h2\">KORBINIAN ALTENBERGER<\/strong><br \/><\/strong>Allemagne<\/p>\n<p><strong>Deuxi\u00e8me prix<\/strong> <br \/>15 000 $<\/p>\n<\/div>\n<\/div>\n<div class=\"clearfix\"><!--CLEARFIX --><\/div>\n<\/div>\n<div class=\"columns cols14-34\">\n<div class=\"columns-col c0\">\n<div class=\"columns-wrap\"><img loading=\"lazy\" decoding=\"async\" class=\"alignnone size-full wp-image-1698\" src=\"\/wp-content\/uploads\/2015\/03\/Nikita-Borisoglebsky.jpg\" alt=\"Nikita-Borisoglebsky\" width=\"260\" height=\"190\" \/><\/div>\n<\/div>\n<div class=\"columns-col c1\">\n<div class=\"columns-wrap\">\n<p><strong class=\"h2\">NIKITA BORISO-GLEBSKY<\/strong><br \/>Russie<\/p>\n<p><strong>Troisi\u00e8me prix<\/strong> <br \/>10 000 $<\/p>\n<p><strong>Prix d\u2019interpr\u00e9tation de l\u2019\u0153uvre canadienne impos\u00e9e<\/strong> <br \/>5 000 $\u00a0<\/p>\n<\/div>\n<\/div>\n<\/div>\n<div class=\"columns cols14-34\">\n<div class=\"columns-col c0\">\n<div class=\"columns-wrap\"><img loading=\"lazy\" decoding=\"async\" class=\"alignnone size-full wp-image-1699\" src=\"\/wp-content\/uploads\/2015\/03\/Boson-Mo.jpg\" alt=\"Boson-Mo\" width=\"260\" height=\"190\" \/><\/div>\n<\/div>\n<div class=\"columns-col c1\">\n<div class=\"columns-wrap\">\n<p><strong class=\"h2\">BOSON MO<\/strong><br \/>Canada<\/p>\n<p><strong>Prix Joseph-Rouleau pour le meilleur artiste qu\u00e9b\u00e9cois<\/strong><br \/>5 000 $<\/p>\n<\/div>\n<\/div>\n<\/div>\n<div class=\"columns cols14-34\">\n<div class=\"clearfix\"><!--CLEARFIX --><\/div>\n<\/div>\n<div class=\"columns cols14-34\">\n<div class=\"columns-col c0\">\n<div class=\"columns-wrap\"><img loading=\"lazy\" decoding=\"async\" class=\"alignnone size-full wp-image-1700\" src=\"\/wp-content\/uploads\/2015\/03\/Nikki-Choi.jpg\" alt=\"Nikki-Choi\" width=\"260\" height=\"190\" \/><\/div>\n<\/div>\n<div class=\"columns-col c1\"><strong class=\"h2\">NIKKI CHOI <\/strong><\/p>\n<p>Canada<\/p>\n<p><strong>Prix pour le meilleur artiste canadien <br \/><\/strong>10 000 $<\/p>\n<\/div>\n<div class=\"clearfix\"><!--CLEARFIX --><\/div>\n<\/div>\n<div class=\"columns cols14-34\">\n<div class=\"columns-col c0\">\n<div class=\"columns-wrap\"><img loading=\"lazy\" decoding=\"async\" class=\"alignnone size-full wp-image-1701\" src=\"\/wp-content\/uploads\/2015\/03\/Noah-Bendix-Balgley.jpg\" alt=\"Noah-Bendix-Balgley\" width=\"260\" height=\"190\" \/><\/div>\n<\/div>\n<div class=\"columns-col c1\"><strong>Bourse du CMIM<\/strong><\/p>\n<p>Attribu\u00e9e aux 3 finalistes non-class\u00e9s<br \/>2 000 $<\/p>\n<p><strong class=\"h2\"><strong>Noah Bendix-Balgley<\/strong><br \/><\/strong>\u00c9tats-Unis<\/p>\n<\/div>\n<div class=\"clearfix\"><!--CLEARFIX --><\/div>\n<\/div>\n<div class=\"columns cols14-34\">\n<div class=\"columns-col c0\">\n<div class=\"columns-wrap\"><img loading=\"lazy\" decoding=\"async\" class=\"alignnone size-full wp-image-1702\" src=\"\/wp-content\/uploads\/2015\/03\/Jaeyoung-Kim.jpg\" alt=\"Jaeyoung-Kim\" width=\"260\" height=\"190\" \/><\/div>\n<\/div>\n<div class=\"columns-col c1\"><strong class=\"h2\"><strong>Jaeyoung Kim<\/strong><\/strong><\/p>\n<p>Cor\u00e9e du Sud<\/p>\n<p>&nbsp;<\/p>\n<\/div>\n<div class=\"clearfix\"><!--CLEARFIX --><\/div>\n<\/div>\n<div class=\"columns cols14-34\">\n<div class=\"columns-col c0\">\n<div class=\"columns-wrap\"><img loading=\"lazy\" decoding=\"async\" class=\"alignnone size-full wp-image-1703\" src=\"\/wp-content\/uploads\/2015\/03\/Kyoko-Yonemoto.jpg\" alt=\"Kyoko-Yonemoto\" width=\"260\" height=\"190\" \/><\/div>\n<\/div>\n<div class=\"columns-col c1\"><strong class=\"h2\"><strong>Kyoko Yonemoto<\/strong><\/strong><\/p>\n<p>Japon<\/p>\n<p>&nbsp;<\/p>\n<\/div>\n<div class=\"clearfix\"><!--CLEARFIX --><\/div>\n<\/div>\n<hr \/>\n<div style=\"text-align: left;\">\n<h2 class=\"h1\">Jury<\/h2>\n<p class=\"h2\">Martin Beaver (Canada)<br \/>Patrice Fontanarosa (France)<br \/>Rodney Friend (Royaume-Uni)<br \/>Michael Frischenschlager (Autriche)<br \/>Dong Suk Kang (\u00c9tats-Unis)<br \/>Paul Kantor (\u00c9tats-Unis)<br \/>Vladimir Landsman (Canada)<\/p>\n<h2 class=\"h1\">\u0152uvre canadienne impos\u00e9e<\/h2>\n<p><em>One for Solitude<\/em> | Kelly-Marie Murphy<\/p>\n<h2 class=\"h1\">Orchestre<\/h2>\n<p>Orchestre M\u00e9tropolitain<\/p>\n<h2 class=\"h1\">Chef<\/h2>\n<p>Jean-Philippe Tremblay<\/p>\n<\/div>\n","protected":false},"excerpt":{"rendered":"<p>Violon 2010 Laur\u00e9ats BENJAMIN BEILMAN\u00c9tats-Unis Premier prix30 000$ Prix du public de Radio-Canada2 500 $ KORBINIAN ALTENBERGERAllemagne Deuxi\u00e8me prix 15 000 $ NIKITA BORISO-GLEBSKYRussie Troisi\u00e8me prix 10 000 $ Prix d\u2019interpr\u00e9tation de l\u2019\u0153uvre canadienne impos\u00e9e 5 000 $\u00a0 BOSON MOCanada Prix Joseph-Rouleau pour le meilleur artiste qu\u00e9b\u00e9cois5 000 $ NIKKI CHOI Canada Prix pour le [&hellip;]<\/p>\n","protected":false},"author":1,"featured_media":0,"parent":92,"menu_order":15,"comment_status":"closed","ping_status":"closed","template":"tpl-competition.php","meta":{"_acf_changed":false,"footnotes":""},"class_list":["post-251","page","type-page","status-publish","hentry"],"acf":[],"featured_media_src_url":null,"_links":{"self":[{"href":"https:\/\/concoursmontreal.ca\/fr\/wp-json\/wp\/v2\/pages\/251","targetHints":{"allow":["GET"]}}],"collection":[{"href":"https:\/\/concoursmontreal.ca\/fr\/wp-json\/wp\/v2\/pages"}],"about":[{"href":"https:\/\/concoursmontreal.ca\/fr\/wp-json\/wp\/v2\/types\/page"}],"author":[{"embeddable":true,"href":"https:\/\/concoursmontreal.ca\/fr\/wp-json\/wp\/v2\/users\/1"}],"replies":[{"embeddable":true,"href":"https:\/\/concoursmontreal.ca\/fr\/wp-json\/wp\/v2\/comments?post=251"}],"version-history":[{"count":1,"href":"https:\/\/concoursmontreal.ca\/fr\/wp-json\/wp\/v2\/pages\/251\/revisions"}],"predecessor-version":[{"id":16021,"href":"https:\/\/concoursmontreal.ca\/fr\/wp-json\/wp\/v2\/pages\/251\/revisions\/16021"}],"up":[{"embeddable":true,"href":"https:\/\/concoursmontreal.ca\/fr\/wp-json\/wp\/v2\/pages\/92"}],"wp:attachment":[{"href":"https:\/\/concoursmontreal.ca\/fr\/wp-json\/wp\/v2\/media?parent=251"}],"curies":[{"name":"wp","href":"https:\/\/api.w.org\/{rel}","templated":true}]}}