{"id":244,"date":"2015-03-01T15:57:44","date_gmt":"2015-03-01T15:57:44","guid":{"rendered":"http:\/\/concoursmontreal.ca\/?page_id=244"},"modified":"2024-07-26T12:09:42","modified_gmt":"2024-07-26T16:09:42","slug":"violon-2013","status":"publish","type":"page","link":"https:\/\/concoursmontreal.ca\/fr\/archives\/editions-passees\/violon-2013\/","title":{"rendered":"Violon 2013"},"content":{"rendered":"<h2 style=\"text-align: left;\">Violon 2013<\/h2>\n<p><img loading=\"lazy\" decoding=\"async\" class=\"size-full wp-image-15154 alignnone\" src=\"\/wp-content\/uploads\/2020\/10\/Titre_violon-2013_fr.jpg\" alt=\"\" width=\"1200\" height=\"350\" srcset=\"\/wp-content\/uploads\/2020\/10\/Titre_violon-2013_fr.jpg 1200w, \/wp-content\/uploads\/2020\/10\/Titre_violon-2013_fr-768x224.jpg 768w\" sizes=\"auto, (max-width: 1200px) 100vw, 1200px\" \/><\/p>\n<p style=\"text-align: right;\"><a class=\"maxbutton-40 maxbutton maxbutton-editions-passees\" href=\"https:\/\/www.concoursmontreal.ca\/fr\/archives\/editions-passees\/\"><span class='mb-text'>\u00c9ditions pass\u00e9es<\/span><\/a><\/p>\n<h2 style=\"text-align: left;\">Laur\u00e9ats<\/h2>\n<div class=\"columns cols14-34\">\n<div class=\"columns-col c0\">\n<div class=\"columns-wrap\"><img loading=\"lazy\" decoding=\"async\" class=\"alignnone size-full wp-image-1657\" src=\"\/wp-content\/uploads\/2015\/03\/marc-bouchkov-@gunther-gamper-7113.jpg\" alt=\"marc-bouchkov-@gunther-gamper-7113\" width=\"350\" height=\"255\" \/><\/div>\n<\/div>\n<div class=\"columns-col c1\">\n<div class=\"columns-wrap\">\n<p><strong class=\"h2\">MARC BOUCHKOV<\/strong><br \/>Belgique<\/p>\n<p><strong>Premier prix<\/strong><br \/>30 000$<\/p>\n<p>S&rsquo;ajoute au premier prix : un archet en mod\u00e8le \u00ab\u00a0Sartory\u00a0\u00bb d&rsquo;une valeur de 3 700 $ CAD, offert\u00a0par l&rsquo;Atelier Sandrine RAFFIN &#8211; Archetiers.<\/p>\n<p><strong>Prix Wilder &amp; Davis pour le meilleur r\u00e9cital de demi-finale<\/strong><br \/>2 500 $<\/p>\n<\/div>\n<\/div>\n<div class=\"clearfix\"><!--CLEARFIX --><\/div>\n<\/div>\n<div class=\"columns cols14-34\">\n<div class=\"columns-col c0\">\n<div class=\"columns-wrap\"><img loading=\"lazy\" decoding=\"async\" class=\"alignnone size-full wp-image-1659\" src=\"\/wp-content\/uploads\/2015\/03\/steven-waarts-@gunther-gamper-7530.jpg\" alt=\"steven-waarts-@gunther-gamper-7530\" width=\"350\" height=\"255\" \/><\/div>\n<\/div>\n<div class=\"columns-col c1\">\n<div class=\"columns-wrap\">\n<p><strong style=\"font-style: normal;\"><strong class=\"h2\">STEPHEN WAARTS<\/strong><br \/><\/strong>\u00c9tats-Unis<\/p>\n<p><strong>Deuxi\u00e8me prix<\/strong> <br \/>15 000 $<\/p>\n<p><strong>Prix du public Radio-Canada<\/strong> <br \/>5 000 $<\/p>\n<\/div>\n<\/div>\n<div class=\"clearfix\"><!--CLEARFIX --><\/div>\n<\/div>\n<div class=\"columns cols14-34\">\n<div class=\"columns-col c0\">\n<div class=\"columns-wrap\"><img loading=\"lazy\" decoding=\"async\" class=\"alignnone size-full wp-image-1661\" src=\"\/wp-content\/uploads\/2015\/03\/zeyu-victor-li-@gunther-gamper-7307.jpg\" alt=\"zeyu-victor-li-@gunther-gamper-7307\" width=\"350\" height=\"255\" \/><\/div>\n<\/div>\n<div class=\"columns-col c1\"><strong class=\"h2\">ZEYU VICTOR LI<\/strong><\/p>\n<p>Chine<\/p>\n<p><strong>Troisi\u00e8me prix\u00a0<br \/><\/strong>10 000 $<\/p>\n<\/div>\n<\/div>\n<div class=\"columns cols14-34\">\n<div class=\"clearfix\"><!--CLEARFIX --><\/div>\n<\/div>\n<div class=\"columns cols14-34\">\n<div class=\"columns-col c0\">\n<div class=\"columns-wrap\"><img loading=\"lazy\" decoding=\"async\" class=\"alignnone size-full wp-image-1662\" src=\"\/wp-content\/uploads\/2015\/03\/luke-hsu-@jacques-robert_9848.jpg\" alt=\"luke-hsu-@jacques-robert_9848\" width=\"350\" height=\"255\" \/><\/div>\n<\/div>\n<div class=\"columns-col c1\"><strong class=\"h2\">LUKE HSU<\/strong><\/p>\n<p>\u00c9tats-Unis<\/p>\n<p><strong>Prix d&rsquo;interpr\u00e9tation de l&rsquo;\u0153uvre canadienne impos\u00e9e<\/strong><br \/>5 000 $<\/p>\n<\/div>\n<div class=\"clearfix\"><!--CLEARFIX --><\/div>\n<\/div>\n<div class=\"columns cols14-34\">\n<div class=\"columns-col c0\">\n<div class=\"columns-wrap\"><img loading=\"lazy\" decoding=\"async\" class=\"alignnone size-full wp-image-1663\" src=\"\/wp-content\/uploads\/2015\/03\/chi-li-@gunther-gamper-6854.jpg\" alt=\"chi-li-@gunther-gamper-6854\" width=\"350\" height=\"255\" \/><\/div>\n<\/div>\n<div class=\"columns-col c1\"><strong>Bourse du CMIM<\/strong><\/p>\n<p>Attribu\u00e9e aux 3 finalistes non-class\u00e9s<br \/>2 000 $<\/p>\n<p><strong class=\"h2\">Chi Li<br \/><\/strong>Taiwan<\/p>\n<\/div>\n<div class=\"clearfix\"><!--CLEARFIX --><\/div>\n<\/div>\n<div class=\"columns cols14-34\">\n<div class=\"columns-col c0\">\n<div class=\"columns-wrap\"><img loading=\"lazy\" decoding=\"async\" class=\"alignnone size-full wp-image-1664\" src=\"\/wp-content\/uploads\/2015\/03\/ji-young-lim-@gunther-gamper-6934.jpg\" alt=\"ji-young-lim-@gunther-gamper-6934\" width=\"350\" height=\"255\" \/><\/div>\n<\/div>\n<div class=\"columns-col c1\"><strong class=\"h2\"><strong>Ji Young Lim<\/strong><\/strong><\/p>\n<p>Cor\u00e9e du Sud<\/p>\n<p>&nbsp;<\/p>\n<\/div>\n<div class=\"clearfix\"><!--CLEARFIX --><\/div>\n<\/div>\n<div class=\"columns cols14-34\">\n<div class=\"columns-col c0\">\n<div class=\"columns-wrap\"><img loading=\"lazy\" decoding=\"async\" class=\"alignnone size-full wp-image-1665\" src=\"\/wp-content\/uploads\/2015\/03\/fedor-roudine-@gunther-gamper-7441.jpg\" alt=\"fedor-roudine-@gunther-gamper-7441\" width=\"350\" height=\"255\" \/>Photos :\u00a0Gunther Gamper<\/div>\n<\/div>\n<div class=\"columns-col c1\"><strong class=\"h2\"><strong>F\u00c9DOR ROUDINE<\/strong><\/strong><\/p>\n<p>France<\/p>\n<p>&nbsp;<\/p>\n<\/div>\n<div class=\"clearfix\"><!--CLEARFIX --><\/div>\n<\/div>\n<hr \/>\n<div style=\"text-align: left;\">\n<h2 class=\"h1\">Jury<\/h2>\n<p class=\"h2\">Rodney Friend (Royaume-Uni)<br \/>Michael Frischenschlager (Autriche)<br \/>Yuzuko Horigome (Japon)<br \/>Mark Kaplan (\u00c9tats-Unis)<br \/>Vladimir Landsman (Canada)<br \/>R\u00e9gis Pasquier (France)<br \/>Barry Shiffman (Canada)<\/p>\n<h2 class=\"h1\">\u0152uvre canadienne impos\u00e9e<\/h2>\n<p><em>Rhapsodie pour violon et piano<\/em> | Jean lesage<\/p>\n<h2 class=\"h1\">Orchestre<\/h2>\n<p>Orchestre symphonique de Montr\u00e9al<\/p>\n<h2 class=\"h1\">Chef<\/h2>\n<p>Maxim Vengerov<\/p>\n<\/div>\n","protected":false},"excerpt":{"rendered":"<p>Violon 2013 Laur\u00e9ats MARC BOUCHKOVBelgique Premier prix30 000$ S&rsquo;ajoute au premier prix : un archet en mod\u00e8le \u00ab\u00a0Sartory\u00a0\u00bb d&rsquo;une valeur de 3 700 $ CAD, offert\u00a0par l&rsquo;Atelier Sandrine RAFFIN &#8211; Archetiers. Prix Wilder &amp; Davis pour le meilleur r\u00e9cital de demi-finale2 500 $ STEPHEN WAARTS\u00c9tats-Unis Deuxi\u00e8me prix 15 000 $ Prix du public Radio-Canada 5 [&hellip;]<\/p>\n","protected":false},"author":1,"featured_media":0,"parent":92,"menu_order":12,"comment_status":"closed","ping_status":"closed","template":"tpl-competition.php","meta":{"_acf_changed":false,"footnotes":""},"class_list":["post-244","page","type-page","status-publish","hentry"],"acf":[],"featured_media_src_url":null,"_links":{"self":[{"href":"https:\/\/concoursmontreal.ca\/fr\/wp-json\/wp\/v2\/pages\/244","targetHints":{"allow":["GET"]}}],"collection":[{"href":"https:\/\/concoursmontreal.ca\/fr\/wp-json\/wp\/v2\/pages"}],"about":[{"href":"https:\/\/concoursmontreal.ca\/fr\/wp-json\/wp\/v2\/types\/page"}],"author":[{"embeddable":true,"href":"https:\/\/concoursmontreal.ca\/fr\/wp-json\/wp\/v2\/users\/1"}],"replies":[{"embeddable":true,"href":"https:\/\/concoursmontreal.ca\/fr\/wp-json\/wp\/v2\/comments?post=244"}],"version-history":[{"count":3,"href":"https:\/\/concoursmontreal.ca\/fr\/wp-json\/wp\/v2\/pages\/244\/revisions"}],"predecessor-version":[{"id":15156,"href":"https:\/\/concoursmontreal.ca\/fr\/wp-json\/wp\/v2\/pages\/244\/revisions\/15156"}],"up":[{"embeddable":true,"href":"https:\/\/concoursmontreal.ca\/fr\/wp-json\/wp\/v2\/pages\/92"}],"wp:attachment":[{"href":"https:\/\/concoursmontreal.ca\/fr\/wp-json\/wp\/v2\/media?parent=244"}],"curies":[{"name":"wp","href":"https:\/\/api.w.org\/{rel}","templated":true}]}}