{"id":242,"date":"2015-03-01T15:56:38","date_gmt":"2015-03-01T15:56:38","guid":{"rendered":"http:\/\/concoursmontreal.ca\/?page_id=242"},"modified":"2024-07-26T12:10:34","modified_gmt":"2024-07-26T16:10:34","slug":"piano-2014","status":"publish","type":"page","link":"https:\/\/concoursmontreal.ca\/fr\/archives\/editions-passees\/piano-2014\/","title":{"rendered":"Piano 2014"},"content":{"rendered":"<h2 style=\"text-align: left;\">Piano 2014<\/h2>\n<p><img loading=\"lazy\" decoding=\"async\" class=\"size-full wp-image-15104 alignnone\" src=\"\/wp-content\/uploads\/2020\/10\/Titre_Piano-2014_fr.jpg\" alt=\"\" width=\"1200\" height=\"350\" srcset=\"\/wp-content\/uploads\/2020\/10\/Titre_Piano-2014_fr.jpg 1200w, \/wp-content\/uploads\/2020\/10\/Titre_Piano-2014_fr-768x224.jpg 768w\" sizes=\"auto, (max-width: 1200px) 100vw, 1200px\" \/><\/p>\n<p style=\"text-align: right;\"><a class=\"maxbutton-40 maxbutton maxbutton-editions-passees\" href=\"https:\/\/www.concoursmontreal.ca\/fr\/archives\/editions-passees\/\"><span class='mb-text'>\u00c9ditions pass\u00e9es<\/span><\/a><\/p>\n<h2 style=\"text-align: left;\">Laur\u00e9ats<\/h2>\n<div class=\"columns cols14-34\">\n<div class=\"columns-col c0\">\n<div class=\"columns-wrap\"><img loading=\"lazy\" decoding=\"async\" class=\"alignnone wp-image-970 size-full\" src=\"\/wp-content\/uploads\/2015\/03\/jayson-gillham.jpg\" alt=\"jayson-gillham\" width=\"260\" height=\"190\" \/><\/div>\n<\/div>\n<div class=\"columns-col c1\">\n<div class=\"columns-wrap\">\n<p><strong class=\"h2\">JAYSON GILLHAM<\/strong><br \/>Australie\/Royaume-Uni<\/p>\n<p><strong>Premier prix<\/strong><br \/>30 000$<\/p>\n<p><strong>Prix d&rsquo;interpr\u00e9tation de l&rsquo;\u0153uvre canadienne obligatoire<\/strong><br \/>5 000 $<\/p>\n<p><strong>Prix du public Radio-Canada<\/strong><br \/>5 000 $<\/p>\n<\/div>\n<\/div>\n<div class=\"clearfix\"><!--CLEARFIX --><\/div>\n<\/div>\n<div class=\"columns cols14-34\">\n<div class=\"columns-col c0\">\n<div class=\"columns-wrap\"><img loading=\"lazy\" decoding=\"async\" class=\"alignnone size-full wp-image-999\" src=\"\/wp-content\/uploads\/2015\/03\/charles-richard-hamelin.jpg\" alt=\"charles-richard-hamelin\" width=\"260\" height=\"190\" \/><\/div>\n<\/div>\n<div class=\"columns-col c1\">\n<div class=\"columns-wrap\">\n<p><strong style=\"font-style: normal;\"><strong class=\"h2\">CHARLES RICHARD-HAMELIN<\/strong><br \/><\/strong>Canada<\/p>\n<p><strong>Deuxi\u00e8me prix<\/strong> <br \/>15 000 $<\/p>\n<p><strong>Prix pour le meilleur artiste canadien<\/strong><br \/>Offert par la Fondation Bourbeau<br \/>5 000 $<\/p>\n<\/div>\n<\/div>\n<div class=\"clearfix\"><!--CLEARFIX --><\/div>\n<\/div>\n<div class=\"columns cols14-34\">\n<div class=\"columns-col c0\">\n<div class=\"columns-wrap\"><img loading=\"lazy\" decoding=\"async\" class=\"alignnone size-full wp-image-1001\" src=\"\/wp-content\/uploads\/2015\/03\/annika-treutler.jpg\" alt=\"annika-treutler\" width=\"260\" height=\"190\" \/><\/div>\n<\/div>\n<div class=\"columns-col c1\"><strong class=\"h2\">ANNIKA TREUTLER<\/strong><\/p>\n<p>Allemagne<\/p>\n<p><strong>Troisi\u00e8me prix\u00a0<br \/><\/strong>10 000 $<\/p>\n<\/div>\n<\/div>\n<div class=\"columns cols14-34\">\n<div class=\"clearfix\"><!--CLEARFIX --><\/div>\n<\/div>\n<div class=\"columns cols14-34\">\n<div class=\"columns-col c0\">\n<div class=\"columns-wrap\"><img loading=\"lazy\" decoding=\"async\" class=\"alignnone size-full wp-image-1003\" src=\"\/wp-content\/uploads\/2015\/03\/serhiy-salov.jpg\" alt=\"serhiy-salov\" width=\"260\" height=\"190\" \/><\/div>\n<\/div>\n<div class=\"columns-col c1\"><strong class=\"h2\">SERHIY SALOV<\/strong><\/p>\n<p>Ukraine<\/p>\n<p><strong>Prix\u00a0 d&rsquo;improvisation Richard-Lupien<\/strong><br \/>5 000 $<\/p>\n<\/div>\n<div class=\"clearfix\"><!--CLEARFIX --><\/div>\n<\/div>\n<div class=\"columns cols14-34\">\n<div class=\"columns-col c0\">\n<div class=\"columns-wrap\"><img loading=\"lazy\" decoding=\"async\" class=\"alignnone size-full wp-image-1008\" src=\"\/wp-content\/uploads\/2015\/03\/kate-liu.jpg\" alt=\"kate-liu\" width=\"260\" height=\"190\" \/><\/div>\n<\/div>\n<div class=\"columns-col c1\"><strong>Bourse du CMIM<\/strong><\/p>\n<p>Attribu\u00e9e aux 3 finalistes non-class\u00e9s<br \/>2 000 $<\/p>\n<p><strong class=\"h2\">Kate Liu<br \/><\/strong>\u00c9tats-Unis<\/p>\n<\/div>\n<div class=\"clearfix\"><!--CLEARFIX --><\/div>\n<\/div>\n<div class=\"columns cols14-34\">\n<div class=\"columns-col c0\">\n<div class=\"columns-wrap\"><img loading=\"lazy\" decoding=\"async\" class=\"alignnone size-full wp-image-1009\" src=\"\/wp-content\/uploads\/2015\/03\/xiaoyu-liu.jpg\" alt=\"xiaoyu-liu\" width=\"260\" height=\"190\" \/><\/div>\n<\/div>\n<div class=\"columns-col c1\"><strong class=\"h2\"><strong>Xiaoyu Liu<\/strong><\/strong><\/p>\n<p>Canada<\/p>\n<p>&nbsp;<\/p>\n<\/div>\n<div class=\"clearfix\"><!--CLEARFIX --><\/div>\n<\/div>\n<div class=\"columns cols14-34\">\n<div class=\"columns-col c0\">\n<div class=\"columns-wrap\"><img loading=\"lazy\" decoding=\"async\" class=\"alignnone size-full wp-image-1011\" src=\"\/wp-content\/uploads\/2015\/03\/alexander-ullman.jpg\" alt=\"alexander-ullman\" width=\"260\" height=\"190\" \/>Photos : Antoine Saito<\/div>\n<\/div>\n<div class=\"columns-col c1\"><strong class=\"h2\"><strong>Alexander Ullman<\/strong><\/strong><\/p>\n<p>Royaume-Uni<\/p>\n<p>&nbsp;<\/p>\n<\/div>\n<div class=\"clearfix\"><!--CLEARFIX --><\/div>\n<\/div>\n<hr \/>\n<div style=\"text-align: left;\">\n<h2 class=\"h1\">Jury<\/h2>\n<p class=\"h2\">Michel B\u00e9roff (France)<br \/>Daniel Blumenthal (\u00c9tats-Unis)<br \/>Hung-Kuan Chen (Taiwan)<br \/>Abdel Rahman El Bacha (France\/Liban)<br \/>Janina Fialkowska (Canada)<br \/>Blanca Uribe (Colombie)<br \/>Zhu Xiao-Mei (Chine)<\/p>\n<h2 class=\"h1\"><a href=\"\/wp-content\/uploads\/2015\/03\/CMIM140604-1-e1448482240178.jpg\"><img loading=\"lazy\" decoding=\"async\" class=\"alignnone size-full wp-image-3251\" src=\"\/wp-content\/uploads\/2015\/03\/CMIM140604-1-e1448482240178.jpg\" alt=\"CMIM140604-1\" width=\"600\" height=\"400\" \/><\/a><\/h2>\n<h2 class=\"h1\">\u0152uvre canadienne impos\u00e9e<\/h2>\n<p><em>Tremblements : Hommage \u00e0 Ligeti<\/em> | Marjan Mozetich<\/p>\n<h2 class=\"h1\">Orchestre<\/h2>\n<p>Orchestre symphonique de Montr\u00e9al<\/p>\n<h2 class=\"h1\">Chef<\/h2>\n<p>Giancarlo Guerrero<\/p>\n<p><a href=\"\/wp-content\/uploads\/2015\/10\/giancarlo-guerrero.jpg\"><img loading=\"lazy\" decoding=\"async\" class=\"alignnone  wp-image-3139\" src=\"\/wp-content\/uploads\/2015\/10\/giancarlo-guerrero.jpg\" alt=\"giancarlo-guerrero\" width=\"330\" height=\"495\" \/><\/a><\/p>\n<\/div>\n","protected":false},"excerpt":{"rendered":"<p>Piano 2014 Laur\u00e9ats JAYSON GILLHAMAustralie\/Royaume-Uni Premier prix30 000$ Prix d&rsquo;interpr\u00e9tation de l&rsquo;\u0153uvre canadienne obligatoire5 000 $ Prix du public Radio-Canada5 000 $ CHARLES RICHARD-HAMELINCanada Deuxi\u00e8me prix 15 000 $ Prix pour le meilleur artiste canadienOffert par la Fondation Bourbeau5 000 $ ANNIKA TREUTLER Allemagne Troisi\u00e8me prix\u00a010 000 $ SERHIY SALOV Ukraine Prix\u00a0 d&rsquo;improvisation Richard-Lupien5 000 [&hellip;]<\/p>\n","protected":false},"author":1,"featured_media":0,"parent":92,"menu_order":11,"comment_status":"closed","ping_status":"closed","template":"tpl-competition.php","meta":{"_acf_changed":false,"footnotes":""},"class_list":["post-242","page","type-page","status-publish","hentry"],"acf":[],"featured_media_src_url":null,"_links":{"self":[{"href":"https:\/\/concoursmontreal.ca\/fr\/wp-json\/wp\/v2\/pages\/242","targetHints":{"allow":["GET"]}}],"collection":[{"href":"https:\/\/concoursmontreal.ca\/fr\/wp-json\/wp\/v2\/pages"}],"about":[{"href":"https:\/\/concoursmontreal.ca\/fr\/wp-json\/wp\/v2\/types\/page"}],"author":[{"embeddable":true,"href":"https:\/\/concoursmontreal.ca\/fr\/wp-json\/wp\/v2\/users\/1"}],"replies":[{"embeddable":true,"href":"https:\/\/concoursmontreal.ca\/fr\/wp-json\/wp\/v2\/comments?post=242"}],"version-history":[{"count":3,"href":"https:\/\/concoursmontreal.ca\/fr\/wp-json\/wp\/v2\/pages\/242\/revisions"}],"predecessor-version":[{"id":15107,"href":"https:\/\/concoursmontreal.ca\/fr\/wp-json\/wp\/v2\/pages\/242\/revisions\/15107"}],"up":[{"embeddable":true,"href":"https:\/\/concoursmontreal.ca\/fr\/wp-json\/wp\/v2\/pages\/92"}],"wp:attachment":[{"href":"https:\/\/concoursmontreal.ca\/fr\/wp-json\/wp\/v2\/media?parent=242"}],"curies":[{"name":"wp","href":"https:\/\/api.w.org\/{rel}","templated":true}]}}