{"id":21687,"date":"2021-12-30T15:04:16","date_gmt":"2021-12-30T15:04:16","guid":{"rendered":"https:\/\/www.concoursmontreal.ca\/?page_id=21687"},"modified":"2026-02-03T15:31:53","modified_gmt":"2026-02-03T20:31:53","slug":"familles","status":"publish","type":"page","link":"https:\/\/concoursmontreal.ca\/fr\/appuyez\/familles\/","title":{"rendered":"Familles d&rsquo;accueil"},"content":{"rendered":"<h2 style=\"text-align: left;\">familles d&rsquo;accueil<\/h2>\n<p><a href=\"\/wp-content\/uploads\/2024\/10\/Titre-famille_accueil.jpg\"><img loading=\"lazy\" decoding=\"async\" class=\"wp-image-35743 size-full aligncenter\" src=\"\/wp-content\/uploads\/2024\/10\/Titre-famille_accueil.jpg\" alt=\"\" width=\"1200\" height=\"350\" srcset=\"\/wp-content\/uploads\/2024\/10\/Titre-famille_accueil.jpg 1200w, \/wp-content\/uploads\/2024\/10\/Titre-famille_accueil-768x224.jpg 768w\" sizes=\"auto, (max-width: 1200px) 100vw, 1200px\" \/><\/a><\/p>\n<h2 style=\"text-align: center;\">\u00a0<\/h2>\n<h2 style=\"text-align: left;\"><span style=\"color: #fc4237;\"><strong><strong>H\u00e9bergez un des concurrents de la prochaine \u00e9dition du CONCOURS!\u00a0<\/p>\n<p><\/strong><\/strong><\/span><\/h2>\n<p><a href=\"\/wp-content\/uploads\/2024\/10\/Firstround-Piano-2024-web-41_MuziLi_fleurs.jpg\"><img loading=\"lazy\" decoding=\"async\" class=\"alignleft  wp-image-35738\" src=\"\/wp-content\/uploads\/2024\/10\/Firstround-Piano-2024-web-41_MuziLi_fleurs.jpg\" alt=\"\" width=\"400\" height=\"266\" srcset=\"\/wp-content\/uploads\/2024\/10\/Firstround-Piano-2024-web-41_MuziLi_fleurs.jpg 1024w, \/wp-content\/uploads\/2024\/10\/Firstround-Piano-2024-web-41_MuziLi_fleurs-768x511.jpg 768w\" sizes=\"auto, (max-width: 400px) 100vw, 400px\" \/><\/a><\/p>\n<p style=\"text-align: left;\"><span style=\"font-size: 14px;\"><strong>Ouvrez votre porte au talent!<br \/>Devenez famille d&rsquo;accueil.<\/strong><\/span><\/p>\n<p style=\"text-align: left;\"><span style=\"font-size: 14px;\">Vous aurez l&rsquo;honneur d&rsquo;accueillir chez vous l&rsquo;une ou l&rsquo;un des plus talentueux jeunes musiciens de la nouvelle g\u00e9n\u00e9ration, reconnu parmi les meilleurs au monde.<\/span><\/p>\n<p style=\"text-align: left;\"><span style=\"font-size: 14px;\"><strong>Vivez une exp\u00e9rience unique et enrichissante o\u00f9 se c\u00f4toient culture, passion, travail et ambition!<\/strong><\/span><\/p>\n<p style=\"text-align: left;\"><span style=\"font-size: 14px;\">Le r\u00e9seau des familles d&rsquo;accueil du Concours musical international de Montr\u00e9al est essentiel pour soutenir les musiciens participants. Les familles d&rsquo;accueil permettent aux artistes d&rsquo;\u00eatre h\u00e9berg\u00e9s dans des foyers montr\u00e9alais pendant toute la dur\u00e9e du concours. Ces familles jouent un r\u00f4le cl\u00e9 en offrant non seulement un h\u00e9bergement, mais aussi un soutien moral et logistique.<\/span><\/p>\n<p style=\"text-align: left;\"><span style=\"font-size: 14px;\">Cette hospitalit\u00e9 permet aux musiciens de se concentrer pleinement sur leur performance, tout en d\u00e9couvrant la culture locale dans un cadre chaleureux. Le r\u00e9seau des familles d&rsquo;accueil du Concours refl\u00e8te \u00e9galement l&rsquo;esprit de solidarit\u00e9 et de communaut\u00e9 \u00e0 Montr\u00e9al, offrant aux participants une exp\u00e9rience unique et enrichissante au-del\u00e0 de la comp\u00e9tition musicale elle-m\u00eame.<\/span><\/p>\n<p style=\"text-align: left;\"><span style=\"font-size: 14px;\">\u00a0<\/span><\/p>\n<p style=\"text-align: center;\"><span style=\"font-size: 14px;\"><strong>Renseignements :<br \/><\/strong>514-845-4108\u202c poste 232<br \/><a href=\"#Zm9uZGF0aW9uQGNvbmNvdXJzbW9udHJlYWwuY2E=\" class=\"mailto\" rel=\"email\">fondation@concoursmontreal.ca<\/a><\/span><\/p>\n<p>&nbsp;<\/p>\n<a class=\"maxbutton-166 maxbutton maxbutton-doc-famille-2025-fr\" href=\"\/wp-content\/uploads\/2026\/02\/Presentation_Concours2026_FAMILLES.pdf\"><span class='mb-text'>Documentation compl\u00e8te<\/span><\/a>\n<p>&nbsp;<\/p>\n<a class=\"maxbutton-92 maxbutton maxbutton-formulaire-d-inscription-famille-d-accueil\" target=\"_blank\" title=\"Formulaire d&#039;inscription\" rel=\"noopener\" href=\"https:\/\/docs.google.com\/forms\/d\/e\/1FAIpQLSejuQxw7jw2hO8CF90xuwXDxxjqvvqOPZPsdM6-38c8INMY0A\/viewform?usp=sf_link\"><span class='mb-text'>Devenez famille d&#039;accueil<\/span><\/a>\n","protected":false},"excerpt":{"rendered":"<p>familles d&rsquo;accueil \u00a0 H\u00e9bergez un des concurrents de la prochaine \u00e9dition du CONCOURS!\u00a0 Ouvrez votre porte au talent!Devenez famille d&rsquo;accueil. Vous aurez l&rsquo;honneur d&rsquo;accueillir chez vous l&rsquo;une ou l&rsquo;un des plus talentueux jeunes musiciens de la nouvelle g\u00e9n\u00e9ration, reconnu parmi les meilleurs au monde. Vivez une exp\u00e9rience unique et enrichissante o\u00f9 se c\u00f4toient culture, passion, [&hellip;]<\/p>\n","protected":false},"author":1,"featured_media":0,"parent":14,"menu_order":5,"comment_status":"closed","ping_status":"closed","template":"","meta":{"_acf_changed":false,"footnotes":""},"class_list":["post-21687","page","type-page","status-publish","hentry"],"acf":[],"featured_media_src_url":null,"_links":{"self":[{"href":"https:\/\/concoursmontreal.ca\/fr\/wp-json\/wp\/v2\/pages\/21687","targetHints":{"allow":["GET"]}}],"collection":[{"href":"https:\/\/concoursmontreal.ca\/fr\/wp-json\/wp\/v2\/pages"}],"about":[{"href":"https:\/\/concoursmontreal.ca\/fr\/wp-json\/wp\/v2\/types\/page"}],"author":[{"embeddable":true,"href":"https:\/\/concoursmontreal.ca\/fr\/wp-json\/wp\/v2\/users\/1"}],"replies":[{"embeddable":true,"href":"https:\/\/concoursmontreal.ca\/fr\/wp-json\/wp\/v2\/comments?post=21687"}],"version-history":[{"count":6,"href":"https:\/\/concoursmontreal.ca\/fr\/wp-json\/wp\/v2\/pages\/21687\/revisions"}],"predecessor-version":[{"id":42729,"href":"https:\/\/concoursmontreal.ca\/fr\/wp-json\/wp\/v2\/pages\/21687\/revisions\/42729"}],"up":[{"embeddable":true,"href":"https:\/\/concoursmontreal.ca\/fr\/wp-json\/wp\/v2\/pages\/14"}],"wp:attachment":[{"href":"https:\/\/concoursmontreal.ca\/fr\/wp-json\/wp\/v2\/media?parent=21687"}],"curies":[{"name":"wp","href":"https:\/\/api.w.org\/{rel}","templated":true}]}}