{"id":13364,"date":"2020-07-14T21:31:28","date_gmt":"2020-07-15T01:31:28","guid":{"rendered":"https:\/\/www.concoursmontreal.ca\/?page_id=13364"},"modified":"2024-08-13T17:23:46","modified_gmt":"2024-08-13T21:23:46","slug":"mini-violini-2019","status":"publish","type":"page","link":"https:\/\/concoursmontreal.ca\/fr\/ecoutez\/mini-violini-2019\/","title":{"rendered":"Violon 2019 &#8211; Mini Violini"},"content":{"rendered":"<h2 style=\"text-align: left;\">Mini Violini 2019<\/h2>\n<p><img loading=\"lazy\" decoding=\"async\" class=\"alignleft size-full wp-image-13386\" src=\"\/wp-content\/uploads\/2020\/07\/Mini_Violini_bandeau.jpg\" alt=\"\" width=\"1200\" height=\"350\" srcset=\"\/wp-content\/uploads\/2020\/07\/Mini_Violini_bandeau.jpg 1200w, \/wp-content\/uploads\/2020\/07\/Mini_Violini_bandeau-768x224.jpg 768w\" sizes=\"auto, (max-width: 1200px) 100vw, 1200px\" \/><\/p>\n<blockquote>\n<h3 style=\"text-align: center;\"><strong>Leur \u00e9nergie, leur virtuosit\u00e9: tout simplement ahurissant!<\/strong><strong>\u00a0<\/strong><\/h3>\n<p style=\"text-align: center;\">Alain Lef\u00e8vre, pianiste, compositeur et patron d&rsquo;honneur du CMIM<\/p>\n<\/blockquote>\n<p style=\"text-align: center;\">\u00a0<\/p>\n<p style=\"text-align: left;\">Vitrine pour des laur\u00e9ats de concours juniors internationaux, \u00e2g\u00e9s de 10 et 14 ans, <strong>Mini Violini 2019 <\/strong>\u00a0pr\u00e9sent\u00e9 les 27 et 28 mai 2019 \u00e0 la Salle Bourgie. Le rendez-vous se d\u00e9cline en deux concerts anim\u00e9s par Mario Paquet.<\/p>\n<p style=\"text-align: left;\">Les 10 membres du jury de l\u2019\u00e9dition CMIM Violon 2019 offrent des commentaires et des conseils aux concurrents de Mini Violini. Un seul prix est d\u00e9cern\u00e9 : celui du <em>Coup de c\u0153ur <\/em>d\u2019une valeur de 10 000$ de la Fondation de musique Wicha. Il est attribu\u00e9 \u00e0 la suite d\u2019un vote du public en salle et sur le site Wsb du CMIM,<\/p>\n<p>&nbsp;<\/p>\n<p style=\"text-align: left;\">Soir\u00e9e r\u00e9cital : les Minis sont accompagn\u00e9s par la pianiste Suzanne Blondin et Claire Ouellet lors des r\u00e9citals.<\/p>\n<p style=\"text-align: left;\">Soir\u00e9e concerti : es Minis interpr\u00e8tent un concerto de leur choix avec l&rsquo;orchestre de chambre I Musici de Montr\u00e9al, dirig\u00e9 pour l&rsquo;occasion par Cho-Liang Lin (juge du CMIM 2019).\u00a0<\/p>\n<p style=\"text-align: center;\">____<\/p>\n<h2 style=\"text-align: center;\">Les Minis<\/h2>\n<table class=\" aligncenter\" style=\"height: 75px;\" width=\"560\">\n<tbody>\n<tr>\n<td><img loading=\"lazy\" decoding=\"async\" class=\"alignnone  wp-image-9974\" src=\"\/wp-content\/uploads\/2019\/05\/Emrik.png\" alt=\"\" width=\"200\" height=\"200\" srcset=\"\/wp-content\/uploads\/2019\/05\/Emrik.png 1080w, \/wp-content\/uploads\/2019\/05\/Emrik-768x768.png 768w\" sizes=\"auto, (max-width: 200px) 100vw, 200px\" \/>\u00a0<\/td>\n<td><img loading=\"lazy\" decoding=\"async\" class=\"alignnone wp-image-9976\" src=\"\/wp-content\/uploads\/2019\/05\/Natsuho.png\" alt=\"\" width=\"200\" height=\"200\" srcset=\"\/wp-content\/uploads\/2019\/05\/Natsuho.png 1080w, \/wp-content\/uploads\/2019\/05\/Natsuho-768x768.png 768w\" sizes=\"auto, (max-width: 200px) 100vw, 200px\" \/><\/td>\n<td>\u00a0<\/td>\n<td><img loading=\"lazy\" decoding=\"async\" class=\"alignnone  wp-image-9970\" src=\"\/wp-content\/uploads\/2019\/05\/Hannah-Tam.png\" alt=\"\" width=\"200\" height=\"200\" srcset=\"\/wp-content\/uploads\/2019\/05\/Hannah-Tam.png 1080w, \/wp-content\/uploads\/2019\/05\/Hannah-Tam-768x768.png 768w\" sizes=\"auto, (max-width: 200px) 100vw, 200px\" \/><\/td>\n<td><img loading=\"lazy\" decoding=\"async\" class=\"alignnone wp-image-9968\" src=\"\/wp-content\/uploads\/2019\/05\/Shihan.png\" alt=\"\" width=\"200\" height=\"200\" srcset=\"\/wp-content\/uploads\/2019\/05\/Shihan.png 1080w, \/wp-content\/uploads\/2019\/05\/Shihan-768x768.png 768w\" sizes=\"auto, (max-width: 200px) 100vw, 200px\" \/><\/td>\n<td><img loading=\"lazy\" decoding=\"async\" class=\"alignnone wp-image-9972\" src=\"\/wp-content\/uploads\/2019\/05\/Samuel-Tan.png\" alt=\"\" width=\"200\" height=\"200\" srcset=\"\/wp-content\/uploads\/2019\/05\/Samuel-Tan.png 1080w, \/wp-content\/uploads\/2019\/05\/Samuel-Tan-768x768.png 768w\" sizes=\"auto, (max-width: 200px) 100vw, 200px\" \/><\/td>\n<\/tr>\n<tr>\n<td>Emrik Revermann, Canada <br \/>(10 ans)<\/td>\n<td>Natsuho Murata, Japon <br \/>(11 ans)<\/td>\n<td>\u00a0<\/td>\n<td>Hannah Tam , Hong Kong <br \/>(13 ans)<\/td>\n<td>Shihan Wang, Chine <br \/>(14 ans)<\/td>\n<td>Samuel Tan, Singapour <br \/>(14 ans)<\/td>\n<\/tr>\n<\/tbody>\n<\/table>\n<p style=\"text-align: center;\">\u00a0<\/p>\n<p style=\"text-align: center;\">____<\/p>\n<h2 style=\"text-align: center;\">\u00a0<\/h2>\n<p>&nbsp;<\/p>\n<h2>Soir\u00e9e r\u00e9cital &#8211; Mini violini<\/h2>\n<div class=\"epyt-gallery\" data-currpage=\"1\" id=\"epyt_gallery_61796\"><iframe loading=\"lazy\"  id=\"_ytid_58860\"  width=\"490\" height=\"276\"  data-origwidth=\"490\" data-origheight=\"276\" src=\"https:\/\/www.youtube.com\/embed\/PJAEdD4O_Zc?enablejsapi=1&autoplay=0&cc_load_policy=0&cc_lang_pref=&iv_load_policy=1&loop=0&rel=1&fs=1&playsinline=0&autohide=2&theme=dark&color=red&controls=1&disablekb=0&\" class=\"__youtube_prefs__  no-lazyload\" title=\"YouTube player\"  data-epytgalleryid=\"epyt_gallery_61796\"  allow=\"fullscreen; accelerometer; autoplay; clipboard-write; encrypted-media; gyroscope; picture-in-picture; web-share\" referrerpolicy=\"strict-origin-when-cross-origin\" allowfullscreen data-no-lazy=\"1\" data-skipgform_ajax_framebjll=\"\"><\/iframe><div class=\"epyt-gallery-list\"><div class=\"epyt-pagination \"><div tabindex=\"0\" role=\"button\" class=\"epyt-pagebutton epyt-prev  hide \" data-playlistid=\"PL_P9by_tMFzH0Ut9uIEId2V74G5jYHRfS\" data-pagesize=\"15\" data-pagetoken=\"\" data-epcolumns=\"3\" data-showtitle=\"1\" data-showpaging=\"1\" data-autonext=\"0\" data-thumbplay=\"1\"><div class=\"epyt-arrow\">&laquo;<\/div> <div>Prev<\/div><\/div><div class=\"epyt-pagenumbers hide\"><div class=\"epyt-current\">1<\/div><div class=\"epyt-pageseparator\"> \/ <\/div><div class=\"epyt-totalpages\">1<\/div><\/div><div tabindex=\"0\" role=\"button\" class=\"epyt-pagebutton epyt-next hide \" data-playlistid=\"PL_P9by_tMFzH0Ut9uIEId2V74G5jYHRfS\" data-pagesize=\"15\" data-pagetoken=\"\" data-epcolumns=\"3\" data-showtitle=\"1\" data-showpaging=\"1\" data-autonext=\"0\" data-thumbplay=\"1\"><div>Next<\/div> <div class=\"epyt-arrow\">&raquo;<\/div><\/div><div class=\"epyt-loader\"><img loading=\"lazy\" decoding=\"async\" alt=\"loading\" width=\"16\" height=\"11\" src=\"https:\/\/concoursmontreal.ca\/wp-content\/plugins\/youtube-embed-plus\/images\/gallery-page-loader.gif\"><\/div><\/div><div class=\"epyt-gallery-allthumbs  epyt-cols-3 \"><div tabindex=\"0\" role=\"button\" data-videoid=\"PJAEdD4O_Zc\" class=\"epyt-gallery-thumb\"><div class=\"epyt-gallery-img-box\"><div class=\"epyt-gallery-img\" style=\"background-image: url(https:\/\/i.ytimg.com\/vi\/PJAEdD4O_Zc\/hqdefault.jpg)\"><div class=\"epyt-gallery-playhover\"><img loading=\"lazy\" decoding=\"async\" alt=\"play\" class=\"epyt-play-img\" width=\"30\" height=\"23\" src=\"https:\/\/concoursmontreal.ca\/wp-content\/plugins\/youtube-embed-plus\/images\/playhover.png\" data-no-lazy=\"1\" data-skipgform_ajax_framebjll=\"\" \/><div class=\"epyt-gallery-playcrutch\"><\/div><\/div><\/div><\/div><div class=\"epyt-gallery-title\">D\u00e9couvrez les 5 Mini Violini<\/div><\/div><div tabindex=\"0\" role=\"button\" data-videoid=\"KiCubEsax_8\" class=\"epyt-gallery-thumb\"><div class=\"epyt-gallery-img-box\"><div class=\"epyt-gallery-img\" style=\"background-image: url(https:\/\/i.ytimg.com\/vi\/KiCubEsax_8\/hqdefault.jpg)\"><div class=\"epyt-gallery-playhover\"><img loading=\"lazy\" decoding=\"async\" alt=\"play\" class=\"epyt-play-img\" width=\"30\" height=\"23\" src=\"https:\/\/concoursmontreal.ca\/wp-content\/plugins\/youtube-embed-plus\/images\/playhover.png\" data-no-lazy=\"1\" data-skipgform_ajax_framebjll=\"\" \/><div class=\"epyt-gallery-playcrutch\"><\/div><\/div><\/div><\/div><div class=\"epyt-gallery-title\">Hannah Tam | CMIM 2019 | R\u00e9cital Mini Violoni<\/div><\/div><div tabindex=\"0\" role=\"button\" data-videoid=\"FaJPt4sv6W8\" class=\"epyt-gallery-thumb\"><div class=\"epyt-gallery-img-box\"><div class=\"epyt-gallery-img\" style=\"background-image: url(https:\/\/i.ytimg.com\/vi\/FaJPt4sv6W8\/hqdefault.jpg)\"><div class=\"epyt-gallery-playhover\"><img loading=\"lazy\" decoding=\"async\" alt=\"play\" class=\"epyt-play-img\" width=\"30\" height=\"23\" src=\"https:\/\/concoursmontreal.ca\/wp-content\/plugins\/youtube-embed-plus\/images\/playhover.png\" data-no-lazy=\"1\" data-skipgform_ajax_framebjll=\"\" \/><div class=\"epyt-gallery-playcrutch\"><\/div><\/div><\/div><\/div><div class=\"epyt-gallery-title\">Natsuho Murata | CMIM 2019 | R\u00e9cital Mini Violoni<\/div><\/div><div class=\"epyt-gallery-rowbreak\"><\/div><div tabindex=\"0\" role=\"button\" data-videoid=\"9PXpjYZHGVI\" class=\"epyt-gallery-thumb\"><div class=\"epyt-gallery-img-box\"><div class=\"epyt-gallery-img\" style=\"background-image: url(https:\/\/i.ytimg.com\/vi\/9PXpjYZHGVI\/hqdefault.jpg)\"><div class=\"epyt-gallery-playhover\"><img loading=\"lazy\" decoding=\"async\" alt=\"play\" class=\"epyt-play-img\" width=\"30\" height=\"23\" src=\"https:\/\/concoursmontreal.ca\/wp-content\/plugins\/youtube-embed-plus\/images\/playhover.png\" data-no-lazy=\"1\" data-skipgform_ajax_framebjll=\"\" \/><div class=\"epyt-gallery-playcrutch\"><\/div><\/div><\/div><\/div><div class=\"epyt-gallery-title\">Emrik Revermann | CMIM 2019 | R\u00e9cital Mini Violoni<\/div><\/div><div tabindex=\"0\" role=\"button\" data-videoid=\"tlZ6eW5axyw\" class=\"epyt-gallery-thumb\"><div class=\"epyt-gallery-img-box\"><div class=\"epyt-gallery-img\" style=\"background-image: url(https:\/\/i.ytimg.com\/vi\/tlZ6eW5axyw\/hqdefault.jpg)\"><div class=\"epyt-gallery-playhover\"><img loading=\"lazy\" decoding=\"async\" alt=\"play\" class=\"epyt-play-img\" width=\"30\" height=\"23\" src=\"https:\/\/concoursmontreal.ca\/wp-content\/plugins\/youtube-embed-plus\/images\/playhover.png\" data-no-lazy=\"1\" data-skipgform_ajax_framebjll=\"\" \/><div class=\"epyt-gallery-playcrutch\"><\/div><\/div><\/div><\/div><div class=\"epyt-gallery-title\">Shihan Wang | CMIM 2019 | R\u00e9cital Mini Violoni<\/div><\/div><div tabindex=\"0\" role=\"button\" data-videoid=\"aVx8_M9B23w\" class=\"epyt-gallery-thumb\"><div class=\"epyt-gallery-img-box\"><div class=\"epyt-gallery-img\" style=\"background-image: url(https:\/\/i.ytimg.com\/vi\/aVx8_M9B23w\/hqdefault.jpg)\"><div class=\"epyt-gallery-playhover\"><img loading=\"lazy\" decoding=\"async\" alt=\"play\" class=\"epyt-play-img\" width=\"30\" height=\"23\" src=\"https:\/\/concoursmontreal.ca\/wp-content\/plugins\/youtube-embed-plus\/images\/playhover.png\" data-no-lazy=\"1\" data-skipgform_ajax_framebjll=\"\" \/><div class=\"epyt-gallery-playcrutch\"><\/div><\/div><\/div><\/div><div class=\"epyt-gallery-title\">Samuel Tan | CMIM 2019 | R\u00e9cital Mini Violoni<\/div><\/div><div class=\"epyt-gallery-rowbreak\"><\/div><div class=\"epyt-gallery-clear\"><\/div><\/div><div class=\"epyt-pagination \"><div tabindex=\"0\" role=\"button\" class=\"epyt-pagebutton epyt-prev  hide \" data-playlistid=\"PL_P9by_tMFzH0Ut9uIEId2V74G5jYHRfS\" data-pagesize=\"15\" data-pagetoken=\"\" data-epcolumns=\"3\" data-showtitle=\"1\" data-showpaging=\"1\" data-autonext=\"0\" data-thumbplay=\"1\"><div class=\"epyt-arrow\">&laquo;<\/div> <div>Prev<\/div><\/div><div class=\"epyt-pagenumbers hide\"><div class=\"epyt-current\">1<\/div><div class=\"epyt-pageseparator\"> \/ <\/div><div class=\"epyt-totalpages\">1<\/div><\/div><div tabindex=\"0\" role=\"button\" class=\"epyt-pagebutton epyt-next hide \" data-playlistid=\"PL_P9by_tMFzH0Ut9uIEId2V74G5jYHRfS\" data-pagesize=\"15\" data-pagetoken=\"\" data-epcolumns=\"3\" data-showtitle=\"1\" data-showpaging=\"1\" data-autonext=\"0\" data-thumbplay=\"1\"><div>Next<\/div> <div class=\"epyt-arrow\">&raquo;<\/div><\/div><div class=\"epyt-loader\"><img loading=\"lazy\" decoding=\"async\" alt=\"loading\" width=\"16\" height=\"11\" src=\"https:\/\/concoursmontreal.ca\/wp-content\/plugins\/youtube-embed-plus\/images\/gallery-page-loader.gif\"><\/div><\/div><\/div><\/div>\n<p>&nbsp;<\/p>\n<h2>Soir\u00e9e CONCERTI &#8211; Mini violini<\/h2>\n<div class=\"epyt-gallery\" data-currpage=\"1\" id=\"epyt_gallery_11977\"><iframe loading=\"lazy\"  id=\"_ytid_56710\"  width=\"490\" height=\"276\"  data-origwidth=\"490\" data-origheight=\"276\" src=\"https:\/\/www.youtube.com\/embed\/68yY7yMmjrs?enablejsapi=1&autoplay=0&cc_load_policy=0&cc_lang_pref=&iv_load_policy=1&loop=0&rel=1&fs=1&playsinline=0&autohide=2&theme=dark&color=red&controls=1&disablekb=0&\" class=\"__youtube_prefs__  no-lazyload\" title=\"YouTube player\"  data-epytgalleryid=\"epyt_gallery_11977\"  allow=\"fullscreen; accelerometer; autoplay; clipboard-write; encrypted-media; gyroscope; picture-in-picture; web-share\" referrerpolicy=\"strict-origin-when-cross-origin\" allowfullscreen data-no-lazy=\"1\" data-skipgform_ajax_framebjll=\"\"><\/iframe><div class=\"epyt-gallery-list\"><div class=\"epyt-pagination \"><div tabindex=\"0\" role=\"button\" class=\"epyt-pagebutton epyt-prev  hide \" data-playlistid=\"PL_P9by_tMFzF14KIF6Qsqz7lzKZfxWN0g\" data-pagesize=\"15\" data-pagetoken=\"\" data-epcolumns=\"3\" data-showtitle=\"1\" data-showpaging=\"1\" data-autonext=\"0\" data-thumbplay=\"1\"><div class=\"epyt-arrow\">&laquo;<\/div> <div>Prev<\/div><\/div><div class=\"epyt-pagenumbers hide\"><div class=\"epyt-current\">1<\/div><div class=\"epyt-pageseparator\"> \/ <\/div><div class=\"epyt-totalpages\">1<\/div><\/div><div tabindex=\"0\" role=\"button\" class=\"epyt-pagebutton epyt-next hide \" data-playlistid=\"PL_P9by_tMFzF14KIF6Qsqz7lzKZfxWN0g\" data-pagesize=\"15\" data-pagetoken=\"\" data-epcolumns=\"3\" data-showtitle=\"1\" data-showpaging=\"1\" data-autonext=\"0\" data-thumbplay=\"1\"><div>Next<\/div> <div class=\"epyt-arrow\">&raquo;<\/div><\/div><div class=\"epyt-loader\"><img loading=\"lazy\" decoding=\"async\" alt=\"loading\" width=\"16\" height=\"11\" src=\"https:\/\/concoursmontreal.ca\/wp-content\/plugins\/youtube-embed-plus\/images\/gallery-page-loader.gif\"><\/div><\/div><div class=\"epyt-gallery-allthumbs  epyt-cols-3 \"><div tabindex=\"0\" role=\"button\" data-videoid=\"68yY7yMmjrs\" class=\"epyt-gallery-thumb\"><div class=\"epyt-gallery-img-box\"><div class=\"epyt-gallery-img\" style=\"background-image: url(https:\/\/i.ytimg.com\/vi\/68yY7yMmjrs\/hqdefault.jpg)\"><div class=\"epyt-gallery-playhover\"><img loading=\"lazy\" decoding=\"async\" alt=\"play\" class=\"epyt-play-img\" width=\"30\" height=\"23\" src=\"https:\/\/concoursmontreal.ca\/wp-content\/plugins\/youtube-embed-plus\/images\/playhover.png\" data-no-lazy=\"1\" data-skipgform_ajax_framebjll=\"\" \/><div class=\"epyt-gallery-playcrutch\"><\/div><\/div><\/div><\/div><div class=\"epyt-gallery-title\">Hannah Tam | CMIM Violon\/Violin 2019 | Mini Concerti<\/div><\/div><div tabindex=\"0\" role=\"button\" data-videoid=\"lxTc7kLBbo4\" class=\"epyt-gallery-thumb\"><div class=\"epyt-gallery-img-box\"><div class=\"epyt-gallery-img\" style=\"background-image: url(https:\/\/i.ytimg.com\/vi\/lxTc7kLBbo4\/hqdefault.jpg)\"><div class=\"epyt-gallery-playhover\"><img loading=\"lazy\" decoding=\"async\" alt=\"play\" class=\"epyt-play-img\" width=\"30\" height=\"23\" src=\"https:\/\/concoursmontreal.ca\/wp-content\/plugins\/youtube-embed-plus\/images\/playhover.png\" data-no-lazy=\"1\" data-skipgform_ajax_framebjll=\"\" \/><div class=\"epyt-gallery-playcrutch\"><\/div><\/div><\/div><\/div><div class=\"epyt-gallery-title\">Natsuho Murata | CMIM Violon\/Violin 2019 | Mini Concerti<\/div><\/div><div tabindex=\"0\" role=\"button\" data-videoid=\"yCj1PvPa2S0\" class=\"epyt-gallery-thumb\"><div class=\"epyt-gallery-img-box\"><div class=\"epyt-gallery-img\" style=\"background-image: url(https:\/\/i.ytimg.com\/vi\/yCj1PvPa2S0\/hqdefault.jpg)\"><div class=\"epyt-gallery-playhover\"><img loading=\"lazy\" decoding=\"async\" alt=\"play\" class=\"epyt-play-img\" width=\"30\" height=\"23\" src=\"https:\/\/concoursmontreal.ca\/wp-content\/plugins\/youtube-embed-plus\/images\/playhover.png\" data-no-lazy=\"1\" data-skipgform_ajax_framebjll=\"\" \/><div class=\"epyt-gallery-playcrutch\"><\/div><\/div><\/div><\/div><div class=\"epyt-gallery-title\">Emrik Revermann | CMIM Violon\/Violin 2019 | Mini Concerti<\/div><\/div><div class=\"epyt-gallery-rowbreak\"><\/div><div tabindex=\"0\" role=\"button\" data-videoid=\"nqf3qGA2s90\" class=\"epyt-gallery-thumb\"><div class=\"epyt-gallery-img-box\"><div class=\"epyt-gallery-img\" style=\"background-image: url(https:\/\/i.ytimg.com\/vi\/nqf3qGA2s90\/hqdefault.jpg)\"><div class=\"epyt-gallery-playhover\"><img loading=\"lazy\" decoding=\"async\" alt=\"play\" class=\"epyt-play-img\" width=\"30\" height=\"23\" src=\"https:\/\/concoursmontreal.ca\/wp-content\/plugins\/youtube-embed-plus\/images\/playhover.png\" data-no-lazy=\"1\" data-skipgform_ajax_framebjll=\"\" \/><div class=\"epyt-gallery-playcrutch\"><\/div><\/div><\/div><\/div><div class=\"epyt-gallery-title\">Shihan Wang | CMIM Violon\/Violin 2019 | Mini Concerti<\/div><\/div><div tabindex=\"0\" role=\"button\" data-videoid=\"UPFEz4pweVU\" class=\"epyt-gallery-thumb\"><div class=\"epyt-gallery-img-box\"><div class=\"epyt-gallery-img\" style=\"background-image: url(https:\/\/i.ytimg.com\/vi\/UPFEz4pweVU\/hqdefault.jpg)\"><div class=\"epyt-gallery-playhover\"><img loading=\"lazy\" decoding=\"async\" alt=\"play\" class=\"epyt-play-img\" width=\"30\" height=\"23\" src=\"https:\/\/concoursmontreal.ca\/wp-content\/plugins\/youtube-embed-plus\/images\/playhover.png\" data-no-lazy=\"1\" data-skipgform_ajax_framebjll=\"\" \/><div class=\"epyt-gallery-playcrutch\"><\/div><\/div><\/div><\/div><div class=\"epyt-gallery-title\">Samuel Tan | CMIM Violon\/Violin 2019 | Mini Concerti<\/div><\/div><div tabindex=\"0\" role=\"button\" data-videoid=\"vX1ExED2_cs\" class=\"epyt-gallery-thumb\"><div class=\"epyt-gallery-img-box\"><div class=\"epyt-gallery-img\" style=\"background-image: url(https:\/\/i.ytimg.com\/vi\/vX1ExED2_cs\/hqdefault.jpg)\"><div class=\"epyt-gallery-playhover\"><img loading=\"lazy\" decoding=\"async\" alt=\"play\" class=\"epyt-play-img\" width=\"30\" height=\"23\" src=\"https:\/\/concoursmontreal.ca\/wp-content\/plugins\/youtube-embed-plus\/images\/playhover.png\" data-no-lazy=\"1\" data-skipgform_ajax_framebjll=\"\" \/><div class=\"epyt-gallery-playcrutch\"><\/div><\/div><\/div><\/div><div class=\"epyt-gallery-title\">CMIM 2019 Violon\/Vilin 2019 | Mini Concerti<\/div><\/div><div class=\"epyt-gallery-rowbreak\"><\/div><div class=\"epyt-gallery-clear\"><\/div><\/div><div class=\"epyt-pagination \"><div tabindex=\"0\" role=\"button\" class=\"epyt-pagebutton epyt-prev  hide \" data-playlistid=\"PL_P9by_tMFzF14KIF6Qsqz7lzKZfxWN0g\" data-pagesize=\"15\" data-pagetoken=\"\" data-epcolumns=\"3\" data-showtitle=\"1\" data-showpaging=\"1\" data-autonext=\"0\" data-thumbplay=\"1\"><div class=\"epyt-arrow\">&laquo;<\/div> <div>Prev<\/div><\/div><div class=\"epyt-pagenumbers hide\"><div class=\"epyt-current\">1<\/div><div class=\"epyt-pageseparator\"> \/ <\/div><div class=\"epyt-totalpages\">1<\/div><\/div><div tabindex=\"0\" role=\"button\" class=\"epyt-pagebutton epyt-next hide \" data-playlistid=\"PL_P9by_tMFzF14KIF6Qsqz7lzKZfxWN0g\" data-pagesize=\"15\" data-pagetoken=\"\" data-epcolumns=\"3\" data-showtitle=\"1\" data-showpaging=\"1\" data-autonext=\"0\" data-thumbplay=\"1\"><div>Next<\/div> <div class=\"epyt-arrow\">&raquo;<\/div><\/div><div class=\"epyt-loader\"><img loading=\"lazy\" decoding=\"async\" alt=\"loading\" width=\"16\" height=\"11\" src=\"https:\/\/concoursmontreal.ca\/wp-content\/plugins\/youtube-embed-plus\/images\/gallery-page-loader.gif\"><\/div><\/div><\/div><\/div>\n<p>&nbsp;<\/p>\n<p>La diffusion sur le Web de Mini Violini est possible gr\u00e2ce \u00e0 la g\u00e9n\u00e9rosit\u00e9 de Nadia Moretto et David Sela.<\/p>\n<p>Les Minis sont g\u00e9n\u00e9reusement parrain\u00e9s par Sarah Beauchamp, Janine Bombardier et Sadok Besrour, Fran\u00e7ois Godbout, Gemma Ampleman et Gilles Marcotte et commandit\u00e9s par la Fondation Sandra et Alain Bouchard, Canimex, La Fondation C&rsquo;est beau la vie, Fondation WMF, Conseil des arts de Montr\u00e9al et Jeunesses Musicales Canada<\/p>\n<p><\/p>\n","protected":false},"excerpt":{"rendered":"<p>Mini Violini 2019 Leur \u00e9nergie, leur virtuosit\u00e9: tout simplement ahurissant!\u00a0 Alain Lef\u00e8vre, pianiste, compositeur et patron d&rsquo;honneur du CMIM \u00a0 Vitrine pour des laur\u00e9ats de concours juniors internationaux, \u00e2g\u00e9s de 10 et 14 ans, Mini Violini 2019 \u00a0pr\u00e9sent\u00e9 les 27 et 28 mai 2019 \u00e0 la Salle Bourgie. Le rendez-vous se d\u00e9cline en deux concerts [&hellip;]<\/p>\n","protected":false},"author":1,"featured_media":0,"parent":21119,"menu_order":9,"comment_status":"closed","ping_status":"closed","template":"","meta":{"_acf_changed":false,"footnotes":""},"class_list":["post-13364","page","type-page","status-publish","hentry"],"acf":[],"featured_media_src_url":null,"_links":{"self":[{"href":"https:\/\/concoursmontreal.ca\/fr\/wp-json\/wp\/v2\/pages\/13364","targetHints":{"allow":["GET"]}}],"collection":[{"href":"https:\/\/concoursmontreal.ca\/fr\/wp-json\/wp\/v2\/pages"}],"about":[{"href":"https:\/\/concoursmontreal.ca\/fr\/wp-json\/wp\/v2\/types\/page"}],"author":[{"embeddable":true,"href":"https:\/\/concoursmontreal.ca\/fr\/wp-json\/wp\/v2\/users\/1"}],"replies":[{"embeddable":true,"href":"https:\/\/concoursmontreal.ca\/fr\/wp-json\/wp\/v2\/comments?post=13364"}],"version-history":[{"count":6,"href":"https:\/\/concoursmontreal.ca\/fr\/wp-json\/wp\/v2\/pages\/13364\/revisions"}],"predecessor-version":[{"id":13385,"href":"https:\/\/concoursmontreal.ca\/fr\/wp-json\/wp\/v2\/pages\/13364\/revisions\/13385"}],"up":[{"embeddable":true,"href":"https:\/\/concoursmontreal.ca\/fr\/wp-json\/wp\/v2\/pages\/21119"}],"wp:attachment":[{"href":"https:\/\/concoursmontreal.ca\/fr\/wp-json\/wp\/v2\/media?parent=13364"}],"curies":[{"name":"wp","href":"https:\/\/api.w.org\/{rel}","templated":true}]}}