{"id":41170,"date":"2025-12-01T16:29:53","date_gmt":"2025-12-01T21:29:53","guid":{"rendered":"https:\/\/www.concoursmontreal.ca\/?page_id=41170"},"modified":"2026-04-01T10:32:32","modified_gmt":"2026-04-01T14:32:32","slug":"mini-violini","status":"publish","type":"page","link":"https:\/\/concoursmontreal.ca\/en\/violin-2026\/mini-violini\/","title":{"rendered":"Mini Violini"},"content":{"rendered":"<h2 style=\"text-align: left;\">Concours 2026 &#8211; Mini Violini<\/p>\n<p><img loading=\"lazy\" decoding=\"async\" class=\"size-full wp-image-41629 alignnone aligncenter\" src=\"\/wp-content\/uploads\/2025\/12\/2026-Violon_Mini_Violini_titre.jpg\" alt=\"\" width=\"1200\" height=\"350\" srcset=\"\/wp-content\/uploads\/2025\/12\/2026-Violon_Mini_Violini_titre.jpg 1200w, \/wp-content\/uploads\/2025\/12\/2026-Violon_Mini_Violini_titre-768x224.jpg 768w\" sizes=\"auto, (max-width: 1200px) 100vw, 1200px\" \/><\/p>\n<\/h2>\n<p style=\"text-align: left;\"><strong><span style=\"font-size: 16px;\">Meet the four young violinists of Mini Violini 2026 and discover the talented and virtuosic young prodigies.<\/span> <br \/><\/strong><\/p>\n<p style=\"text-align: left;\">Alongside the main competition events of the Concours musical international de Montr\u00e9al, Mini Violini offers a memorable encounter with talented young violinists between the ages of 10 and 14. The concert\u00a0will take place on <a href=\"https:\/\/concoursmontreal.tuxedobillet.com\/concours\/2026-violon-mini-violini\">Saturday, May 30<\/a>, 2026, at 1:30 p.m., at Bourgie Hall.<\/p>\n<p style=\"text-align: left;\"><strong>A remarkable maturity in every note <br \/><\/strong>Marvel at these young musicians, invited by the Concours musical international de Montr\u00e9al, and applaud these outstanding violinists, whose mastery of the violin, acquired at such a young age, promises to dazzle the audience. Don&#8217;t miss this concert, which showcases their rare talent and moving musical sensitivity.<\/p>\n<p style=\"text-align: left;\"><strong>Mini Violini: The Four Seasons<br \/><\/strong>The first half of the concert features each violinist in a short recital program, accompanied by pianist Claire Ouellet. In the second half, the four prodigies come together to each perform one movement of Vivaldi&#8217;s famous <em>Four Seasons, <\/em>alongside the Orchestre de l\u2019Agora, conducted by Benoit Gauthier.<\/p>\n<p style=\"text-align: left;\"><strong>For one afternoon, you are the jury!<\/strong><br \/>The audience will decide who will win the $2,000 Audience Choice Award. It\u2019s a wonderful opportunity to show your support for the violinist who impressed you the most.<\/p>\n<p>&nbsp;<\/p>\n<a class=\"maxbutton-188 maxbutton maxbutton-tickets-mini-violini\" target=\"_blank\" rel=\"noopener\" href=\"https:\/\/concoursmontreal.tuxedobillet.com\/concours\/2026-violon-mini-violini\"><span class='mb-text'>TICKETS - MINI VIOLINI<\/span><\/a>\n<p>&nbsp;<\/p>\n<p><img loading=\"lazy\" decoding=\"async\" class=\"aligncenter  wp-image-43254\" src=\"\/wp-content\/uploads\/2026\/02\/Spinelli_Presentateur-officiel_MiniViolini2026_EN.png\" alt=\"\" width=\"267\" height=\"73\" srcset=\"\/wp-content\/uploads\/2026\/02\/Spinelli_Presentateur-officiel_MiniViolini2026_EN.png 990w, \/wp-content\/uploads\/2026\/02\/Spinelli_Presentateur-officiel_MiniViolini2026_EN-768x210.png 768w\" sizes=\"auto, (max-width: 267px) 100vw, 267px\" \/><\/p>\n<hr \/>\n<h2><span style=\"font-size: 16px; color: #ff0000;\"><strong>Meet the four violin prodigies<\/strong><\/span><\/h2>\n<p>&nbsp;<\/p>\n<p style=\"text-align: left;\"><span data-contrast=\"none\"><img loading=\"lazy\" decoding=\"async\" class=\"wp-image-41872  alignleft\" src=\"\/wp-content\/uploads\/2025\/12\/2026-Violon_mini-violini_Laura-Jin_400x400_v3.jpg\" alt=\"\" width=\"300\" height=\"300\" srcset=\"\/wp-content\/uploads\/2025\/12\/2026-Violon_mini-violini_Laura-Jin_400x400_v3.jpg 400w, \/wp-content\/uploads\/2025\/12\/2026-Violon_mini-violini_Laura-Jin_400x400_v3-80x80.jpg 80w\" sizes=\"auto, (max-width: 300px) 100vw, 300px\" \/><span data-contrast=\"none\"><span style=\"font-size: 16px; color: #ff0000;\"><strong style=\"font-style: normal;\">Laura Jin<br \/><\/strong><\/span><\/span><\/span><span data-contrast=\"none\"><span data-contrast=\"none\">Australia<br \/>Colburn Music Academy, Los Angeles<br \/><\/span><\/span><\/p>\n<p style=\"text-align: left;\"><span data-contrast=\"none\"><span data-contrast=\"none\">Hailing from Sydney, Australia, violinist <strong>Laura Jin<\/strong>\u00a0began studying violin at six and a half and made her debut at the Sydney Opera House at age seven. At eight, she was admitted to the Juilliard School Pre-College Division in New York, where she studied for five years until 2024. In August 2025, Laura transferred to the Colburn Music Academy, where she studies with Professor Margaret Batjer under the generous Kohl Scholarship, endowed by Jerri and Terri Kohl.\u00a0<\/span><span data-ccp-props=\"{&quot;134233117&quot;:false,&quot;134233118&quot;:false,&quot;335559738&quot;:0,&quot;335559739&quot;:0}\">\u00a0<\/span><span data-ccp-props=\"{&quot;134233117&quot;:false,&quot;134233118&quot;:false,&quot;335559738&quot;:0,&quot;335559739&quot;:0}\">\u00a0<\/span><\/span><\/p>\n<p style=\"text-align: left;\"><span data-contrast=\"none\">Recognized for her musicality, poise, and expressive performances, Laura has won numerous international awards, including top prizes at the Piccolo Violino Magico Competition (2025), Zhuhai International Mozart Competition for Young Musicians (2023), International Louis Spohr Competition (2022), and Leonid Kogan International Competition (2021). In March 2024, she was invited to appear on\u00a0<\/span><i><span data-contrast=\"none\">From the Top<\/span><\/i><span data-contrast=\"none\">, America\u2019s premier national platform for young classical musicians, recording alongside Orli Shaham. That July, she attended the Morningside Music Bridge program in Boston on a full scholarship as its youngest violinist. In October 2024, she was featured in NPR\u2019s acclaimed\u00a0<\/span><i><span data-contrast=\"none\">Tiny Desk Concert<\/span><\/i><span data-contrast=\"none\">\u00a0series, which has reached more than 16 million viewers since its launch in 2008. In September 2025, Laura participated in the Kronberg Music Festival masterclasses, held biennially and open to select young musicians worldwide. She was selected to perform in the festival\u2019s final concert with orchestra, where she received the Manfred Grommek Special Prize.\u00a0<\/span><span data-ccp-props=\"{&quot;134233117&quot;:false,&quot;134233118&quot;:false,&quot;335559738&quot;:0,&quot;335559739&quot;:0}\">\u00a0<\/span><span data-ccp-props=\"{&quot;134233117&quot;:false,&quot;134233118&quot;:false,&quot;335559738&quot;:0,&quot;335559739&quot;:0}\">\u00a0<\/span><\/p>\n<p style=\"text-align: left;\"><span data-contrast=\"none\">Laura has performed as a soloist with the Wu\u0308rttemberg Chamber Orchestra Heilbronn, Salzburg Chamber Soloists, Jena Philharmonic Orchestra, and many more. Outside of music, Laura has a deep passion for the culinary arts \u2013 she loves cooking, experimenting with new recipes, and creating her own drinks. She also enjoys all forms of visual art, especially drawing, which allows her to express her creativity beyond music.<\/span><\/p>\n<hr \/>\n<p style=\"text-align: left;\"><span data-contrast=\"auto\"><img loading=\"lazy\" decoding=\"async\" class=\"wp-image-41874  alignright\" src=\"\/wp-content\/uploads\/2025\/12\/2026-Violon_mini-violini_Sacha-Jorba-Wu_400x400_v3.jpg\" alt=\"\" width=\"300\" height=\"300\" srcset=\"\/wp-content\/uploads\/2025\/12\/2026-Violon_mini-violini_Sacha-Jorba-Wu_400x400_v3.jpg 400w, \/wp-content\/uploads\/2025\/12\/2026-Violon_mini-violini_Sacha-Jorba-Wu_400x400_v3-80x80.jpg 80w\" sizes=\"auto, (max-width: 300px) 100vw, 300px\" \/><span data-contrast=\"auto\"><span style=\"font-size: 16px; color: #ff0000;\"><strong style=\"font-style: normal;\">Sacha Jorba-Wu<\/strong><\/span><br \/>Canada<br \/>Curtis Institute of Music, Philadelphia<br \/><\/span><\/span><\/p>\n<p style=\"text-align: left;\"><span data-contrast=\"auto\"><span data-contrast=\"auto\">Canadian violinist <\/span><strong style=\"font-style: normal;\">Sacha Jorba-Wu<\/strong><span data-contrast=\"auto\"> made his solo debut at age six at Olympic Plaza (Calgary) and has since performed with seven orchestras, including the Orchestre symphonique de Qu\u00e9bec, the Orchestre symphonique de Sherbrooke, the Newfoundland Symphony Orchestra and the Calgary Civic Symphony. In 2024, he made his European debut in Paris and at the Mozarteum in Salzburg during the Rising Stars Gala.<\/span><span data-ccp-props=\"{&quot;201341983&quot;:0,&quot;335559738&quot;:240,&quot;335559739&quot;:240,&quot;335559740&quot;:240}\">\u00a0<\/span><\/span><\/p>\n<p style=\"text-align: left;\"><span data-contrast=\"auto\">Sacha studied with Domagoj Ivanovic and James Keene, training at the Mount Royal University Conservatory and the Vancouver Academy of Music. In 2025, at age 12, he became the youngest student invited to the Curtis Institute of Music, where he studies with Shmuel Ashkenasi and Pamela Frank.<\/span><span data-ccp-props=\"{&quot;201341983&quot;:0,&quot;335559738&quot;:240,&quot;335559739&quot;:240,&quot;335559740&quot;:240}\">\u00a0<\/span><\/p>\n<p style=\"text-align: left;\"><span data-contrast=\"auto\">He is a laureate of major competitions, including the Canadian Music Competition (Grand Prizes, 2022, 2023), the Vancouver International Music Competition (2<\/span><span data-contrast=\"auto\">nd\u00a0<\/span><span data-contrast=\"auto\">Grand Prize, 2023), the Edith Lando Gifted Youth Competition (1<\/span><span data-contrast=\"auto\">st<\/span><span data-contrast=\"auto\">\u00a0prize, 2024), the New York City Music International Grand Prix (Audience Favourite Award &amp; Grand Prix, 2024), the New York International Music Festival &amp; Concours (1<\/span><span data-contrast=\"auto\">st<\/span><span data-contrast=\"auto\">\u00a0prize, 2024), and the Andrea Postacchini International Violin Competition (1<\/span><span data-contrast=\"auto\">st<\/span><span data-contrast=\"auto\">\u00a0prize, 2025). In 2024, he won the Yannick N\u00e9zet-S\u00e9guin Grand Prize at the OMNI Music Competition and soloed with Orchestre M\u00e9tropolitain in 2025.\u00a0<\/span><span data-ccp-props=\"{&quot;201341983&quot;:0,&quot;335559738&quot;:240,&quot;335559739&quot;:240,&quot;335559740&quot;:240}\">\u00a0<\/span><\/p>\n<p style=\"text-align: left;\"><span data-contrast=\"auto\">Beyond music, Sacha is passionate about humanitarian causes, and helping others by volunteering in schools, hospitals, senior centers, and communities to inspire others. In 2024, he helped raise $2 million for BC Children\u2019s Hospital at their Gala Concert. Sacha loves learning new things, travelling, exploring, swimming, biking, playing chess with friends, math, sciences, and has an endless curiosity about the world.<\/span><\/p>\n<hr \/>\n<p style=\"text-align: left;\"><strong><img loading=\"lazy\" decoding=\"async\" class=\"wp-image-41870  alignleft\" src=\"\/wp-content\/uploads\/2025\/12\/2026-Violon_mini-violini_Iza-Kamnitzer_400x400_v3.jpg\" alt=\"\" width=\"300\" height=\"300\" srcset=\"\/wp-content\/uploads\/2025\/12\/2026-Violon_mini-violini_Iza-Kamnitzer_400x400_v3.jpg 400w, \/wp-content\/uploads\/2025\/12\/2026-Violon_mini-violini_Iza-Kamnitzer_400x400_v3-80x80.jpg 80w\" sizes=\"auto, (max-width: 300px) 100vw, 300px\" \/><\/strong><\/p>\n<p style=\"text-align: left;\"><span style=\"font-size: 16px; color: #ff0000;\"><strong style=\"font-style: normal;\">Iza Kamnitzer<\/strong><\/span> <br \/>Canada<br \/>Conservatoire de musique de Montr\u00e9al<\/p>\n<p style=\"text-align: left;\"><strong style=\"font-style: normal;\">Iza Kamnitzer<\/strong> has been playing the violin since age four and is a student of Andr\u00e9e Azar at the Conservatoire de Musique de Montr\u00e9al. Iza also benefits from inspiring coachings with Johanne Arel, director of the Camp musical des Laurentides.\u00a0<\/p>\n<p style=\"text-align: left;\">Iza has participated in several competitions, including the 2025 Canadian Music Competition, where she earned first place in the strings competition for 7-10-year-olds, and the 2022 OMNI Music Competition, where she was awarded the Yannick N\u00e9zet-S\u00e9guin Grand Prize.\u00a0<\/p>\n<p style=\"text-align: left;\">Her public performances include playing a series of concerts with Ang\u00e8le Dubeau and La Piet\u00e0 in 2023, including at the Maison Symphonique in Montr\u00e9al. In 2024, she was featured in the gala concert Grande Premi\u00e8re des futures \u00e9toiles at Place-des-Arts.\u00a0<\/p>\n<p style=\"text-align: left;\">Iza also enjoys playing duets with her fellow violin student Ren Karlicek. They have performed together with the Sinfonia de l\u2019Ouest in 2024, and with I Musici de Montr\u00e9al in 2023.<\/p>\n<p style=\"text-align: left;\"><span class=\"TextRun SCXW159016400 BCX0\" lang=\"EN-CA\" xml:lang=\"EN-CA\" data-contrast=\"none\"><span class=\"NormalTextRun SCXW159016400 BCX0\">When Iza\u00a0<\/span><span class=\"NormalTextRun SCXW159016400 BCX0\">isn\u2019t<\/span><span class=\"NormalTextRun SCXW159016400 BCX0\">\u00a0holding a violin, she is\u00a0<\/span><span class=\"NormalTextRun SCXW159016400 BCX0\">almost certainly<\/span><span class=\"NormalTextRun SCXW159016400 BCX0\">\u00a0holding a book. When she\u00a0<\/span><span class=\"NormalTextRun SCXW159016400 BCX0\">isn<\/span><span class=\"NormalTextRun SCXW159016400 BCX0\">\u2019<\/span><span class=\"NormalTextRun SCXW159016400 BCX0\">t<\/span><span class=\"NormalTextRun SCXW159016400 BCX0\">\u00a0holding a violin or a book, she enjoys looking at onion cells under her microscope, going wild with her sisters, and playing soccer, even if she\u00a0<\/span><span class=\"NormalTextRun SCXW159016400 BCX0\">doesn<\/span><span class=\"NormalTextRun SCXW159016400 BCX0\">\u2019<\/span><span class=\"NormalTextRun SCXW159016400 BCX0\">t<\/span><span class=\"NormalTextRun SCXW159016400 BCX0\">\u00a0score many goals.<\/span><\/span><\/p>\n<p style=\"text-align: left;\">Iza plays a 19th century Enrico Ceruti violin and a Prosper Colas bow, both graciously loaned by Canimex Inc. from Drummondville (Qu\u00e9bec, Canada).<\/p>\n<p style=\"text-align: left;\"><strong>Iza Kamnitzer&#8217;s participation in Mini Violini 2026 is generously sponsored by<\/strong>\u00a0<span style=\"color: #f13613;\"><strong>Marc-Andr\u00e9 Nantais<\/strong><\/span>.<\/p>\n<hr \/>\n<p style=\"text-align: left;\"><span data-contrast=\"none\"><strong><img loading=\"lazy\" decoding=\"async\" class=\"wp-image-41868  alignright\" src=\"\/wp-content\/uploads\/2025\/12\/2026-Violon_mini-violini_400x400_v3.jpg\" alt=\"\" width=\"300\" height=\"300\" srcset=\"\/wp-content\/uploads\/2025\/12\/2026-Violon_mini-violini_400x400_v3.jpg 400w, \/wp-content\/uploads\/2025\/12\/2026-Violon_mini-violini_400x400_v3-80x80.jpg 80w\" sizes=\"auto, (max-width: 300px) 100vw, 300px\" \/><\/strong><\/span><\/p>\n<p style=\"text-align: left;\"><span style=\"font-size: 16px; color: #ff0000;\"><strong style=\"font-style: normal;\">Ria Kang<\/strong><\/span><br \/><span data-olk-copy-source=\"MessageBody\">United States \/ South Korea<br \/>Juilliard Pre-College program, New York<\/span><\/p>\n<p style=\"text-align: left;\"><span data-contrast=\"none\"><span data-contrast=\"none\"><strong>Ria Kang<\/strong> began her musical journey at the age of four. She is a student of Catherine Cho at Juilliard Pre-College, having been accepted into the program at the age of seven. Ria was a first-prize winner in her category at the 2024 Arthur Grumiaux International Violin Competition and has won first place in various other competitions, including the Camerata Artists International Competition, New York International Music Festival &amp; Concours, New York Young Virtuoso Competition, Music International Grand Prix, and Philadelphia International Music Festival Concerto Competition.\u00a0<\/span><span data-ccp-props=\"{}\">\u00a0<\/span><\/span><\/p>\n<p style=\"text-align: left;\"><span data-contrast=\"none\">Ria made her orchestral debut with the Seocho Philharmonia at the age of nine and has attended prestigious music programs such as Tibor Varga Academy, Sounding Point Academy, Heifetz Institute, and Philadelphia International Music Festival. Ria has performed at renowned venues, including Carnegie Hall, Lincoln Center, and Merkin Hall, having first performed at Weill Recital Hall at Carnegie Hall at the age of six. In 2024, she performed at the Juilliard Celebration concert at the Peter Jay Sharp Theater and as a guest artist at the Youth America Grand Prix 25<\/span><span data-contrast=\"none\">th <\/span><span data-contrast=\"none\">Anniversary Gala at the David H. Koch Theater at Lincoln Center.\u00a0<\/span><span data-ccp-props=\"{}\">\u00a0<\/span><\/p>\n<p style=\"text-align: left;\"><span data-contrast=\"none\">Beyond music, Ria excels academically, earning High Honors in the 2022\u20132023 talent search conducted by Johns Hopkins University\u2019s Center for Talented Youth. In her leisure time, she enjoys acting, reading, writing, drawing, listening to classical music, and playing with her Maltese, Milk.<\/span><span data-ccp-props=\"{}\">\u00a0<\/span><\/p>\n<hr \/>\n<p style=\"text-align: left;\"><span style=\"color: #ff0000; font-size: 14px;\"><strong>PROGRAMME<\/strong><\/span><\/p>\n<p style=\"text-align: left;\"><b>FIRST PART<\/b><\/p>\n<p style=\"text-align: left;\"><strong><span style=\"color: #ff0000;\">Iza Kamnitzer<\/span><br \/>Jean SIBELIUS<\/strong><br \/><em>Five Pieces<\/em><span class=\"TextRun SCXW241865083 BCX0\" lang=\"FR-FR\" xml:lang=\"FR-FR\" data-contrast=\"auto\"><span class=\"NormalTextRun SCXW241865083 BCX0\">, Op. 81<br \/><\/span><\/span><span class=\"TextRun SCXW241865083 BCX0\" lang=\"FR-FR\" xml:lang=\"FR-FR\" data-contrast=\"auto\"><span class=\"NormalTextRun SCXW241865083 BCX0\">\u00a0 \u00a0 1. Mazurka<\/span><\/span><\/p>\n<p style=\"text-align: left;\"><strong>Piotr Ilitch <span class=\"TextRun MacChromeBold SCXW84807195 BCX0\" lang=\"FR-FR\" xml:lang=\"FR-FR\" data-contrast=\"auto\"><span class=\"NormalTextRun SCXW84807195 BCX0\">TCHA\u00cfKOVSKI<\/span><\/span><\/strong><br \/><i>Souvenir d&#8217;un lieu cher<\/i>, Op. 42<br \/>\u00a0 \u00a0 3. <span class=\"TextRun SCXW241865083 BCX0\" lang=\"FR-FR\" xml:lang=\"FR-FR\" data-contrast=\"auto\"><span class=\"NormalTextRun SCXW241865083 BCX0\">M\u00e9lodie<\/span><\/span><\/p>\n<p style=\"text-align: left;\"><span class=\"TextRun SCXW241865083 BCX0\" lang=\"FR-FR\" xml:lang=\"FR-FR\" data-contrast=\"auto\"><span class=\"NormalTextRun SCXW241865083 BCX0\"><strong>Pablo de SARASATE<\/strong><br \/><span class=\"TextRun SCXW36065219 BCX0\" lang=\"FR-FR\" xml:lang=\"FR-FR\" data-contrast=\"auto\"><span class=\"NormalTextRun SCXW36065219 BCX0\"><em>Introduction et Tarentelle<\/em>, Op. 43<\/span><\/span><br \/><i><\/i><\/span><\/span><\/p>\n<p style=\"text-align: left;\"><b><span style=\"color: #ff0000;\">Ria Kang<\/span><br \/><\/b><strong>J.S. BACH<\/strong><br \/><span class=\"NormalTextRun CommentStart SCXW77814236 BCX0\">Sonata for Solo Violin<\/span><span class=\"NormalTextRun SCXW77814236 BCX0\">\u00a0No.<\/span><span class=\"NormalTextRun SCXW77814236 BCX0\">\u00a03 in C major, BWV 1005<\/span><span data-contrast=\"none\"><br \/>\u00a0 \u00a0 4. <\/span><i><span data-contrast=\"none\">Allegro assai<\/span><\/i><span data-ccp-props=\"{&quot;335557856&quot;:16777215,&quot;335559739&quot;:0}\"><br \/><\/span><\/p>\n<p style=\"text-align: left;\"><span data-ccp-props=\"{&quot;335557856&quot;:16777215,&quot;335559739&quot;:0}\"><strong>Camille SAINT-SA\u00cbNS<\/strong><br \/><em><span class=\"NormalTextRun SCXW142357828 BCX0\">Introduction and rondo <\/span><span class=\"NormalTextRun SpellingErrorV2Themed SCXW142357828 BCX0\">capriccioso<\/span><\/em><span class=\"NormalTextRun SCXW142357828 BCX0\">, Op. 28<\/span><\/span><\/p>\n<p style=\"text-align: left;\"><span data-olk-copy-source=\"MessageBody\"><span style=\"color: #ff0000;\"><strong>Laura Jin<\/strong><\/span><\/span><br \/><strong>Franz WAXMAN<\/strong><br \/><em>Carmen Fantasy<\/em><\/p>\n<p style=\"text-align: left;\"><b><span data-olk-copy-source=\"MessageBody\"><span style=\"color: #ff0000;\">Sacha Jorba-Wu<br \/><\/span><\/span><\/b><strong>Pablo de SARASATE<\/strong><br \/><em>Zigeunerweisen<\/em>, Op. 20<\/p>\n<p style=\"text-align: left;\"><strong>Antonio BAZZINI<\/strong><br \/><span class=\"TextRun SCXW241865083 BCX0\" lang=\"FR-FR\" xml:lang=\"FR-FR\" data-contrast=\"auto\"><span class=\"NormalTextRun SCXW241865083 BCX0\"><i>Scherzo fantastique<\/i>, Op. 25 &#8211; &#8220;<\/span><\/span><span class=\"TextRun SCXW241865083 BCX0\" lang=\"FR-FR\" xml:lang=\"FR-FR\" data-contrast=\"auto\"><span class=\"NormalTextRun SCXW241865083 BCX0\">La ronde des lutins&#8221;<\/span><\/span><\/p>\n<p style=\"text-align: left;\">Pianist: <a href=\"https:\/\/www.conservatoire.gouv.qc.ca\/fr\/formation-musique\/professeurs\/ouellet-claire\/\" target=\"_blank\" rel=\"noopener\"><strong>Claire Ouellet<\/strong><\/a><\/p>\n<p style=\"text-align: left;\">\u00a0<\/p>\n<p style=\"text-align: left;\"><b>SECOND PART<\/b><\/p>\n<p style=\"text-align: left;\">Antonio VIVALDI<em><br \/>The Four Seasons<\/em><\/p>\n<p style=\"text-align: left;\"><span data-olk-copy-source=\"MessageBody\"><strong><span style=\"color: #ff0000;\">Iza Kamnitzer<\/span><\/strong><br \/>Spring (La Primavera), RV 269<\/span><\/p>\n<p style=\"text-align: left;\"><span data-olk-copy-source=\"MessageBody\"><b><span style=\"color: #ff0000;\">Ria Kang<\/span><\/b><br \/>Summer (L\u2019Estate), RV 315<\/span><\/p>\n<p style=\"text-align: left;\"><span data-olk-copy-source=\"MessageBody\"><span style=\"color: #ff0000;\"><strong>Laura Jin<\/strong><\/span><br \/>Autumn (L\u2019Autunno), RV 293<\/span><\/p>\n<p style=\"text-align: left;\"><span data-olk-copy-source=\"MessageBody\"><b><span style=\"color: #ff0000;\">Sacha Jorba-Wu<\/span><\/b><br \/>Winter (L\u2019Inverno), RV 297<\/span><\/p>\n<p>&nbsp;<\/p>\n<p style=\"text-align: left;\"><span data-olk-copy-source=\"MessageBody\"> <a href=\"https:\/\/orchestreagora.com\/en\/\" target=\"_blank\" rel=\"noopener\"><img loading=\"lazy\" decoding=\"async\" class=\"alignnone wp-image-43440\" src=\"\/wp-content\/uploads\/2026\/02\/Logo_Orchestre_de_lAgora_crop-1.png\" alt=\"\" width=\"130\" height=\"114\" srcset=\"\/wp-content\/uploads\/2026\/02\/Logo_Orchestre_de_lAgora_crop-1.png 807w, \/wp-content\/uploads\/2026\/02\/Logo_Orchestre_de_lAgora_crop-1-768x674.png 768w\" sizes=\"auto, (max-width: 130px) 100vw, 130px\" \/><\/a><\/span><\/p>\n<p style=\"text-align: left;\"><a href=\"https:\/\/orchestreagora.com\/en\/\" target=\"_blank\" rel=\"noopener\"><strong>Orchestre de l\u2019Agora<\/strong><\/a><br \/>Conductor: <a href=\"https:\/\/www.benoitgauthierchef.com\/en\" target=\"_blank\" rel=\"noopener\"><strong>Benoit Gauthier<\/strong><\/a><br \/>Host : <strong><a href=\"https:\/\/stephanetetreault.com\/\" target=\"_blank\" rel=\"noopener\">St\u00e9phane T\u00e9treault<\/a><\/strong><\/p>\n<hr \/>\n<p style=\"text-align: left;\"><strong>ORCHESTRE DE L\u2019AGORA\u00a0<br \/><\/strong>Founded in 2013 by conductor Nicolas Ellis, the Orchestre de l&#8217;Agora is a Montreal-based orchestra renowned for its artistic excellence, social commitment, and innovative collaborations. Recipient of a JUNO Award, the Orchestra offers bold programming, bringing together talented young musicians and serving the community through educational and environmental initiatives.\u00a0<\/p>\n<p style=\"text-align: left;\"><strong>BENO\u00ceT GAUTHIER, chef invit\u00e9 \/ Guest Conductor<\/strong><br \/>Benoit Gauthier is the Founder and Artistic Director of the Orchestre symphonique de la C\u00f4te-Nord. Praised for the intensity and depth of his interpretations, he is a Conducting Fellow at the prestigious Curtis Institute of Music under the mentorship of Yannick N\u00e9zet-S\u00e9guin, Ford Mylius Lallerstedt, and James Ross. Winner of the 2024 Jean-Marie-Beaudet Prize in orchestral conducting, he was also a member of the Orchestre M\u00e9tropolitain&#8217;s Conducting Academy.\u00a0<\/p>\n<p style=\"text-align: left;\"><strong>CLAIRE OUELLET, piano<\/strong><br \/>Claire Ouellet enjoys a brilliant career as a pianist both in Canada and abroad. Her\u00a0 musicality and sincere interpretations make her a highly sought-after collaborator. A member of the Ouellet-Murray duo and the Orford Six Pianos ensemble, she has received numerous awards. A graduate of the Conservatoire de musique du Qu\u00e9bec, she has taught at the Conservatoire de musique de Montr\u00e9al for many years.<\/p>\n<p>&nbsp;<\/p>\n<p><strong>The participation of the Orchestre de l\u2019Agora and its Guest Conductor for Mini Violini 2026 is generously supported by Jacques Marchand.<\/strong><\/p>\n<p>&nbsp;<\/p>\n<p style=\"text-align: center;\"><span style=\"vertical-align: inherit;\"><a class=\"maxbutton-186 maxbutton maxbutton-concours-2026-en\" href=\"https:\/\/www.concoursmontreal.ca\/en\/violin-2026\/\"><span class='mb-text'>HOME - CONCOURS 2026<\/span><\/a><\/span><\/p>\n<p style=\"text-align: center;\"><span style=\"vertical-align: inherit;\"><a class=\"maxbutton-140 maxbutton maxbutton-tickets-and-packages\" href=\"https:\/\/www.concoursmontreal.ca\/en\/violin-2026\/box-office\/\"><span class='mb-text'>TICKETS AND PACKAGES<\/span><\/a><\/span><\/p>\n<p style=\"text-align: center;\"><span style=\"vertical-align: inherit;\"><a class=\"maxbutton-75 maxbutton maxbutton-support-the-concours\" href=\"https:\/\/www.concoursmontreal.ca\/en\/support\/donate\/\"><span class='mb-text'>SUPPORT THE CONCOURS<\/span><\/a><\/span><\/p>\n","protected":false},"excerpt":{"rendered":"<p>Concours 2026 &#8211; Mini Violini Meet the four young violinists of Mini Violini 2026 and discover the talented and virtuosic young prodigies. Alongside the main competition events of the Concours musical international de Montr\u00e9al, Mini Violini offers a memorable encounter with talented young violinists between the ages of 10 and 14. The concert\u00a0will take place [&hellip;]<\/p>\n","protected":false},"author":1,"featured_media":0,"parent":38325,"menu_order":15,"comment_status":"closed","ping_status":"closed","template":"","meta":{"_acf_changed":false,"footnotes":""},"class_list":["post-41170","page","type-page","status-publish","hentry"],"acf":[],"featured_media_src_url":null,"_links":{"self":[{"href":"https:\/\/concoursmontreal.ca\/en\/wp-json\/wp\/v2\/pages\/41170","targetHints":{"allow":["GET"]}}],"collection":[{"href":"https:\/\/concoursmontreal.ca\/en\/wp-json\/wp\/v2\/pages"}],"about":[{"href":"https:\/\/concoursmontreal.ca\/en\/wp-json\/wp\/v2\/types\/page"}],"author":[{"embeddable":true,"href":"https:\/\/concoursmontreal.ca\/en\/wp-json\/wp\/v2\/users\/1"}],"replies":[{"embeddable":true,"href":"https:\/\/concoursmontreal.ca\/en\/wp-json\/wp\/v2\/comments?post=41170"}],"version-history":[{"count":5,"href":"https:\/\/concoursmontreal.ca\/en\/wp-json\/wp\/v2\/pages\/41170\/revisions"}],"predecessor-version":[{"id":44349,"href":"https:\/\/concoursmontreal.ca\/en\/wp-json\/wp\/v2\/pages\/41170\/revisions\/44349"}],"up":[{"embeddable":true,"href":"https:\/\/concoursmontreal.ca\/en\/wp-json\/wp\/v2\/pages\/38325"}],"wp:attachment":[{"href":"https:\/\/concoursmontreal.ca\/en\/wp-json\/wp\/v2\/media?parent=41170"}],"curies":[{"name":"wp","href":"https:\/\/api.w.org\/{rel}","templated":true}]}}