{"id":40265,"date":"2025-07-08T13:11:13","date_gmt":"2025-07-08T17:11:13","guid":{"rendered":"https:\/\/concoursmontreal.ca\/?page_id=40265"},"modified":"2026-04-09T02:32:06","modified_gmt":"2026-04-09T06:32:06","slug":"program","status":"publish","type":"page","link":"https:\/\/concoursmontreal.ca\/en\/violin-2026\/program\/","title":{"rendered":"Program"},"content":{"rendered":"<h2 style=\"text-align: left;\">Concours 2026 &#8211; PROGRAM<\/h2>\n<p><img loading=\"lazy\" decoding=\"async\" class=\"aligncenter size-full wp-image-41722\" src=\"\/wp-content\/uploads\/2025\/12\/Titre_violin2026.jpg\" alt=\"\" width=\"1200\" height=\"350\" srcset=\"\/wp-content\/uploads\/2025\/12\/Titre_violin2026.jpg 1200w, \/wp-content\/uploads\/2025\/12\/Titre_violin2026-768x224.jpg 768w\" sizes=\"auto, (max-width: 1200px) 100vw, 1200px\" \/><\/p>\n<p><span style=\"color: #ff0000;\"><strong><span style=\"font-size: 22px;\">Virtuosity Without Borders<\/span><\/strong><\/span><\/p>\n<p><strong><span style=\"font-size: 16px;\">From the First Round to the Grand Final, buy your tickets now to the different rounds of the Concours 2026.<\/span><\/strong><\/p>\n<p><strong><span style=\"font-size: 16px;\"><br \/><\/span><\/strong>\n<table id=\"tablepress-88\" class=\"tablepress tablepress-id-88\">\n<tbody>\n<tr class=\"row-1\">\n\t<td class=\"column-1\"><br \/>\n<CENTER><b><span style=\"font-size: 18px;\">FIRST ROUND<br \/>\n5 SESSIONS<\/span><\/b><br \/>\n<br \/>\n<CENTER>In this First Round, each competitor has 30 minutes to shine by performing a work by J.S. Bach, Telemann, or another Baroque composer, a work showcasing the competitor\u2019s virtuosity (Bazzini, Ernst, Paganini, Saint-Sa\u00ebns, Sarasate, Waxman, Wieniawski), a work of the competitor\u2019s choice from a third musical period.<br \/>\n<br \/>\n<b>Bourgie Hall of the Montreal Museum of Fine Arts<\/b><br \/>\n1339, Sherbrooke Street West, Montreal (Qu\u00e9bec) H3G 1G2 <br \/>\n<br\/><\/td>\n<\/tr>\n<\/tbody>\n<\/table>\n<\/p>\n<h2><span style=\"font-size: 14px; color: #ff0000;\"><strong><b>FIRST ROUND &#8211; SESSION #1<\/b><br \/>Wednesday, May 27, 2026, 1:30 p.m.<\/strong><\/span><\/h2>\n<p><span style=\"font-size: 14px;\">5 competitors<\/span><\/p>\n<h2><span style=\"font-size: 14px; color: #ff0000;\"><strong><b>FIRST ROUND &#8211; SESSION #2<br \/><\/b>Wednesday, May 27, 2026, 7:30 p.m.<\/strong><\/span><\/h2>\n<p><span style=\"font-size: 14px;\">4 competitors<\/span><\/p>\n<h2><span style=\"font-size: 14px; color: #ff0000;\"><strong><b>FIRST ROUND &#8211; SESSION #3<\/b><br \/>Thursday, May 28, 2026, 1:30 p.m.<\/strong><\/span><\/h2>\n<p><span style=\"font-size: 14px;\">5 competitors<\/span><\/p>\n<h2><span style=\"font-size: 14px; color: #ff0000;\"><strong><b>FIRST ROUND &#8211; SESSION #4<\/b><br \/>Thursday, May 28, 2026, 7:30 p.m.<\/strong><\/span><\/h2>\n<p><span style=\"font-size: 14px;\">4 competitors<\/span><\/p>\n<h2><span style=\"font-size: 14px; color: #ff0000;\"><strong><b>FIRST ROUND &#8211; SESSION #5<\/b><br \/>Friday, May 29, 2026, 1:30 p.m.<\/strong><\/span><\/h2>\n<p><span style=\"font-size: 14px;\">6 competitors<\/span><\/p>\n<h2><span style=\"font-size: 14px; color: #ff0000;\"><strong><br \/>Friday, May 29, 2026, 6:00 p.m.<\/strong><\/span><\/h2>\n<p><span style=\"font-size: 14px;\">Announcement of the ten Semifinalists<\/span><br \/><span style=\"font-size: 14px;\"><span style=\"color: #000000;\"><span class=\"TextRun SCXW139327715 BCX0\" lang=\"FR-FR\" xml:lang=\"FR-FR\" data-contrast=\"auto\"><span class=\"NormalTextRun CommentHighlightRest SCXW139327715 BCX0\">Robert-Trempe Junior Jury Prize<br \/>Baroque Prize<\/span><\/span><\/span><\/span><\/p>\n<p><span style=\"vertical-align: inherit;\"><a class=\"maxbutton-140 maxbutton maxbutton-tickets-and-packages\" href=\"https:\/\/www.concoursmontreal.ca\/en\/violin-2026\/box-office\/\"><span class='mb-text'>TICKETS AND PACKAGES<\/span><\/a><\/span><\/p>\n<hr \/>\n\n<table id=\"tablepress-91\" class=\"tablepress tablepress-id-91\">\n<tbody>\n<tr class=\"row-1\">\n\t<td class=\"column-1\"><br \/>\n<CENTER><b><span style=\"font-size: 18px;\">SEMIFINAL<br \/>\n3 SESSIONS<\/b><\/span><br \/>\n<br \/>\n<CENTER>At this stage of the Concours, each competitor must present a carefully selected 50-minute program comprising of a complete sonata by Bart\u00f3k, Beethoven, Brahms, Debussy, Enescu, Faur\u00e9, Franck, Jan\u00e1\u010dek, Prokofiev, Ravel, Schnittke, Schumann, Schubert or R. Strauss, a work of the competitor\u2019s choice, by any composer, and a work of the competitor\u2019s choice, by a Canadian composer.<br \/>\n<br \/>\n<b>Bourgie Hall of the Montreal Museum of Fine Arts<\/b><br \/>\n1339, Sherbrooke Street West, Montreal (Qu\u00e9bec) H3G 1G2<br \/>\n<br\/><\/td>\n<\/tr>\n<\/tbody>\n<\/table>\n\n<h2><span style=\"font-size: 14px; color: #ff0000;\"><strong><b>SEMIFINAL &#8211; SESSION #1<br \/><\/b><\/strong><\/span><span style=\"font-size: 14px; color: #f13613;\"><strong>Saturday, May 30, 2026, 7:30 p.m.<\/strong><\/span><\/h2>\n<p><span style=\"font-size: 14px;\">3 competitors<\/span><\/p>\n<p>&nbsp;<\/p>\n<p><img loading=\"lazy\" decoding=\"async\" class=\"aligncenter  wp-image-44501\" src=\"\/wp-content\/uploads\/2026\/04\/Titre_causerie-2026.jpg\" alt=\"\" width=\"500\" height=\"146\" srcset=\"\/wp-content\/uploads\/2026\/04\/Titre_causerie-2026.jpg 1200w, \/wp-content\/uploads\/2026\/04\/Titre_causerie-2026-768x224.jpg 768w\" sizes=\"auto, (max-width: 500px) 100vw, 500px\" \/><\/p>\n<h2><span style=\"font-size: 14px; color: #f13613;\"><strong>PRE-SESSION TALK<br \/>Sunday, May 31, 2026, 12:45 p.m.<br \/><\/strong><\/span><\/h2>\n<p><span style=\"font-size: 14px; color: #f13613;\"><span style=\"color: #000000;\"><a href=\"https:\/\/www.concoursmontreal.ca\/en\/violin-2026\/spokesperson\/\" target=\"_blank\" rel=\"noopener\">Guylaine Tremblay<\/a>, Spokesperson<br \/>and <a href=\"https:\/\/www.concoursmontreal.ca\/en\/jury\/lucie-robert-2\/\" target=\"_blank\" rel=\"noopener\">Lucie Robert<\/a>, President of the Jury<\/span><br \/><span style=\"color: #000000;\"><br \/>Free admission<\/span><\/span><\/p>\n<h2><span style=\"font-size: 14px; color: #ff0000;\"><strong><b>SEMIFINAL <\/b><\/strong><\/span><span style=\"font-size: 14px; color: #ff0000;\"><strong><b> &#8211; SESSION #2<br \/><\/b><\/strong><\/span><span style=\"font-size: 14px; color: #f13613;\"><strong>Sunday, May 31, 2026, 1:30 p.m.<\/strong><\/span><\/h2>\n<p><span style=\"font-size: 14px;\">4 competitors<\/span><\/p>\n<h2><span style=\"font-size: 14px; color: #ff0000;\"><strong><b>SEMIFINAL <\/b><\/strong><\/span><span style=\"font-size: 14px; color: #ff0000;\"><strong><b> &#8211; SESSION #3<br \/><\/b><\/strong><\/span><span style=\"font-size: 14px; color: #f13613;\"><strong>Sunday, May 31, 2026, 7:30 p.m.<\/strong><\/span><\/h2>\n<p><span style=\"font-size: 14px;\">3 competitors<\/span><\/p>\n<h2>\u00a0<\/h2>\n<h2><span style=\"font-size: 14px; color: #f13613;\"><strong>Sunday, May 31, 2026, <\/strong><\/span><span style=\"font-size: 14px; color: #f13613;\"><strong>10:00 p.m.<\/strong><\/span><\/h2>\n<p><span style=\"font-size: 14px;\">Announcement of the five Finalists<\/span><br \/><span style=\"font-size: 14px;\"><span style=\"color: #000000;\"><span class=\"TextRun SCXW139327715 BCX0\" lang=\"FR-FR\" xml:lang=\"FR-FR\" data-contrast=\"auto\"><span class=\"NormalTextRun CommentHighlightRest SCXW139327715 BCX0\">Prize for Best interpretation of a sonata during the Se<\/span><\/span><\/span><\/span><span style=\"font-size: 14px;\"><span style=\"color: #000000;\"><span class=\"TextRun SCXW139327715 BCX0\" lang=\"FR-FR\" xml:lang=\"FR-FR\" data-contrast=\"auto\"><span class=\"NormalTextRun CommentHighlightRest SCXW139327715 BCX0\">mifinal<\/span><\/span><\/span><\/span><\/p>\n<p><span style=\"vertical-align: inherit;\"><a class=\"maxbutton-140 maxbutton maxbutton-tickets-and-packages\" href=\"https:\/\/www.concoursmontreal.ca\/en\/violin-2026\/box-office\/\"><span class='mb-text'>TICKETS AND PACKAGES<\/span><\/a><\/span><\/p>\n<hr \/>\n\n<table id=\"tablepress-93\" class=\"tablepress tablepress-id-93\">\n<tbody>\n<tr class=\"row-1\">\n\t<td class=\"column-1\"><CENTER><b><span style=\"font-size: 18px;\"><br \/>\nFINAL<br \/>\nTWO ROUNDS<\/b><\/span><br \/>\n<br \/>\n<CENTER>The Final of the Concours 2026 will be presented in two stages. It promises unforgettable moments of music, where every note carries the hope of victory. For this final stage, the five finalists, and then the three grand finalists, will be accompanied by the Orchestre symphonique de Montr\u00e9al \u2014 the Concours' official orchestra \u2014 under the baton of Guest Conductor Sascha Goetzel.<br \/>\n<br \/>\n<b>Maison symphonique de Montr\u00e9al<\/b><br \/>\n1600, Saint-Urbain Street, Montreal (Qu\u00e9bec) H2X 0S1<br \/>\n<br\/><br \/>\n<\/td>\n<\/tr>\n<\/tbody>\n<\/table>\n\n<h2><span style=\"font-size: 14px;\"><strong><span style=\"color: #f13613;\">Final \u2013 Mozart Round<br \/><\/span><\/strong><\/span><span style=\"font-size: 14px;\"><strong><span style=\"color: #f13613;\">Wednesday, June 3, 2026, 7:30 p.m.<\/span><br \/><\/strong><\/span><\/h2>\n<p><span style=\"font-size: 14px;\"><span style=\"color: #ff0000; font-size: 14px;\"><span style=\"font-size: 14px; color: #000000;\">Presented in partnership with<\/span><\/span><br \/><strong>Alfid Services Immobiliers<br \/><\/strong><br \/>5 finalists<\/span><\/p>\n<h2><span style=\"font-size: 14px;\"><strong><span style=\"color: #f13613;\"><br \/>Wednesday, June 3, 2026,<\/span><\/strong><\/span><span style=\"font-size: 14px; color: #ff0000;\"><strong>\u00a010<\/strong><\/span><span style=\"font-size: 14px;\"><strong><span style=\"color: #f13613;\">:00 p.m.<\/span><\/strong><\/span><\/h2>\n<p>Announcement of the three Grand finalists<\/p>\n<hr \/>\n<h2><span style=\"font-size: 14px; color: #f13613;\"><strong><span style=\"font-size: 14px;\">Grand final<\/span><br \/>Thursday, June 4, 2026, 7:30 p.m.<\/strong><\/span><span style=\"font-size: 14px;\"><strong><br \/><\/strong><\/span><\/h2>\n<p><span style=\"font-size: 14px;\">3 grand finalists<\/span><\/p>\n<hr \/>\n<p><strong><span style=\"font-size: 14px;\"><span style=\"color: #f13613;\"><img loading=\"lazy\" decoding=\"async\" class=\"aligncenter size-full wp-image-25735\" src=\"\/wp-content\/uploads\/2022\/07\/Prix-et-bourses-concours-musical-international-de-Montreal.jpg\" alt=\"\" width=\"1200\" height=\"350\" srcset=\"\/wp-content\/uploads\/2022\/07\/Prix-et-bourses-concours-musical-international-de-Montreal.jpg 1200w, \/wp-content\/uploads\/2022\/07\/Prix-et-bourses-concours-musical-international-de-Montreal-768x224.jpg 768w\" sizes=\"auto, (max-width: 1200px) 100vw, 1200px\" \/><br \/><\/span><\/span><\/strong><span style=\"font-size: 14px;\">\n<table id=\"tablepress-107\" class=\"tablepress tablepress-id-107\">\n<tbody>\n<tr class=\"row-1\">\n\t<td class=\"column-1\"><br \/>\n<CENTER><b><span style=\"font-size: 18px;\">CLOSING CEREMONY<\/b><\/span><br \/>\n<br \/>\nPresented in partnership with<br \/>\n<b>Sandra and Alain Bouchard Foundation<\/b><br \/>\n<br \/>\n<b>Maison symphonique de Montr\u00e9al<\/b><br \/>\n1600, Saint-Urbain Street, Montreal (Qu\u00e9bec) H2X 0S1<br \/>\n<br\/><br \/>\n<\/td>\n<\/tr>\n<\/tbody>\n<\/table>\n<\/span><\/p>\n<h2><span style=\"font-size: 14px; color: #f13613;\"><strong>Thursday, June 4, 2026, 10:00 p.m.<br \/><\/strong><\/span><\/h2>\n<p><span style=\"font-size: 14px;\"><a class=\"maxbutton-194 maxbutton maxbutton-prizes-and-grants\" target=\"_blank\" rel=\"noopener\" href=\"https:\/\/www.concoursmontreal.ca\/en\/violin-2026\/prizes-and-grants\/\"><span class='mb-text'>PRIZES AND GRANTS<\/span><\/a> <\/span><\/p>\n<hr \/>\n<p><img loading=\"lazy\" decoding=\"async\" class=\"aligncenter size-full wp-image-41629\" src=\"\/wp-content\/uploads\/2025\/12\/2026-Violon_Mini_Violini_titre.jpg\" alt=\"\" width=\"1200\" height=\"350\" srcset=\"\/wp-content\/uploads\/2025\/12\/2026-Violon_Mini_Violini_titre.jpg 1200w, \/wp-content\/uploads\/2025\/12\/2026-Violon_Mini_Violini_titre-768x224.jpg 768w\" sizes=\"auto, (max-width: 1200px) 100vw, 1200px\" \/><br \/>\n<table id=\"tablepress-97\" class=\"tablepress tablepress-id-97\">\n<tbody>\n<tr class=\"row-1\">\n\t<td class=\"column-1\"><CENTER><b><span style=\"font-size: 18px;\"><br \/>\nMINI VIOLINI<\/b><\/span><br \/>\n<br \/>\nOfficial sponsor<br \/>\n<b>Spinelli<\/b><br \/>\n<br \/>\n<CENTER>Alongside the main competition events of the Concours, Mini Violini offers a memorable encounter with talented young violinists between the ages of 10 and 14. Come and meet the four young violinists of Mini Violini 2026 and discover these talented, virtuoso and prodigious artists.<br \/>\n<br \/>\n<b>Bourgie Hall of the Montreal Museum of Fine Arts<\/b><br \/>\n1339, Sherbrooke Street West, Montreal (Qu\u00e9bec) H3G 1G2<br \/>\n<br\/><\/td>\n<\/tr>\n<tr class=\"row-2\">\n\t<td class=\"column-1\"><\/td>\n<\/tr>\n<\/tbody>\n<\/table>\n<!-- #tablepress-97 from cache --><\/span><\/p>\n<h2><span style=\"font-size: 14px; color: #f13613;\"><strong>Mini Violini: The Four Seasons<br \/>Saturday, May 30, 2026, 1:30 p.m.<\/strong><\/span><\/h2>\n<p><span data-teams=\"true\"><a href=\"https:\/\/www.concoursmontreal.ca\/en\/violin-2026\/mini-violini\/\" target=\"_blank\" rel=\"noopener\">Laura Jin<\/a> (Australia)<br \/><a href=\"https:\/\/www.concoursmontreal.ca\/en\/violin-2026\/mini-violini\/\" target=\"_blank\" rel=\"noopener\">Sacha Jorba-Wu<\/a> (Canada)<br \/><a href=\"https:\/\/www.concoursmontreal.ca\/en\/violin-2026\/mini-violini\/\" target=\"_blank\" rel=\"noopener\">Iza Kamnitzer<\/a> (Canada)<br \/><\/span><a href=\"https:\/\/www.concoursmontreal.ca\/en\/violin-2026\/mini-violini\/\" target=\"_blank\" rel=\"noopener\">Ria Kang<\/a> (United States)<\/p>\n<p><span style=\"vertical-align: inherit;\"><a class=\"maxbutton-140 maxbutton maxbutton-tickets-and-packages\" href=\"https:\/\/www.concoursmontreal.ca\/en\/violin-2026\/box-office\/\"><span class='mb-text'>TICKETS AND PACKAGES<\/span><\/a><\/span><\/p>\n<hr \/>\n<p>&nbsp;<\/p>\n<p><img loading=\"lazy\" decoding=\"async\" class=\"aligncenter size-full wp-image-44408\" src=\"\/wp-content\/uploads\/2026\/04\/Titre_road_2026.jpg\" alt=\"\" width=\"1200\" height=\"350\" srcset=\"\/wp-content\/uploads\/2026\/04\/Titre_road_2026.jpg 1200w, \/wp-content\/uploads\/2026\/04\/Titre_road_2026-768x224.jpg 768w\" sizes=\"auto, (max-width: 1200px) 100vw, 1200px\" \/><\/p>\n\n<table id=\"tablepress-106\" class=\"tablepress tablepress-id-106\">\n<tbody>\n<tr class=\"row-1\">\n\t<td class=\"column-1\"><CENTER><b><span style=\"font-size: 18px;\"><br \/>\nTHE CONCOURS ON THE ROAD<\/b><\/span><br \/>\n<br \/>\nPresented in partnership with<br \/>\n<b>Leclerc Leprohon Collection<\/b><br \/>\n<br \/>\nThe Concours musical international de Montr\u00e9al ventures beyond the Competition itself to offer even more people an unprecedented musical experience offers a unique musical experience to an even wider audience, with the Concours On the Road.\u202f<br \/>\n\u202f<br\/><\/td>\n<\/tr>\n<\/tbody>\n<\/table>\n<!-- #tablepress-106 from cache -->\n<h2><span style=\"color: #ff0000; font-size: 14px;\"><strong>SUNDAY, MAY 31<\/strong><\/span><\/h2>\n<p><span style=\"font-size: 14px;\">\u2022 <strong>Centre d&#8217;art de Richmond<\/strong>, Richmond<\/span><br \/><span style=\"font-size: 14px;\">\u2022 <strong>Concerts sur le fleuve<\/strong>, \u00cele des S\u0153urs<\/span><br \/><span style=\"font-size: 14px;\">\u2022 <strong>Le Vaisseau d&#8217;art<\/strong>, Farnham<\/span><\/p>\n<a class=\"maxbutton-193 maxbutton maxbutton-information-and-tickets\" target=\"_blank\" rel=\"noopener\" href=\"https:\/\/www.concoursmontreal.ca\/en\/violin-2026\/on-the-road\/\"><span class='mb-text'>INFORMATION and TICKETS<\/span><\/a>\n<hr \/>\n<p style=\"text-align: center;\"><span style=\"vertical-align: inherit;\"><a class=\"maxbutton-186 maxbutton maxbutton-concours-2026-en\" href=\"https:\/\/www.concoursmontreal.ca\/en\/violin-2026\/\"><span class='mb-text'>HOME - CONCOURS 2026<\/span><\/a>\u00a0 <\/span><\/p>\n<p style=\"text-align: center;\"><span style=\"vertical-align: inherit;\"><a class=\"maxbutton-140 maxbutton maxbutton-tickets-and-packages\" href=\"https:\/\/www.concoursmontreal.ca\/en\/violin-2026\/box-office\/\"><span class='mb-text'>TICKETS AND PACKAGES<\/span><\/a>\u00a0<\/span><\/p>\n<p style=\"text-align: center;\"><span style=\"vertical-align: inherit;\"><a class=\"maxbutton-75 maxbutton maxbutton-support-the-concours\" href=\"https:\/\/www.concoursmontreal.ca\/en\/support\/donate\/\"><span class='mb-text'>SUPPORT THE CONCOURS<\/span><\/a><\/span><\/p>\n","protected":false},"excerpt":{"rendered":"<p>Concours 2026 &#8211; PROGRAM Virtuosity Without Borders From the First Round to the Grand Final, buy your tickets now to the different rounds of the Concours 2026. FIRST ROUND &#8211; SESSION #1Wednesday, May 27, 2026, 1:30 p.m. 5 competitors FIRST ROUND &#8211; SESSION #2Wednesday, May 27, 2026, 7:30 p.m. 4 competitors FIRST ROUND &#8211; SESSION [&hellip;]<\/p>\n","protected":false},"author":1,"featured_media":0,"parent":38325,"menu_order":1,"comment_status":"closed","ping_status":"closed","template":"","meta":{"_acf_changed":false,"footnotes":""},"class_list":["post-40265","page","type-page","status-publish","hentry"],"acf":[],"featured_media_src_url":null,"_links":{"self":[{"href":"https:\/\/concoursmontreal.ca\/en\/wp-json\/wp\/v2\/pages\/40265","targetHints":{"allow":["GET"]}}],"collection":[{"href":"https:\/\/concoursmontreal.ca\/en\/wp-json\/wp\/v2\/pages"}],"about":[{"href":"https:\/\/concoursmontreal.ca\/en\/wp-json\/wp\/v2\/types\/page"}],"author":[{"embeddable":true,"href":"https:\/\/concoursmontreal.ca\/en\/wp-json\/wp\/v2\/users\/1"}],"replies":[{"embeddable":true,"href":"https:\/\/concoursmontreal.ca\/en\/wp-json\/wp\/v2\/comments?post=40265"}],"version-history":[{"count":6,"href":"https:\/\/concoursmontreal.ca\/en\/wp-json\/wp\/v2\/pages\/40265\/revisions"}],"predecessor-version":[{"id":44553,"href":"https:\/\/concoursmontreal.ca\/en\/wp-json\/wp\/v2\/pages\/40265\/revisions\/44553"}],"up":[{"embeddable":true,"href":"https:\/\/concoursmontreal.ca\/en\/wp-json\/wp\/v2\/pages\/38325"}],"wp:attachment":[{"href":"https:\/\/concoursmontreal.ca\/en\/wp-json\/wp\/v2\/media?parent=40265"}],"curies":[{"name":"wp","href":"https:\/\/api.w.org\/{rel}","templated":true}]}}