{"id":40241,"date":"2025-07-04T16:42:28","date_gmt":"2025-07-04T20:42:28","guid":{"rendered":"https:\/\/concoursmontreal.ca\/?page_id=40241"},"modified":"2026-03-04T20:43:41","modified_gmt":"2026-03-05T01:43:41","slug":"rules","status":"publish","type":"page","link":"https:\/\/concoursmontreal.ca\/en\/violin-2026\/rules\/","title":{"rendered":"Information and Rules"},"content":{"rendered":"<h2 style=\"text-align: left;\">Concours 2026 &#8211; Information AND RULES<\/h2>\n<p style=\"text-align: left;\"><span style=\"font-size: 14px;\" data-contrast=\"auto\"><a href=\"\/wp-content\/uploads\/2024\/12\/Titre_rules_voice2025.jpg\"><img loading=\"lazy\" decoding=\"async\" class=\"size-full wp-image-36621 alignnone aligncenter\" src=\"\/wp-content\/uploads\/2024\/12\/Titre_rules_voice2025.jpg\" alt=\"\" width=\"1200\" height=\"350\" srcset=\"\/wp-content\/uploads\/2024\/12\/Titre_rules_voice2025.jpg 1200w, \/wp-content\/uploads\/2024\/12\/Titre_rules_voice2025-768x224.jpg 768w\" sizes=\"auto, (max-width: 1200px) 100vw, 1200px\" \/><\/a><\/span><\/p>\n<p style=\"text-align: center;\"><strong><span class=\"TextRun SCXW38987422 BCX8\" lang=\"EN-CA\" style=\"font-size: 18px;\" xml:lang=\"EN-CA\" data-contrast=\"none\"><span class=\"NormalTextRun SCXW38987422 BCX8\">Concours musical international de Montr\u00e9al &#8211; V<\/span><span class=\"NormalTextRun SCXW38987422 BCX8\">iolin<\/span><span class=\"NormalTextRun SCXW38987422 BCX8\"> 202<\/span><span class=\"NormalTextRun SCXW38987422 BCX8\">6<\/span><span class=\"NormalTextRun SCXW38987422 BCX8\"> <br \/><\/span><\/span><\/strong><strong><span class=\"TextRun SCXW38987422 BCX8\" lang=\"EN-CA\" style=\"font-size: 18px;\" xml:lang=\"EN-CA\" data-contrast=\"none\"><span class=\"NormalTextRun SCXW38987422 BCX8\">May 2<\/span><span class=\"NormalTextRun SCXW38987422 BCX8\">7<\/span><span class=\"NormalTextRun SCXW38987422 BCX8\"> through June <\/span><span class=\"NormalTextRun SCXW38987422 BCX8\">4<\/span><span class=\"NormalTextRun SCXW38987422 BCX8\">, 202<\/span><span class=\"NormalTextRun SCXW38987422 BCX8\">6<\/span><span class=\"NormalTextRun SCXW38987422 BCX8\">.<\/span><\/span><\/strong><\/p>\n<p>&nbsp;<\/p>\n<p style=\"text-align: left;\"><span style=\"font-size: 14px;\"><a class=\"maxbutton-184 maxbutton maxbutton-download-rules-violon-2026\" target=\"_blank\" rel=\"noopener\" href=\"\/wp-content\/uploads\/2025\/07\/VIOLIN-2026-RULES-AND-CONDITIONS-OF-PARTICIPATION_2025-07-11.pdf\" download=\"\"><span class='mb-text'>RULES - 2026<\/span><\/a><\/span><\/p>\n<p style=\"text-align: left;\">\u00a0<\/p>\n<p style=\"text-align: left;\"><span style=\"color: #f60000; font-size: 14px;\"><b>ELIGIBILITY<\/b><\/span><\/p>\n<p style=\"text-align: left;\"><span style=\"font-size: 14px;\">The CMIM is an elite-level international competition open to classical violinists of all nationalities, born between 1995 and 2009, in the early stages of a professional performing career.\u00a0<\/span><\/p>\n<p style=\"text-align: left;\"><span style=\"font-size: 14px;\">Laureates from previous violin editions of the CMIM are not eligible to apply for Violin 2026.\u00a0<\/span><\/p>\n<p style=\"text-align: left;\"><span style=\"font-size: 14px;\">All selected competitors are required to be free of all engagements and available to be in Montreal between May 26 and June 4, 2026, inclusive.\u00a0<\/span><\/p>\n<p style=\"text-align: left;\">\u00a0<\/p>\n<p style=\"text-align: left;\"><span style=\"color: #f60000; font-size: 14px;\"><b>IMPORTANT DATES<\/b><\/span><\/p>\n<ul style=\"text-align: left;\">\n<li data-leveltext=\"\uf0b7\" data-font=\"Symbol\" data-listid=\"9\" data-list-defn-props=\"{&quot;335552541&quot;:1,&quot;335559685&quot;:720,&quot;335559991&quot;:360,&quot;469769226&quot;:&quot;Symbol&quot;,&quot;469769242&quot;:[8226],&quot;469777803&quot;:&quot;left&quot;,&quot;469777804&quot;:&quot;\uf0b7&quot;,&quot;469777815&quot;:&quot;multilevel&quot;}\" aria-setsize=\"-1\" data-aria-posinset=\"1\" data-aria-level=\"1\"><span style=\"font-size: 14px;\">September 3, 2025: Applications open<\/span><\/li>\n<li data-leveltext=\"\uf0b7\" data-font=\"Symbol\" data-listid=\"9\" data-list-defn-props=\"{&quot;335552541&quot;:1,&quot;335559685&quot;:720,&quot;335559991&quot;:360,&quot;469769226&quot;:&quot;Symbol&quot;,&quot;469769242&quot;:[8226],&quot;469777803&quot;:&quot;left&quot;,&quot;469777804&quot;:&quot;\uf0b7&quot;,&quot;469777815&quot;:&quot;multilevel&quot;}\" aria-setsize=\"-1\" data-aria-posinset=\"1\" data-aria-level=\"1\"><span style=\"font-size: 14px;\">October 31, 2025: Application deadline \u00a0<\/span><\/li>\n<li data-leveltext=\"\uf0b7\" data-font=\"Symbol\" data-listid=\"9\" data-list-defn-props=\"{&quot;335552541&quot;:1,&quot;335559685&quot;:720,&quot;335559991&quot;:360,&quot;469769226&quot;:&quot;Symbol&quot;,&quot;469769242&quot;:[8226],&quot;469777803&quot;:&quot;left&quot;,&quot;469777804&quot;:&quot;\uf0b7&quot;,&quot;469777815&quot;:&quot;multilevel&quot;}\" aria-setsize=\"-1\" data-aria-posinset=\"1\" data-aria-level=\"1\"><span style=\"font-size: 14px;\">December 22, 2025: Confirmation of participation by the invited competitors\u00a0<\/span><\/li>\n<li data-leveltext=\"\uf0b7\" data-font=\"Symbol\" data-listid=\"9\" data-list-defn-props=\"{&quot;335552541&quot;:1,&quot;335559685&quot;:720,&quot;335559991&quot;:360,&quot;469769226&quot;:&quot;Symbol&quot;,&quot;469769242&quot;:[8226],&quot;469777803&quot;:&quot;left&quot;,&quot;469777804&quot;:&quot;\uf0b7&quot;,&quot;469777815&quot;:&quot;multilevel&quot;}\" aria-setsize=\"-1\" data-aria-posinset=\"1\" data-aria-level=\"1\"><span style=\"font-size: 14px;\">January 16, 2026: Confirmation of final programs for all rounds\u00a0<\/span><\/li>\n<li data-leveltext=\"\uf0b7\" data-font=\"Symbol\" data-listid=\"9\" data-list-defn-props=\"{&quot;335552541&quot;:1,&quot;335559685&quot;:720,&quot;335559991&quot;:360,&quot;469769226&quot;:&quot;Symbol&quot;,&quot;469769242&quot;:[8226],&quot;469777803&quot;:&quot;left&quot;,&quot;469777804&quot;:&quot;\uf0b7&quot;,&quot;469777815&quot;:&quot;multilevel&quot;}\" aria-setsize=\"-1\" data-aria-posinset=\"1\" data-aria-level=\"1\"><span style=\"font-size: 14px;\">February 4, 2026: Announcement of the Violin 2026 competitors\u00a0<\/span><\/li>\n<li data-leveltext=\"\uf0b7\" data-font=\"Symbol\" data-listid=\"9\" data-list-defn-props=\"{&quot;335552541&quot;:1,&quot;335559685&quot;:720,&quot;335559991&quot;:360,&quot;469769226&quot;:&quot;Symbol&quot;,&quot;469769242&quot;:[8226],&quot;469777803&quot;:&quot;left&quot;,&quot;469777804&quot;:&quot;\uf0b7&quot;,&quot;469777815&quot;:&quot;multilevel&quot;}\" aria-setsize=\"-1\" data-aria-posinset=\"1\" data-aria-level=\"1\"><span style=\"font-size: 14px;\">May 25: Violin 2026 competitors arrive in Montreal\u00a0\u00a0<\/span><\/li>\n<li data-leveltext=\"\uf0b7\" data-font=\"Symbol\" data-listid=\"9\" data-list-defn-props=\"{&quot;335552541&quot;:1,&quot;335559685&quot;:720,&quot;335559991&quot;:360,&quot;469769226&quot;:&quot;Symbol&quot;,&quot;469769242&quot;:[8226],&quot;469777803&quot;:&quot;left&quot;,&quot;469777804&quot;:&quot;\uf0b7&quot;,&quot;469777815&quot;:&quot;multilevel&quot;}\" aria-setsize=\"-1\" data-aria-posinset=\"1\" data-aria-level=\"1\"><span style=\"font-size: 14px;\">May 27-29: First Round\u00a0<\/span><\/li>\n<li data-leveltext=\"\uf0b7\" data-font=\"Symbol\" data-listid=\"9\" data-list-defn-props=\"{&quot;335552541&quot;:1,&quot;335559685&quot;:720,&quot;335559991&quot;:360,&quot;469769226&quot;:&quot;Symbol&quot;,&quot;469769242&quot;:[8226],&quot;469777803&quot;:&quot;left&quot;,&quot;469777804&quot;:&quot;\uf0b7&quot;,&quot;469777815&quot;:&quot;multilevel&quot;}\" aria-setsize=\"-1\" data-aria-posinset=\"1\" data-aria-level=\"1\"><span style=\"font-size: 14px;\">May 30-31: Semifinal\u00a0<\/span><\/li>\n<li data-leveltext=\"\uf0b7\" data-font=\"Symbol\" data-listid=\"9\" data-list-defn-props=\"{&quot;335552541&quot;:1,&quot;335559685&quot;:720,&quot;335559991&quot;:360,&quot;469769226&quot;:&quot;Symbol&quot;,&quot;469769242&quot;:[8226],&quot;469777803&quot;:&quot;left&quot;,&quot;469777804&quot;:&quot;\uf0b7&quot;,&quot;469777815&quot;:&quot;multilevel&quot;}\" aria-setsize=\"-1\" data-aria-posinset=\"1\" data-aria-level=\"1\"><span style=\"font-size: 14px;\">June 3: Final #1 &#8211; Mozart\u00a0<\/span><\/li>\n<li data-leveltext=\"\uf0b7\" data-font=\"Symbol\" data-listid=\"9\" data-list-defn-props=\"{&quot;335552541&quot;:1,&quot;335559685&quot;:720,&quot;335559991&quot;:360,&quot;469769226&quot;:&quot;Symbol&quot;,&quot;469769242&quot;:[8226],&quot;469777803&quot;:&quot;left&quot;,&quot;469777804&quot;:&quot;\uf0b7&quot;,&quot;469777815&quot;:&quot;multilevel&quot;}\" aria-setsize=\"-1\" data-aria-posinset=\"1\" data-aria-level=\"1\"><span style=\"font-size: 14px;\">June 4: Grand Final and Closing Award Ceremony\u00a0<\/span><\/li>\n<\/ul>\n<p style=\"text-align: left;\"><span style=\"font-size: 14px;\" data-ccp-props=\"{}\">\u00a0<\/span><\/p>\n<p style=\"text-align: left;\"><span style=\"color: #f60000; font-size: 14px;\"><b>PRIZES, AWARDS, AND GRANTS<\/b><\/span><\/p>\n<p style=\"text-align: left;\"><span style=\"font-size: 14px;\" data-contrast=\"none\">More than <strong>$150,000 CAD<\/strong> in prizes, awards, and grants* will be awarded to the laureates and winners of the Violin 2026 edition.<br \/><\/span><span style=\"font-size: 14px;\"><a href=\"https:\/\/www.concoursmontreal.ca\/en\/violin-2026\/prizes-and-grants\/\" target=\"_blank\" rel=\"noopener\">View all of the Prizes online<\/a><br \/><\/span><\/p>\n<p>&nbsp;<\/p>\n<p style=\"text-align: left;\"><span style=\"color: #f60000; font-size: 14px;\"><b>TRANSPORTATION AND ACCOMMODATION OFFERED BY THE CMIM<\/b><\/span><\/p>\n<p style=\"text-align: left;\"><span style=\"font-size: 14px;\">The CMIM provides an economy-class return flight to Montreal for all Violin 2026 competitors, in accordance with the conditions established by the competition.\u202fThe fee for one checked bag is assumed by the CMIM.\u00a0\u00a0<\/span><\/p>\n<p style=\"text-align: left;\"><span style=\"font-size: 14px;\">Additional charges for multi-city flights, an extended stay, or other special requests are solely the responsibility of the competitor.\u00a0\u00a0<\/span><\/p>\n<p style=\"text-align: left;\"><span style=\"font-size: 14px;\">The CMIM will arrange free accommodation with a volunteer host family in the Montreal area for all competitors. Competitors who wish to make other arrangements for travel and\/or accommodation may do so at their own expense.\u00a0\u00a0<\/span><\/p>\n<p style=\"text-align: left;\"><span style=\"font-size: 14px;\">Travel expenses and accommodation for any person accompanying a competitor will not be assumed by\u00a0 the CMIM.\u00a0<\/span><\/p>\n<p style=\"text-align: left;\">\u00a0<\/p>\n<p style=\"text-align: left;\"><span style=\"color: #f60000; font-size: 14px;\"><b>COLLABORATIVE PIANISTS<\/b>\u00a0<\/span><\/p>\n<p style=\"text-align: left;\"><span style=\"font-size: 14px;\">A CMIM official pianist will be assigned to each competitor for all rounds with piano.\u202f<\/span><\/p>\n<p style=\"text-align: left;\"><span style=\"font-size: 14px;\">Competitors may choose to perform with their own collaborative pianist for the First Round and Semifinal.<\/span><\/p>\n<p style=\"text-align: left;\"><span style=\"font-size: 14px;\">Pianists will be provided with accommodation free of charge with host families in the Montreal area. Travel expenses for these pianists are the sole responsibility of the competitors and\/or the pianist.<\/span><\/p>\n<p>&nbsp;<\/p>\n<p style=\"text-align: left;\"><span style=\"color: #f60000; font-size: 14px;\"><b>SELECTION PROCESS<\/b><\/span><\/p>\n<p style=\"text-align: left;\"><span style=\"font-size: 14px;\">CMIM officials will review all applications to ensure they are eligible, complete, and meet the required technical standards. The CMIM reserves the right to disqualify any candidates who have failed to fulfill all the application requirements.\u00a0\u00a0<\/span><\/p>\n<p style=\"text-align: left;\"><span style=\"font-size: 14px;\">A preliminary jury, appointed by the CMIM, will review and evaluate the audition videos.\u00a0\u00a0<\/span><\/p>\n<p style=\"text-align: left;\"><span style=\"font-size: 14px;\">A maximum of 24 candidates will be selected to compete in the Violin 2026 edition.\u00a0\u00a0<\/span><\/p>\n<p style=\"text-align: left;\"><span style=\"font-size: 14px;\">Selected candidates and all applicants will be notified of the results of the preliminary selection by December 12, 2025.\u00a0<\/span><\/p>\n<p style=\"text-align: left;\">\u00a0<\/p>\n<h2 style=\"text-align: left;\"><span style=\"color: #f60000; font-size: 14px;\"><b><span style=\"color: #ff0000;\">_______________<\/span><\/p>\n<p>COMPETITION ROUNDS<\/b><\/span><\/h2>\n<p style=\"text-align: left;\"><span style=\"font-size: 14px;\">Repertoire selected for performance at the competition may include works recorded for the audition videos. No other duplication of repertoire is permitted during the competition rounds.\u00a0\u00a0<\/span><\/p>\n<p style=\"text-align: left;\"><span style=\"font-size: 14px;\">The jury will consider the difficulty and artistic merit of the programs for each round.\u00a0\u00a0<\/span><\/p>\n<p style=\"text-align: left;\"><span style=\"font-size: 14px;\">Final results will be considered on the basis of the cumulative results obtained in each of the competition rounds.\u00a0<\/span><\/p>\n<p style=\"text-align: left;\">\u00a0<\/p>\n<p style=\"text-align: left;\"><span style=\"color: #f60000; font-size: 14px;\"><b>___ First Round<\/b><\/span><\/p>\n<p style=\"text-align: left;\"><span style=\"font-size: 14px;\">The twenty-four (24) competitors selected must each present a program of 25 to 30 minutes of music with piano accompaniment.\u00a0\u00a0<\/span><\/p>\n<p style=\"text-align: left;\"><span style=\"font-size: 14px;\">The repertoire for the First Round must comprise a minimum of three works representing at least three musical periods:\u00a0<\/span><\/p>\n<ul style=\"text-align: left;\">\n<li data-leveltext=\"\uf0b7\" data-font=\"Symbol\" data-listid=\"16\" data-list-defn-props=\"{&quot;335552541&quot;:1,&quot;335559685&quot;:840,&quot;335559991&quot;:360,&quot;469769226&quot;:&quot;Symbol&quot;,&quot;469769242&quot;:[8226],&quot;469777803&quot;:&quot;left&quot;,&quot;469777804&quot;:&quot;\uf0b7&quot;,&quot;469777815&quot;:&quot;hybridMultilevel&quot;}\" aria-setsize=\"-1\" data-aria-posinset=\"1\" data-aria-level=\"1\"><span style=\"font-size: 14px;\">A work by J.S. Bach, Telemann, or another Baroque composer\u00a0<\/span><\/li>\n<li data-leveltext=\"\uf0b7\" data-font=\"Symbol\" data-listid=\"16\" data-list-defn-props=\"{&quot;335552541&quot;:1,&quot;335559685&quot;:840,&quot;335559991&quot;:360,&quot;469769226&quot;:&quot;Symbol&quot;,&quot;469769242&quot;:[8226],&quot;469777803&quot;:&quot;left&quot;,&quot;469777804&quot;:&quot;\uf0b7&quot;,&quot;469777815&quot;:&quot;hybridMultilevel&quot;}\" aria-setsize=\"-1\" data-aria-posinset=\"1\" data-aria-level=\"1\"><span style=\"font-size: 14px;\">A virtuosic work by Bazzini, Ernst, Paganini, Saint-Saens, Sarasate, Waxman, Wieniawski, or other composer\u00a0<\/span><\/li>\n<li data-leveltext=\"\uf0b7\" data-font=\"Symbol\" data-listid=\"16\" data-list-defn-props=\"{&quot;335552541&quot;:1,&quot;335559685&quot;:840,&quot;335559991&quot;:360,&quot;469769226&quot;:&quot;Symbol&quot;,&quot;469769242&quot;:[8226],&quot;469777803&quot;:&quot;left&quot;,&quot;469777804&quot;:&quot;\uf0b7&quot;,&quot;469777815&quot;:&quot;hybridMultilevel&quot;}\" aria-setsize=\"-1\" data-aria-posinset=\"1\" data-aria-level=\"1\"><span style=\"font-size: 14px;\">A work of choice from a third style period\u00a0<\/span><\/li>\n<\/ul>\n<p style=\"text-align: left;\"><span style=\"font-size: 14px;\">The inclusion of a single movement of a work is permitted.\u00a0\u00a0<\/span><\/p>\n<p style=\"text-align: left;\"><span style=\"font-size: 14px;\" data-contrast=\"none\">Ten violinists will be selected by the international jury to advance to the Semifinal Round.<\/span><\/p>\n<p style=\"text-align: left;\">\u00a0<\/p>\n<p style=\"text-align: left;\"><b style=\"color: #f60000; font-size: 14px;\"><span style=\"color: #f60000; font-size: 14px;\"><b>___ <\/b><\/span>Semifinal<\/b><\/p>\n<p style=\"text-align: left;\"><span style=\"font-size: 14px;\">The ten semifinalists must each perform a program of 50 to 55 minutes of music with piano accompaniment.\u00a0<\/span><\/p>\n<p style=\"text-align: left;\"><span style=\"font-size: 14px;\">The repertoire for the Semifinal round must comprise a minimum of three works, including the following elements:\u00a0\u00a0<\/span><\/p>\n<p style=\"text-align: left;\"><span style=\"font-size: 14px;\">A complete sonata by composers such as but not limited to:\u00a0\u00a0<\/span><\/p>\n<ul>\n<li style=\"text-align: left;\"><span style=\"font-size: 14px;\">Bart\u00f3k, Beethoven, Brahms, Debussy, Enescu, Faur\u00e9, Franck, Jan\u00e1\u010dek, Prokofiev, Ravel, Schnittke, Schumann, Schubert, or R. Strauss<\/span><\/li>\n<li style=\"text-align: left;\"><span style=\"font-size: 14px;\">A work of the candidate\u2019s choice by any composer\u00a0<\/span><\/li>\n<li style=\"text-align: left;\"><span style=\"font-size: 14px;\">A work of the candidate\u2019s choice by a Canadian composer. <span data-teams=\"true\">For a resource list of suggested Canadian works, contact candidates@concoursmontreal.ca.<\/span><\/span><\/li>\n<\/ul>\n<p style=\"text-align: left;\"><span style=\"font-size: 14px;\">Five violinists will be selected by the international jury to advance to the Final.\u00a0<\/span><\/p>\n<p style=\"text-align: left;\">\u00a0<\/p>\n<p style=\"text-align: left;\"><span style=\"color: #f60000; font-size: 14px;\"><b>___ Final<\/b><\/span><\/p>\n<p style=\"text-align: left;\"><span style=\"font-size: 14px;\">The Final comprises two stages:\u00a0<\/span><\/p>\n<p style=\"text-align: left;\"><span style=\"font-size: 14px;\" data-ccp-props=\"{&quot;335551550&quot;:6,&quot;335551620&quot;:6,&quot;335559731&quot;:720,&quot;335559737&quot;:240}\">\u00a0<\/span><\/p>\n<p style=\"text-align: left;\"><span style=\"color: #f60000; font-size: 14px;\"><b>I &#8211; Final: Mozart Round<\/b>\u00a0<\/span><\/p>\n<p style=\"text-align: left;\"><span style=\"font-size: 14px;\">Five violinists will present a concerto by W.A. Mozart for violin and orchestra with the Orchestre symphonique de Montr\u00e9al, from the following list:\u00a0<\/span><\/p>\n<ul>\n<li style=\"text-align: left;\"><span style=\"font-size: 14px;\">Violin Concerto No. 1 in B flat Major, K. 207\u00a0<\/span><\/li>\n<li style=\"text-align: left;\"><span style=\"font-size: 14px;\">Violin Concerto No. 2 in D Major, K. 211\u00a0<\/span><\/li>\n<li style=\"text-align: left;\"><span style=\"font-size: 14px;\">Violin Concerto No. 3 in G Major, K. 216\u00a0<\/span><\/li>\n<li style=\"text-align: left;\"><span style=\"font-size: 14px;\">Violin Concerto No. 4 in D Major, K. 218 \u00a0<\/span><\/li>\n<\/ul>\n<p style=\"text-align: left;\"><span style=\"font-size: 14px;\">Three violinists will be selected by the international jury to advance to the Grand Final.\u00a0\u00a0<\/span><\/p>\n<p>&nbsp;<\/p>\n<p style=\"text-align: left;\"><span style=\"color: #f60000; font-size: 14px;\"><b>II &#8211; Grand Final<\/b>\u00a0<\/span><\/p>\n<p style=\"text-align: left;\"><span style=\"font-size: 14px;\">Three violinists will present a major concerto for violin and orchestra with the Orchestre symphonique de Montr\u00e9al. The choice of concerto must be selected from the works listed in Appendix 2 of the rules document. Any other choice of concerto is subject to prior approval from the CMIM.\u00a0<\/span><\/p>\n<p>&nbsp;<\/p>\n<p style=\"text-align: left;\"><span style=\"color: #ff0000;\">_______________<\/span><\/p>\n<p>&nbsp;<\/p>\n<h2 style=\"text-align: left;\"><span style=\"font-size: 14px;\"><span style=\"color: #f60000; font-size: 14px;\"><b>INFORMATION<\/b><\/span><\/span><\/h2>\n<p style=\"text-align: left;\"><span style=\"font-size: 14px;\">For any questions regarding submitting\u00a0an application, please contact: <a href=\"#Y2FuZGlkYXRlc0Bjb25jb3Vyc21vbnRyZWFsLmNh\" class=\"mailto\" rel=\"email\">candidates@concoursmontreal.ca<\/a><\/span><\/p>\n<p>&nbsp;<\/p>\n<p>&nbsp;<\/p>\n<p style=\"text-align: center;\"><span style=\"vertical-align: inherit;\"><a class=\"maxbutton-186 maxbutton maxbutton-concours-2026-en\" href=\"https:\/\/www.concoursmontreal.ca\/en\/violin-2026\/\"><span class='mb-text'>HOME - CONCOURS 2026<\/span><\/a><\/span><\/p>\n<p style=\"text-align: center;\"><span style=\"vertical-align: inherit;\"><a class=\"maxbutton-140 maxbutton maxbutton-tickets-and-packages\" href=\"https:\/\/www.concoursmontreal.ca\/en\/violin-2026\/box-office\/\"><span class='mb-text'>TICKETS AND PACKAGES<\/span><\/a><\/span><\/p>\n<p style=\"text-align: center;\"><span style=\"vertical-align: inherit;\"><a class=\"maxbutton-75 maxbutton maxbutton-support-the-concours\" href=\"https:\/\/www.concoursmontreal.ca\/en\/support\/donate\/\"><span class='mb-text'>SUPPORT THE CONCOURS<\/span><\/a><\/span><\/p>\n","protected":false},"excerpt":{"rendered":"<p>Concours 2026 &#8211; Information AND RULES Concours musical international de Montr\u00e9al &#8211; Violin 2026 May 27 through June 4, 2026. &nbsp; \u00a0 ELIGIBILITY The CMIM is an elite-level international competition open to classical violinists of all nationalities, born between 1995 and 2009, in the early stages of a professional performing career.\u00a0 Laureates from previous violin [&hellip;]<\/p>\n","protected":false},"author":1,"featured_media":0,"parent":38325,"menu_order":17,"comment_status":"closed","ping_status":"closed","template":"","meta":{"_acf_changed":false,"footnotes":""},"class_list":["post-40241","page","type-page","status-publish","hentry"],"acf":[],"featured_media_src_url":null,"_links":{"self":[{"href":"https:\/\/concoursmontreal.ca\/en\/wp-json\/wp\/v2\/pages\/40241","targetHints":{"allow":["GET"]}}],"collection":[{"href":"https:\/\/concoursmontreal.ca\/en\/wp-json\/wp\/v2\/pages"}],"about":[{"href":"https:\/\/concoursmontreal.ca\/en\/wp-json\/wp\/v2\/types\/page"}],"author":[{"embeddable":true,"href":"https:\/\/concoursmontreal.ca\/en\/wp-json\/wp\/v2\/users\/1"}],"replies":[{"embeddable":true,"href":"https:\/\/concoursmontreal.ca\/en\/wp-json\/wp\/v2\/comments?post=40241"}],"version-history":[{"count":6,"href":"https:\/\/concoursmontreal.ca\/en\/wp-json\/wp\/v2\/pages\/40241\/revisions"}],"predecessor-version":[{"id":42986,"href":"https:\/\/concoursmontreal.ca\/en\/wp-json\/wp\/v2\/pages\/40241\/revisions\/42986"}],"up":[{"embeddable":true,"href":"https:\/\/concoursmontreal.ca\/en\/wp-json\/wp\/v2\/pages\/38325"}],"wp:attachment":[{"href":"https:\/\/concoursmontreal.ca\/en\/wp-json\/wp\/v2\/media?parent=40241"}],"curies":[{"name":"wp","href":"https:\/\/api.w.org\/{rel}","templated":true}]}}