{"id":388,"date":"2015-03-01T19:36:59","date_gmt":"2015-03-02T00:36:59","guid":{"rendered":"http:\/\/concoursmontreal.ca\/?page_id=388"},"modified":"2026-04-01T16:31:29","modified_gmt":"2026-04-01T20:31:29","slug":"team","status":"publish","type":"page","link":"https:\/\/concoursmontreal.ca\/en\/team\/","title":{"rendered":"Contact"},"content":{"rendered":"<h2 style=\"text-align: left;\">CONTACT<\/h2>\n<p style=\"text-align: left;\"><img loading=\"lazy\" decoding=\"async\" class=\"aligncenter size-full wp-image-13433\" src=\"\/wp-content\/uploads\/2020\/07\/CMIM_bandeau.jpg\" alt=\"\" width=\"1200\" height=\"350\" srcset=\"\/wp-content\/uploads\/2020\/07\/CMIM_bandeau.jpg 1200w, \/wp-content\/uploads\/2020\/07\/CMIM_bandeau-768x224.jpg 768w\" sizes=\"auto, (max-width: 1200px) 100vw, 1200px\" \/><\/p>\n<p><strong><span style=\"font-size: 22px;\">Concours musical international de Montr\u00e9al<\/span><br \/><\/strong><\/p>\n<p><span style=\"font-size: 14px;\">305, Mont-Royal Avenue East<\/span><br \/><span style=\"font-size: 14px;\">Montr\u00e9al (Qu\u00e9bec) H2T 1P8<\/span><br \/><span style=\"font-size: 14px;\">Canada<\/span><\/p>\n<p><span style=\"font-size: 14px;\"><strong>Phone:<\/strong> 514-845-4108\u202c<\/span><br \/><span style=\"font-size: 14px;\">Toll free: 1 877-377-7951 (from America)<\/span><\/p>\n<p><strong><span style=\"font-size: 14px;\">E-mail<\/span><\/strong><br \/><span style=\"font-size: 14px;\"><a href=\"#aW5mb0Bjb25jb3Vyc21vbnRyZWFsLmNh\" class=\"mailto\" rel=\"email\">info@concoursmontreal.ca<\/a><\/span><\/p>\n<p>&nbsp;<\/p>\n<p><span style=\"color: #ff0000;\"><strong><span style=\"font-size: 16px;\">*\u00a0 *\u00a0 *<\/span><\/strong><\/span><\/p>\n<p><strong><span style=\"color: #ff0000; font-size: 22px;\">CONCOURS TEAM<br \/>and CONCOURS FOUNDATION<\/span><\/strong><\/p>\n<p>&nbsp;<\/p>\n<h2><span style=\"font-size: 14px; color: #ff0000;\"><strong>EXECUTIVE DIRECTOR<\/strong><\/span><\/h2>\n<address><span style=\"font-size: 14px;\"><strong>Chantal Poulin<\/strong><\/span><br \/><span class=\"phone\" style=\"font-size: 14px;\">514-845-4108, ext. 245<\/span><br \/><span style=\"font-size: 14px;\"><a href=\"#Y3BvdWxpbkBjb25jb3Vyc21vbnRyZWFsLmNh\" class=\"mailto\" rel=\"email\">cpoulin@concoursmontreal.ca<\/a><\/span><\/address>\n<address>\u00a0<\/address>\n<h2><span style=\"font-size: 14px; color: #fc4237;\"><strong><span class=\"NormalTextRun SpellingErrorV2Themed SCXW237565712 BCX0\">A<\/span><span class=\"NormalTextRun SpellingErrorV2Themed SCXW237565712 BCX0\">rtistic<\/span> <span class=\"NormalTextRun SpellingErrorV2Themed SCXW237565712 BCX0\">D<\/span><span class=\"NormalTextRun SpellingErrorV2Themed SCXW237565712 BCX0\">irector<\/span><\/strong><\/span><\/h2>\n<address><span style=\"font-size: 14px;\"><strong>Shira Gilbert<\/strong><\/span><br \/><span class=\"phone\" style=\"font-size: 14px;\">514-845-4108, ext. 235<\/span><br \/><span style=\"font-size: 14px;\"><a href=\"#c2dpbGJlcnRAY29uY291cnNtb250cmVhbC5jYQ==\" class=\"mailto\" rel=\"email\">sgilbert@concoursmontreal.ca<\/a><\/span><\/address>\n<h2>\u00a0<\/h2>\n<address>\n<h2><span style=\"font-size: 14px; color: #ff0000;\"><strong><span class=\"role\">FUNDRAISING AND DevelopmenT<\/span><\/strong><\/span><\/h2>\n<p><span style=\"font-size: 14px;\"><strong>Anne-Laure Colombani<br \/><\/strong><span data-olk-copy-source=\"MessageBody\">Director of Fundraising and Development<\/span><br \/>514-845-4108, ext. 232<br \/><a href=\"#PHNwYW4gZGF0YS1vbGstY29weS1zb3VyY2U9Ik1lc3NhZ2VCb2R5Ij5hbGNvbG9tYmFuaUBjb25jb3Vyc21vbnRyZWFsLmNhPC9zcGFuPg==\" class=\"mailto\" rel=\"email\"><span data-olk-copy-source=\"MessageBody\">alcolombani@concoursmontreal.ca<\/span><\/a><\/span><\/p>\n<p><span style=\"font-size: 14px;\"><span style=\"color: #000000;\"><strong>Charles Chiovato Rambaldo<br \/><\/strong>Assistant, Fundraising and Development<br \/><span class=\"phone\" style=\"font-size: 14px;\">514-845-4108, poste 233<\/span><br \/><a href=\"#Y2NoaW92YXRvQGNvbmNvdXJzbW9udHJlYWwuY2E=\" class=\"mailto\" rel=\"email\">cchiovato@concoursmontreal.ca<\/a><\/span><\/span><\/p>\n<p><span style=\"font-size: 14px;\"><strong><span style=\"color: #000000;\">Concours musical international de Montr\u00e9al F<\/span>oundation<\/strong><br \/><a href=\"#Zm9uZGF0aW9uQGNvbmNvdXJzbW9udHJlYWwuY2E=\" class=\"mailto\" rel=\"email\">fondation@concoursmontreal.ca<\/a><\/span><\/p>\n<p><span style=\"font-size: 14px;\"><span class=\"ui-provider ee bcx bcy bcz bda bdb bdc bdd bde bdf bdg bdh bdi bdj bdk bdl bdm bdn bdo bdp bdq bdr bds bdt bdu bdv bdw bdx bdy bdz bea beb bec bed bee\" dir=\"ltr\"><strong>Anna Buithieu<br \/><\/strong><\/span><span style=\"font-style: inherit; font-weight: inherit;\"><span style=\"font-style: inherit; font-weight: inherit; font-size: 14px;\">Liaison, Host families<\/span><br \/><a href=\"#ZmFtaWxsZXNAY29uY291cnNtb250cmVhbC5jYQ==\" class=\"mailto\" rel=\"email\">familles@concoursmontreal.ca<\/a><\/span><\/span><\/p>\n<p>&nbsp;<\/p>\n<h2><span style=\"font-size: 14px; color: #ff0000;\">COMMUNICATIONS AND MARKETING<\/span><\/h2>\n<p><span style=\"font-size: 14px;\"><strong>Claudine Jacques<br \/><\/strong><\/span><span class=\"phone\" style=\"font-size: 14px;\">Head, Communication &amp; Marketing<br \/>514-845-4108, poste 237<br \/><a href=\"#Y2phY3F1ZXNAY29uY291cnNtb250cmVhbC5jYQ==\" class=\"mailto\" rel=\"email\">cjacques@concoursmontreal.ca<\/a><\/span><\/p>\n<p>&nbsp;<\/p>\n<h2><span style=\"font-size: 14px; color: #ff0000;\"><strong>FINANCIAL SERVICES<\/strong><\/span><\/h2>\n<p><span style=\"font-size: 14px;\"><strong>Nathalie Allen<\/strong>, CPA<strong><br \/><\/strong><span class=\"role\">Financial Services Director<\/span><\/span><br \/><span class=\"phone\" style=\"font-size: 14px;\">514-845-4108, ext. 248<\/span><br \/><span style=\"font-size: 14px;\"><a href=\"#bmFsbGVuQGNvbmNvdXJzbW9udHJlYWwuY2E=\" class=\"mailto\" rel=\"email\">nallen@concoursmontreal.ca<\/a><\/span><\/address>\n<address><span style=\"font-size: 14px;\"><strong>Andr\u00e9 Mercier<br \/><\/strong><span class=\"role\">Accounting Technician<\/span><\/span><br \/><span class=\"phone\" style=\"font-size: 14px;\">514-845-4108, ext. 224<\/span><br \/><span style=\"font-size: 14px;\"><a href=\"#YW1lcmNpZXJAY29uY291cnNtb250cmVhbC5jYQ==\" class=\"mailto\" rel=\"email\">amercier@concoursmontreal.ca<\/a><\/span><\/address>\n<address>\n<p>&nbsp;<\/p>\n<p><span style=\"color: #ff0000;\"><strong><span style=\"font-size: 14px;\">PRODUCTION COORDINATOR<\/span><\/strong><\/span><\/p>\n<address>\n<p><span style=\"font-size: 14px;\"><strong>Pascal Pich\u00e9<\/strong><strong><br \/><\/strong><\/span><span class=\"phone\" style=\"font-size: 14px;\">514-845-4108, ext. 244<\/span><br \/><span style=\"font-size: 14px;\"><a href=\"#cHBpY2hlQGNvbmNvdXJzbW9udHJlYWwuY2E=\" class=\"mailto\" rel=\"email\">ppiche@concoursmontreal.ca<\/a><\/span><\/p>\n<p>&nbsp;<\/p>\n<h2><span style=\"font-size: 14px; color: #ff0000;\">ARTISTIc COORDINATOR<\/span><\/h2>\n<p><span style=\"font-size: 14px;\"><strong>Laurence Gauvin<br \/><\/strong><\/span><span class=\"phone\" style=\"font-size: 14px;\"><a href=\"#Y2FuZGlkYXRlc0Bjb25jb3Vyc21vbnRyZWFsLmNh\" class=\"mailto\" rel=\"email\">candidates@concoursmontreal.ca<\/a><\/span><\/p>\n<p>&nbsp;<\/p>\n<\/address>\n<\/address>\n<h2><span style=\"font-size: 14px; color: #ff0000;\">INFORMATION<\/span><\/h2>\n<p><span style=\"font-size: 14px;\"><span class=\"phone\"><a href=\"#aW5mb0Bjb25jb3Vyc21vbnRyZWFsLmNh\" class=\"mailto\" rel=\"email\">info@concoursmontreal.ca<\/a><\/span><strong><br \/><\/strong><strong><br \/><\/strong><\/span><\/p>\n<p><span style=\"font-size: 14px;\"><strong>Tam Photography<br \/><\/strong><a href=\"https:\/\/www.tamphotography.net\/\" target=\"_blank\" rel=\"noopener\">Photographer<\/a><\/span><span class=\"phone\" style=\"font-size: 14px;\"><br \/><\/span><\/p>\n<address>\u00a0<\/address>\n<p style=\"text-align: center;\"><span style=\"color: #ff0000;\"><strong><span style=\"font-size: 16px;\">*\u00a0 *\u00a0 *<\/span><\/strong><\/span><\/p>\n<p style=\"text-align: center;\"><strong>Facebook<\/strong><br \/><a href=\"https:\/\/www.facebook.com\/CMIMontreal\/\">https:\/\/www.facebook.com\/CMIMontreal<\/a><\/p>\n<p style=\"text-align: center;\"><strong>Instagram<\/strong><br \/><a href=\"https:\/\/www.instagram.com\/cmimontreal\" target=\"_blank\" rel=\"noopener noreferrer\">https:\/\/www.instagram.com\/cmimontreal<\/a><\/p>\n<p style=\"text-align: center;\"><strong>Linkedin<\/strong> <br \/><a href=\"https:\/\/www.linkedin.com\/company\/concoursmontreal\/\" target=\"_blank\" rel=\"noopener\">https:\/\/www.linkedin.com\/company\/concoursmontreal\/<\/a><\/p>\n<p style=\"text-align: center;\">\u00a0<\/p>\n<h2 style=\"text-align: center;\"><strong><span style=\"color: #ff0000;\"><span style=\"font-size: 16px;\">*\u00a0 *\u00a0 *<\/span><\/span><\/strong><\/h2>\n<h2 style=\"text-align: center;\"><strong>Submit a spontaneous application<\/strong><\/h2>\n<p style=\"text-align: center;\"><a class=\"maxbutton-76 maxbutton maxbutton-application\" href=\"mailto:cpoulin@concoursmontreal.ca\"><span class='mb-text'>Application<\/span><\/a><\/p>\n","protected":false},"excerpt":{"rendered":"<p>CONTACT Concours musical international de Montr\u00e9al 305, Mont-Royal Avenue EastMontr\u00e9al (Qu\u00e9bec) H2T 1P8Canada Phone: 514-845-4108\u202cToll free: 1 877-377-7951 (from America) E-mail &nbsp; *\u00a0 *\u00a0 * CONCOURS TEAMand CONCOURS FOUNDATION &nbsp; EXECUTIVE DIRECTOR Chantal Poulin514-845-4108, ext. 245 \u00a0 Artistic Director Shira Gilbert514-845-4108, ext. 235 \u00a0 FUNDRAISING AND DevelopmenT Anne-Laure ColombaniDirector of Fundraising and Development514-845-4108, ext. 232 [&hellip;]<\/p>\n","protected":false},"author":1,"featured_media":0,"parent":0,"menu_order":23,"comment_status":"closed","ping_status":"closed","template":"","meta":{"_acf_changed":false,"footnotes":""},"class_list":["post-388","page","type-page","status-publish","hentry"],"acf":[],"featured_media_src_url":null,"_links":{"self":[{"href":"https:\/\/concoursmontreal.ca\/en\/wp-json\/wp\/v2\/pages\/388","targetHints":{"allow":["GET"]}}],"collection":[{"href":"https:\/\/concoursmontreal.ca\/en\/wp-json\/wp\/v2\/pages"}],"about":[{"href":"https:\/\/concoursmontreal.ca\/en\/wp-json\/wp\/v2\/types\/page"}],"author":[{"embeddable":true,"href":"https:\/\/concoursmontreal.ca\/en\/wp-json\/wp\/v2\/users\/1"}],"replies":[{"embeddable":true,"href":"https:\/\/concoursmontreal.ca\/en\/wp-json\/wp\/v2\/comments?post=388"}],"version-history":[{"count":6,"href":"https:\/\/concoursmontreal.ca\/en\/wp-json\/wp\/v2\/pages\/388\/revisions"}],"predecessor-version":[{"id":42333,"href":"https:\/\/concoursmontreal.ca\/en\/wp-json\/wp\/v2\/pages\/388\/revisions\/42333"}],"wp:attachment":[{"href":"https:\/\/concoursmontreal.ca\/en\/wp-json\/wp\/v2\/media?parent=388"}],"curies":[{"name":"wp","href":"https:\/\/api.w.org\/{rel}","templated":true}]}}