{"id":33240,"date":"2024-03-14T20:11:38","date_gmt":"2024-03-15T00:11:38","guid":{"rendered":"https:\/\/www.concoursmontreal.ca\/?page_id=33240"},"modified":"2025-12-02T10:32:57","modified_gmt":"2025-12-02T15:32:57","slug":"job-opportunities","status":"publish","type":"page","link":"https:\/\/concoursmontreal.ca\/en\/about-us\/job-opportunities\/","title":{"rendered":"Job opportunities"},"content":{"rendered":"<h2 class=\"h3-style anim--fade--in\" style=\"text-align: left;\">Job opportunities<\/h2>\n<p><img loading=\"lazy\" decoding=\"async\" class=\"aligncenter size-full wp-image-40545\" src=\"\/wp-content\/uploads\/2025\/07\/Titre_job_CMIM-2025.jpg\" alt=\"\" width=\"1200\" height=\"350\" srcset=\"\/wp-content\/uploads\/2025\/07\/Titre_job_CMIM-2025.jpg 1200w, \/wp-content\/uploads\/2025\/07\/Titre_job_CMIM-2025-768x224.jpg 768w\" sizes=\"auto, (max-width: 1200px) 100vw, 1200px\" \/><\/p>\n<p style=\"text-align: left;\">Join the dynamic team at the Concours musical international de Montr\u00e9al and help promote the new generation of classical musicians!<\/p>\n<hr \/>\n<h2 style=\"text-align: center;\"><span style=\"color: #ff0000;\">Soumettre une candidature spontan\u00e9e<\/span><\/h2>\n<p style=\"text-align: center;\"><a class=\"maxbutton-76 maxbutton maxbutton-application\" href=\"mailto:cpoulin@concoursmontreal.ca\"><span class='mb-text'>Application<\/span><\/a><\/p>\n<p>&nbsp;<\/p>\n<p style=\"text-align: left;\"><span data-contrast=\"auto\">Le Concours encourage les personnes issues de communaut\u00e9s culturelles, de minorit\u00e9s ethniques, en situation de handicap \u00e0 postuler.\u00a0 <\/span><span data-ccp-props=\"{&quot;201341983&quot;:0,&quot;335559739&quot;:0,&quot;335559740&quot;:240}\">\u00a0<\/span><\/p>\n<p><a href=\"\/wp-content\/uploads\/2024\/05\/CMIM-recrutement.jpg\"><img loading=\"lazy\" decoding=\"async\" class=\"alignleft size-full wp-image-34922\" src=\"\/wp-content\/uploads\/2024\/05\/CMIM-recrutement.jpg\" alt=\"\" width=\"1200\" height=\"1200\" srcset=\"\/wp-content\/uploads\/2024\/05\/CMIM-recrutement.jpg 1200w, \/wp-content\/uploads\/2024\/05\/CMIM-recrutement-768x768.jpg 768w, \/wp-content\/uploads\/2024\/05\/CMIM-recrutement-80x80.jpg 80w\" sizes=\"auto, (max-width: 1200px) 100vw, 1200px\" \/><\/a><\/p>\n","protected":false},"excerpt":{"rendered":"<p>Job opportunities Join the dynamic team at the Concours musical international de Montr\u00e9al and help promote the new generation of classical musicians! Soumettre une candidature spontan\u00e9e &nbsp; Le Concours encourage les personnes issues de communaut\u00e9s culturelles, de minorit\u00e9s ethniques, en situation de handicap \u00e0 postuler.\u00a0 \u00a0<\/p>\n","protected":false},"author":1,"featured_media":0,"parent":384,"menu_order":7,"comment_status":"closed","ping_status":"closed","template":"","meta":{"_acf_changed":false,"footnotes":""},"class_list":["post-33240","page","type-page","status-publish","hentry"],"acf":[],"featured_media_src_url":null,"_links":{"self":[{"href":"https:\/\/concoursmontreal.ca\/en\/wp-json\/wp\/v2\/pages\/33240","targetHints":{"allow":["GET"]}}],"collection":[{"href":"https:\/\/concoursmontreal.ca\/en\/wp-json\/wp\/v2\/pages"}],"about":[{"href":"https:\/\/concoursmontreal.ca\/en\/wp-json\/wp\/v2\/types\/page"}],"author":[{"embeddable":true,"href":"https:\/\/concoursmontreal.ca\/en\/wp-json\/wp\/v2\/users\/1"}],"replies":[{"embeddable":true,"href":"https:\/\/concoursmontreal.ca\/en\/wp-json\/wp\/v2\/comments?post=33240"}],"version-history":[{"count":5,"href":"https:\/\/concoursmontreal.ca\/en\/wp-json\/wp\/v2\/pages\/33240\/revisions"}],"predecessor-version":[{"id":41650,"href":"https:\/\/concoursmontreal.ca\/en\/wp-json\/wp\/v2\/pages\/33240\/revisions\/41650"}],"up":[{"embeddable":true,"href":"https:\/\/concoursmontreal.ca\/en\/wp-json\/wp\/v2\/pages\/384"}],"wp:attachment":[{"href":"https:\/\/concoursmontreal.ca\/en\/wp-json\/wp\/v2\/media?parent=33240"}],"curies":[{"name":"wp","href":"https:\/\/api.w.org\/{rel}","templated":true}]}}