{"id":31393,"date":"2023-10-08T07:54:37","date_gmt":"2023-10-08T11:54:37","guid":{"rendered":"https:\/\/www.concoursmontreal.ca\/?page_id=31393"},"modified":"2024-07-26T12:29:40","modified_gmt":"2024-07-26T16:29:40","slug":"su-yeon-kim-et-losm","status":"publish","type":"page","link":"https:\/\/concoursmontreal.ca\/en\/listen\/su-yeon-kim-et-losm\/","title":{"rendered":"Su Yeon Kim et l&#8217;OSM"},"content":{"rendered":"<h2><strong>SU YEON KIM, GRAND LAUREATE PIANO 2021<\/strong><\/h2>\n<p>Osmo V\u00e4nsk\u00e4, conductor<\/p>\n<p>Orchestre symphonique de Montr\u00e9al (OSM)<\/p>\n<p>LUDWIG VAN BEETHOVEN: Piano Concerto No. 4<\/p>\n<p>Recorded at the Maison Symphonique de Montr\u00e9al on September 28, 2022<\/p>\n<p>&nbsp;<\/p>\n<div style=\"padding: 56.25% 0 0 0; position: relative;\"><iframe style=\"position: absolute; top: 0; left: 0; width: 100%; height: 100%;\" title=\"Su Yeon Kim - Beethoven - OSM 2023\" src=\"https:\/\/player.vimeo.com\/video\/836595775?badge=0&amp;autopause=0&amp;player_id=0&amp;app_id=58479\" frameborder=\"0\" allowfullscreen=\"allowfullscreen\" data-mce-fragment=\"1\"><\/iframe><\/div>\n","protected":false},"excerpt":{"rendered":"<p>SU YEON KIM, GRAND LAUREATE PIANO 2021 Osmo V\u00e4nsk\u00e4, conductor Orchestre symphonique de Montr\u00e9al (OSM) LUDWIG VAN BEETHOVEN: Piano Concerto No. 4 Recorded at the Maison Symphonique de Montr\u00e9al on September 28, 2022 &nbsp;<\/p>\n","protected":false},"author":1,"featured_media":0,"parent":21117,"menu_order":2,"comment_status":"closed","ping_status":"closed","template":"","meta":{"_acf_changed":false,"footnotes":""},"class_list":["post-31393","page","type-page","status-publish","hentry"],"acf":[],"featured_media_src_url":null,"_links":{"self":[{"href":"https:\/\/concoursmontreal.ca\/en\/wp-json\/wp\/v2\/pages\/31393","targetHints":{"allow":["GET"]}}],"collection":[{"href":"https:\/\/concoursmontreal.ca\/en\/wp-json\/wp\/v2\/pages"}],"about":[{"href":"https:\/\/concoursmontreal.ca\/en\/wp-json\/wp\/v2\/types\/page"}],"author":[{"embeddable":true,"href":"https:\/\/concoursmontreal.ca\/en\/wp-json\/wp\/v2\/users\/1"}],"replies":[{"embeddable":true,"href":"https:\/\/concoursmontreal.ca\/en\/wp-json\/wp\/v2\/comments?post=31393"}],"version-history":[{"count":2,"href":"https:\/\/concoursmontreal.ca\/en\/wp-json\/wp\/v2\/pages\/31393\/revisions"}],"predecessor-version":[{"id":31399,"href":"https:\/\/concoursmontreal.ca\/en\/wp-json\/wp\/v2\/pages\/31393\/revisions\/31399"}],"up":[{"embeddable":true,"href":"https:\/\/concoursmontreal.ca\/en\/wp-json\/wp\/v2\/pages\/21117"}],"wp:attachment":[{"href":"https:\/\/concoursmontreal.ca\/en\/wp-json\/wp\/v2\/media?parent=31393"}],"curies":[{"name":"wp","href":"https:\/\/api.w.org\/{rel}","templated":true}]}}