{"id":27083,"date":"2022-11-25T08:59:22","date_gmt":"2022-11-25T13:59:22","guid":{"rendered":"https:\/\/www.concoursmontreal.ca\/?page_id=27083"},"modified":"2023-10-08T08:02:03","modified_gmt":"2023-10-08T12:02:03","slug":"masterclasses-2022","status":"publish","type":"page","link":"https:\/\/concoursmontreal.ca\/en\/listen\/masterclasses-2022\/","title":{"rendered":"Voice 2022 &#8211; Masterclasses"},"content":{"rendered":"<h2 class=\"p2\" style=\"text-align: left;\"><b>MASTERCLASSES &amp; <strong>Round table<\/strong><\/b><\/h2>\n<p style=\"text-align: left;\"><img loading=\"lazy\" decoding=\"async\" class=\"aligncenter size-full wp-image-24045\" src=\"\/wp-content\/uploads\/2022\/05\/Voix2022_masterclasses.jpg\" alt=\"\" width=\"1200\" height=\"350\" srcset=\"\/wp-content\/uploads\/2022\/05\/Voix2022_masterclasses.jpg 1200w, \/wp-content\/uploads\/2022\/05\/Voix2022_masterclasses-768x224.jpg 768w\" sizes=\"auto, (max-width: 1200px) 100vw, 1200px\" \/><\/p>\n<p style=\"text-align: right;\"><a class=\"maxbutton-80 maxbutton maxbutton-more-news\" href=\"https:\/\/www.concoursmontreal.ca\/en\/news\/\"><span class='mb-text'>More news<\/span><\/a><\/p>\n<p>&nbsp;<\/p>\n<p style=\"text-align: left;\"><span style=\"font-size: 14px;\">Join the CMIM and major educational institutions in Montreal for singing lessons presented by members of the prestigious jury of the 2022 Voice edition.<\/span><\/p>\n<p style=\"text-align: left;\">Free entrance<\/p>\n<p>&nbsp;<\/p>\n<p style=\"text-align: left;\">\u00a0<\/p>\n<p><iframe loading=\"lazy\" title=\"YouTube video player\" src=\"https:\/\/www.youtube.com\/embed\/zfeTqQCjYB4\" width=\"560\" height=\"315\" frameborder=\"0\" allowfullscreen=\"allowfullscreen\" data-mce-fragment=\"1\"><\/iframe><\/p>\n<p>&nbsp;<\/p>\n<p>&nbsp;<\/p>\n<p style=\"text-align: left;\"><span style=\"color: #fc4237;\"><strong><span style=\"font-size: 16px;\">\u2022<\/span><\/strong><\/span><strong style=\"color: #fc4237; font-size: 16px; text-align: left; font-style: normal;\"> JUNE 2, 2 P.M.<\/strong><\/p>\n<p style=\"text-align: left;\"><strong>With Christine Sch\u00e4fer<\/strong><\/p>\n<p style=\"text-align: left;\">Conservatoire de musique de Montr\u00e9al, Concert Hall<\/p>\n<p style=\"text-align: left;\">4750 Henri-Julien avenue<\/p>\n<p style=\"text-align: left;\"><strong>Participants:<\/strong> Klara Martel Laroche, Justine Ledoux-Hutchinson, Natasha Henry and Marianne Ruel<\/p>\n<p style=\"text-align: left;\">\u00a0<\/p>\n<p style=\"text-align: left;\"><strong><span style=\"color: #fc4237; font-size: 16px;\">\u2022 JUNE 2, 5 P.M.<\/span><\/strong><\/p>\n<p style=\"text-align: left;\"><strong>With Robert Holl<\/strong><\/p>\n<p style=\"text-align: left;\">Universit\u00e9 de Montr\u00e9al, Serge-Garant Hall<\/p>\n<p style=\"text-align: left;\">200 Vincent-d\u2019Indy avenue<\/p>\n<p style=\"font-weight: 400; text-align: left;\"><strong>Participants:<\/strong> Queen Hezumuryango, mezzo-soprano, Juliette Tacchino, soprano, Emmanuel Hasler, tenor, Michel-Alexandre Brokaert, piano ans Tony Stauffer, piano\u00a0<\/p>\n<p style=\"text-align: left;\">\u00a0<\/p>\n<p style=\"text-align: left;\"><strong><span style=\"color: #fc4237; font-size: 16px;\">\u2022 JUNE 3, 2 P.M.<\/span><\/strong><\/p>\n<p style=\"text-align: left;\"><strong>With Adrianne Pieczonka<\/strong><\/p>\n<p style=\"text-align: left;\">McGill University, Tanna Schulich Hall<\/p>\n<p style=\"text-align: left;\">527 Sherbrooke Street West<\/p>\n<p style=\"font-weight: 400; text-align: left;\"><strong>Participants:<\/strong> Ruth Acheampong, Olivia LaPointe, Caitlyn McConnell, Nicholas Murphy, Alexis Reed et Jingjing Xu<\/p>\n<p style=\"text-align: left;\">\u00a0<\/p>\n<p style=\"text-align: left;\">\u00a0<\/p>\n<p style=\"text-align: left;\"><span style=\"font-size: 16px;\"><strong><span style=\"color: #fc4237;\">\u2022 JUNE 4, 3 P.M.<\/span><\/strong><\/span><\/p>\n<p style=\"text-align: left;\"><strong>With Sir Thomas Allen<\/strong><\/p>\n<p style=\"text-align: left;\">Bourgie Hall<\/p>\n<p style=\"text-align: left;\">1339 Sherbrooke Street West<\/p>\n<p style=\"text-align: left;\"><strong>Participants: <\/strong>Bruno Roy, Olivier Bergeron, Matthew Li and Florence Borget<\/p>\n<hr \/>\n<p style=\"text-align: left;\"><strong><span style=\"color: #fc4237; font-size: 16px;\">The pianist, an essential partner<\/span><\/strong><\/p>\n<p style=\"text-align: left;\"><strong><span style=\"color: #fc4237; font-size: 16px;\">\u2022 JUNE 4, 2 P.M.<\/span><\/strong><\/p>\n<p style=\"text-align: left;\"><strong>Special event &#8211; Round table open to all<\/strong><\/p>\n<p class=\"p2\" style=\"text-align: left;\">Pianists specializing in piano accompaniment or as collaborative pianists are in great demand by singers. Learn more about this musical specialty by attending, free of charge, a round table discussion on the subject given on Saturday, June 4 at 2 p.m. at Bourgie Hall. This event, moderated by Kelly Rice, is in partnership with the Universit\u00e9 de Montr\u00e9al and McGill University in association with the new McGill-UdeM Piano Vocal Residency.<\/p>\n<p style=\"text-align: left;\">Bourgie Hall<\/p>\n<p style=\"text-align: left;\">1339 Sherbrooke Street West<\/p>\n<p>&nbsp;<\/p>\n<p><iframe loading=\"lazy\" title=\"YouTube video player\" src=\"https:\/\/www.youtube.com\/embed\/6ah_trXsB6I\" width=\"560\" height=\"315\" frameborder=\"0\" allowfullscreen=\"allowfullscreen\" data-mce-fragment=\"1\"><\/iframe><\/p>\n<p>&nbsp;<\/p>\n<p><strong>The CMIM thanks it masterclass partner<\/strong><\/p>\n<p style=\"text-align: center;\"><span style=\"color: #fc4237;\"><strong>Fondation JM Canada<\/strong><\/span><\/p>\n<p style=\"text-align: center;\"><img loading=\"lazy\" decoding=\"async\" class=\"aligncenter  wp-image-12229\" src=\"\/wp-content\/uploads\/2020\/04\/FJM-Canada-2.jpg\" alt=\"\" width=\"171\" height=\"75\" \/><\/p>\n<p style=\"text-align: left;\">\u00a0<\/p>\n<p style=\"text-align: left;\">Thank you to our contributors\u00a0: Atelier lyrique de l\u2019Op\u00e9ra de Montr\u00e9al I Conservatoire de musique de Montr\u00e9al I \u00c9cole de musique Schulich de l\u2019Universit\u00e9 McGill I Universit\u00e9 de Montr\u00e9al.<\/p>\n<a class=\"maxbutton-75 maxbutton maxbutton-support-the-concours\" href=\"https:\/\/www.concoursmontreal.ca\/en\/support\/donate\/\"><span class='mb-text'>SUPPORT THE CONCOURS<\/span><\/a>\n<a class=\"maxbutton-80 maxbutton maxbutton-more-news\" href=\"https:\/\/www.concoursmontreal.ca\/en\/news\/\"><span class='mb-text'>More news<\/span><\/a>\n","protected":false},"excerpt":{"rendered":"<p>MASTERCLASSES &amp; Round table &nbsp; Join the CMIM and major educational institutions in Montreal for singing lessons presented by members of the prestigious jury of the 2022 Voice edition. Free entrance &nbsp; \u00a0 &nbsp; &nbsp; \u2022 JUNE 2, 2 P.M. With Christine Sch\u00e4fer Conservatoire de musique de Montr\u00e9al, Concert Hall 4750 Henri-Julien avenue Participants: Klara [&hellip;]<\/p>\n","protected":false},"author":1,"featured_media":0,"parent":21117,"menu_order":5,"comment_status":"closed","ping_status":"closed","template":"","meta":{"_acf_changed":false,"footnotes":""},"class_list":["post-27083","page","type-page","status-publish","hentry"],"acf":[],"featured_media_src_url":null,"_links":{"self":[{"href":"https:\/\/concoursmontreal.ca\/en\/wp-json\/wp\/v2\/pages\/27083","targetHints":{"allow":["GET"]}}],"collection":[{"href":"https:\/\/concoursmontreal.ca\/en\/wp-json\/wp\/v2\/pages"}],"about":[{"href":"https:\/\/concoursmontreal.ca\/en\/wp-json\/wp\/v2\/types\/page"}],"author":[{"embeddable":true,"href":"https:\/\/concoursmontreal.ca\/en\/wp-json\/wp\/v2\/users\/1"}],"replies":[{"embeddable":true,"href":"https:\/\/concoursmontreal.ca\/en\/wp-json\/wp\/v2\/comments?post=27083"}],"version-history":[{"count":4,"href":"https:\/\/concoursmontreal.ca\/en\/wp-json\/wp\/v2\/pages\/27083\/revisions"}],"predecessor-version":[{"id":27099,"href":"https:\/\/concoursmontreal.ca\/en\/wp-json\/wp\/v2\/pages\/27083\/revisions\/27099"}],"up":[{"embeddable":true,"href":"https:\/\/concoursmontreal.ca\/en\/wp-json\/wp\/v2\/pages\/21117"}],"wp:attachment":[{"href":"https:\/\/concoursmontreal.ca\/en\/wp-json\/wp\/v2\/media?parent=27083"}],"curies":[{"name":"wp","href":"https:\/\/api.w.org\/{rel}","templated":true}]}}